{"id":42893,"date":"2017-05-04T08:28:53","date_gmt":"2017-05-04T06:28:53","guid":{"rendered":"https:\/\/www.moritz-gebaeudereinigung.de\/obseg-storitev\/"},"modified":"2024-10-01T12:30:26","modified_gmt":"2024-10-01T10:30:26","slug":"obseg-storitev","status":"publish","type":"page","link":"https:\/\/www.moritz-gebaeudereinigung.de\/sl\/obseg-storitev\/","title":{"rendered":"Obseg storitev"},"content":{"rendered":"<div class=\"wpb-content-wrapper\"><p>[vc_row][vc_column][vc_column_text]<img loading=\"lazy\" decoding=\"async\" class=\"alignnone wp-image-146 size-full\" src=\"https:\/\/www.moritz-gebaeudereinigung.de\/wp-content\/uploads\/leistungen400-1.jpg\" alt=\"Spomladansko \u010di\u0161\u010denje\" width=\"1200\" height=\"400\" srcset=\"https:\/\/www.moritz-gebaeudereinigung.de\/wp-content\/uploads\/leistungen400-1.jpg 1200w, https:\/\/www.moritz-gebaeudereinigung.de\/wp-content\/uploads\/leistungen400-1-600x200.jpg 600w, https:\/\/www.moritz-gebaeudereinigung.de\/wp-content\/uploads\/leistungen400-1-300x100.jpg 300w, https:\/\/www.moritz-gebaeudereinigung.de\/wp-content\/uploads\/leistungen400-1-768x256.jpg 768w, https:\/\/www.moritz-gebaeudereinigung.de\/wp-content\/uploads\/leistungen400-1-800x267.jpg 800w, https:\/\/www.moritz-gebaeudereinigung.de\/wp-content\/uploads\/leistungen400-1-951x317.jpg 951w\" sizes=\"auto, (max-width: 1200px) 100vw, 1200px\" \/>[\/vc_column_text][\/vc_column][\/vc_row][vc_row][vc_column][vc_empty_space height=&#8221;64px&#8221;][\/vc_column][\/vc_row][vc_row][vc_column width=&#8221;1\/3&#8243;][vc_column_text]<\/p>\n<h2>Storitve<\/h2>\n<p>[\/vc_column_text][vc_wp_custommenu nav_menu=&#8221;3&#8243;][\/vc_column][vc_column width=&#8221;2\/3&#8243;][vc_column_text]<\/p>\n<h1>Na\u0161 nabor storitev<\/h1>\n<p>[\/vc_column_text][vc_column_text]Od leta 1954 smo &#8211; zdaj \u017ee v tretji generaciji &#8211; va\u0161 partner za skoraj vse storitve \u010di\u0161\u010denja.<br \/>\nSmo inovativno in dinami\u010dno podjetje s potrebno prilagodljivostjo.<br \/>\nZ veseljem vam ponudimo privla\u010dne in prilagojene re\u0161itve.<br \/>\nStopite v stik z nami![\/vc_column_text][vc_row_inner][vc_column_inner width=&#8221;1\/6&#8243;][vc_single_image image=&#8221;206&#8243;][\/vc_column_inner][vc_column_inner width=&#8221;1\/6&#8243;][vc_single_image image=&#8221;207&#8243;][\/vc_column_inner][vc_column_inner width=&#8221;1\/6&#8243;][vc_single_image image=&#8221;204&#8243;][\/vc_column_inner][vc_column_inner width=&#8221;1\/6&#8243;][vc_single_image image=&#8221;208&#8243;][\/vc_column_inner][vc_column_inner width=&#8221;1\/6&#8243;][vc_single_image image=&#8221;209&#8243;][\/vc_column_inner][vc_column_inner width=&#8221;1\/6&#8243;][vc_single_image image=&#8221;205&#8243;][\/vc_column_inner][\/vc_row_inner][\/vc_column][\/vc_row][vc_row][vc_column][vc_empty_space height=&#8221;64px&#8221;][\/vc_column][\/vc_row]<\/p>\n<\/div>","protected":false},"excerpt":{"rendered":"<p>[vc_row][vc_column][vc_column_text][\/vc_column_text][\/vc_column][\/vc_row][vc_row][vc_column][vc_empty_space height=&#8221;64px&#8221;][\/vc_column][\/vc_row][vc_row][vc_column width=&#8221;1\/3&#8243;][vc_column_text] Storitve [\/vc_column_text][vc_wp_custommenu nav_menu=&#8221;3&#8243;][\/vc_column][vc_column width=&#8221;2\/3&#8243;][vc_column_text] Na\u0161 nabor storitev [\/vc_column_text][vc_column_text]Od leta 1954 smo &#8211; zdaj \u017ee v tretji generaciji &#8211; va\u0161 partner za skoraj vse storitve \u010di\u0161\u010denja. Smo inovativno in dinami\u010dno podjetje s potrebno prilagodljivostjo. Z veseljem vam ponudimo privla\u010dne in prilagojene re\u0161itve. Stopite v stik z nami![\/vc_column_text][vc_row_inner][vc_column_inner width=&#8221;1\/6&#8243;][vc_single_image image=&#8221;206&#8243;][\/vc_column_inner][vc_column_inner width=&#8221;1\/6&#8243;][vc_single_image image=&#8221;207&#8243;][\/vc_column_inner][vc_column_inner width=&#8221;1\/6&#8243;][vc_single_image image=&#8221;204&#8243;][\/vc_column_inner][vc_column_inner [&hellip;]<\/p>\n","protected":false},"author":1,"featured_media":0,"parent":0,"menu_order":0,"comment_status":"closed","ping_status":"closed","template":"","meta":{"footnotes":""},"class_list":["post-42893","page","type-page","status-publish","hentry"],"yoast_head":"<!-- This site is optimized with the Yoast SEO plugin v27.5 - https:\/\/yoast.com\/product\/yoast-seo-wordpress\/ -->\n<title>Na\u0161a ponudba storitev na podro\u010dju \u010disto\u010de in higiene<\/title>\n<meta name=\"description\" content=\"\u010ci\u0161\u010denje stekla, vzdr\u017eevalno \u010di\u0161\u010denje, \u010di\u0161\u010denje preprog in oblazinjenja, \u010di\u0161\u010denje fasad, \u010di\u0161\u010denje solarnih sistemov, \u010di\u0161\u010denje gradbenih objektov, dezinfekcija ...\" \/>\n<meta name=\"robots\" content=\"index, follow, max-snippet:-1, max-image-preview:large, max-video-preview:-1\" \/>\n<link rel=\"canonical\" href=\"https:\/\/www.moritz-gebaeudereinigung.de\/sl\/obseg-storitev\/\" \/>\n<meta property=\"og:locale\" content=\"sl_SI\" \/>\n<meta property=\"og:type\" content=\"article\" \/>\n<meta property=\"og:title\" content=\"Na\u0161a ponudba storitev na podro\u010dju \u010disto\u010de in higiene\" \/>\n<meta property=\"og:description\" content=\"\u010ci\u0161\u010denje stekla, vzdr\u017eevalno \u010di\u0161\u010denje, \u010di\u0161\u010denje preprog in oblazinjenja, \u010di\u0161\u010denje fasad, \u010di\u0161\u010denje solarnih sistemov, \u010di\u0161\u010denje gradbenih objektov, dezinfekcija ...\" \/>\n<meta property=\"og:url\" content=\"https:\/\/www.moritz-gebaeudereinigung.de\/sl\/obseg-storitev\/\" \/>\n<meta property=\"og:site_name\" content=\"Moritz Geb\u00e4udereinigung\" \/>\n<meta property=\"article:publisher\" content=\"https:\/\/www.facebook.com\/MoritzGebaeudereinigung\/\" \/>\n<meta property=\"article:modified_time\" content=\"2024-10-01T10:30:26+00:00\" \/>\n<meta property=\"og:image\" content=\"https:\/\/www.moritz-gebaeudereinigung.de\/wp-content\/uploads\/leistungen400-1.jpg\" \/>\n<meta name=\"twitter:card\" content=\"summary_large_image\" \/>\n<meta name=\"twitter:label1\" content=\"Est. reading time\" \/>\n\t<meta name=\"twitter:data1\" content=\"1 minuta\" \/>\n<script type=\"application\/ld+json\" class=\"yoast-schema-graph\">{\"@context\":\"https:\\\/\\\/schema.org\",\"@graph\":[{\"@type\":\"WebPage\",\"@id\":\"https:\\\/\\\/www.moritz-gebaeudereinigung.de\\\/sl\\\/obseg-storitev\\\/\",\"url\":\"https:\\\/\\\/www.moritz-gebaeudereinigung.de\\\/sl\\\/obseg-storitev\\\/\",\"name\":\"Na\u0161a ponudba storitev na podro\u010dju \u010disto\u010de in higiene\",\"isPartOf\":{\"@id\":\"https:\\\/\\\/www.moritz-gebaeudereinigung.de\\\/sl\\\/#website\"},\"primaryImageOfPage\":{\"@id\":\"https:\\\/\\\/www.moritz-gebaeudereinigung.de\\\/sl\\\/obseg-storitev\\\/#primaryimage\"},\"image\":{\"@id\":\"https:\\\/\\\/www.moritz-gebaeudereinigung.de\\\/sl\\\/obseg-storitev\\\/#primaryimage\"},\"thumbnailUrl\":\"https:\\\/\\\/www.moritz-gebaeudereinigung.de\\\/wp-content\\\/uploads\\\/leistungen400-1.jpg\",\"datePublished\":\"2017-05-04T06:28:53+00:00\",\"dateModified\":\"2024-10-01T10:30:26+00:00\",\"description\":\"\u010ci\u0161\u010denje stekla, vzdr\u017eevalno \u010di\u0161\u010denje, \u010di\u0161\u010denje preprog in oblazinjenja, \u010di\u0161\u010denje fasad, \u010di\u0161\u010denje solarnih sistemov, \u010di\u0161\u010denje gradbenih objektov, dezinfekcija ...\",\"breadcrumb\":{\"@id\":\"https:\\\/\\\/www.moritz-gebaeudereinigung.de\\\/sl\\\/obseg-storitev\\\/#breadcrumb\"},\"inLanguage\":\"sl-SI\",\"potentialAction\":[{\"@type\":\"ReadAction\",\"target\":[\"https:\\\/\\\/www.moritz-gebaeudereinigung.de\\\/sl\\\/obseg-storitev\\\/\"]}]},{\"@type\":\"ImageObject\",\"inLanguage\":\"sl-SI\",\"@id\":\"https:\\\/\\\/www.moritz-gebaeudereinigung.de\\\/sl\\\/obseg-storitev\\\/#primaryimage\",\"url\":\"https:\\\/\\\/www.moritz-gebaeudereinigung.de\\\/wp-content\\\/uploads\\\/leistungen400-1.jpg\",\"contentUrl\":\"https:\\\/\\\/www.moritz-gebaeudereinigung.de\\\/wp-content\\\/uploads\\\/leistungen400-1.jpg\"},{\"@type\":\"BreadcrumbList\",\"@id\":\"https:\\\/\\\/www.moritz-gebaeudereinigung.de\\\/sl\\\/obseg-storitev\\\/#breadcrumb\",\"itemListElement\":[{\"@type\":\"ListItem\",\"position\":1,\"name\":\"Startseite\",\"item\":\"https:\\\/\\\/www.moritz-gebaeudereinigung.de\\\/sl\\\/\"},{\"@type\":\"ListItem\",\"position\":2,\"name\":\"Obseg storitev\"}]},{\"@type\":\"WebSite\",\"@id\":\"https:\\\/\\\/www.moritz-gebaeudereinigung.de\\\/sl\\\/#website\",\"url\":\"https:\\\/\\\/www.moritz-gebaeudereinigung.de\\\/sl\\\/\",\"name\":\"Moritz Geb\u00e4udereinigung\",\"description\":\"\",\"publisher\":{\"@id\":\"https:\\\/\\\/www.moritz-gebaeudereinigung.de\\\/sl\\\/#organization\"},\"potentialAction\":[{\"@type\":\"SearchAction\",\"target\":{\"@type\":\"EntryPoint\",\"urlTemplate\":\"https:\\\/\\\/www.moritz-gebaeudereinigung.de\\\/sl\\\/?s={search_term_string}\"},\"query-input\":{\"@type\":\"PropertyValueSpecification\",\"valueRequired\":true,\"valueName\":\"search_term_string\"}}],\"inLanguage\":\"sl-SI\"},{\"@type\":\"Organization\",\"@id\":\"https:\\\/\\\/www.moritz-gebaeudereinigung.de\\\/sl\\\/#organization\",\"name\":\"Moritz Geb\u00e4udereinigung GmbH\",\"url\":\"https:\\\/\\\/www.moritz-gebaeudereinigung.de\\\/sl\\\/\",\"logo\":{\"@type\":\"ImageObject\",\"inLanguage\":\"sl-SI\",\"@id\":\"https:\\\/\\\/www.moritz-gebaeudereinigung.de\\\/sl\\\/#\\\/schema\\\/logo\\\/image\\\/\",\"url\":\"https:\\\/\\\/www.moritz-gebaeudereinigung.de\\\/wp-content\\\/uploads\\\/moritz.png\",\"contentUrl\":\"https:\\\/\\\/www.moritz-gebaeudereinigung.de\\\/wp-content\\\/uploads\\\/moritz.png\",\"width\":800,\"height\":210,\"caption\":\"Moritz Geb\u00e4udereinigung GmbH\"},\"image\":{\"@id\":\"https:\\\/\\\/www.moritz-gebaeudereinigung.de\\\/sl\\\/#\\\/schema\\\/logo\\\/image\\\/\"},\"sameAs\":[\"https:\\\/\\\/www.facebook.com\\\/MoritzGebaeudereinigung\\\/\"]}]}<\/script>\n<!-- \/ Yoast SEO plugin. -->","yoast_head_json":{"title":"Na\u0161a ponudba storitev na podro\u010dju \u010disto\u010de in higiene","description":"\u010ci\u0161\u010denje stekla, vzdr\u017eevalno \u010di\u0161\u010denje, \u010di\u0161\u010denje preprog in oblazinjenja, \u010di\u0161\u010denje fasad, \u010di\u0161\u010denje solarnih sistemov, \u010di\u0161\u010denje gradbenih objektov, dezinfekcija ...","robots":{"index":"index","follow":"follow","max-snippet":"max-snippet:-1","max-image-preview":"max-image-preview:large","max-video-preview":"max-video-preview:-1"},"canonical":"https:\/\/www.moritz-gebaeudereinigung.de\/sl\/obseg-storitev\/","og_locale":"sl_SI","og_type":"article","og_title":"Na\u0161a ponudba storitev na podro\u010dju \u010disto\u010de in higiene","og_description":"\u010ci\u0161\u010denje stekla, vzdr\u017eevalno \u010di\u0161\u010denje, \u010di\u0161\u010denje preprog in oblazinjenja, \u010di\u0161\u010denje fasad, \u010di\u0161\u010denje solarnih sistemov, \u010di\u0161\u010denje gradbenih objektov, dezinfekcija ...","og_url":"https:\/\/www.moritz-gebaeudereinigung.de\/sl\/obseg-storitev\/","og_site_name":"Moritz Geb\u00e4udereinigung","article_publisher":"https:\/\/www.facebook.com\/MoritzGebaeudereinigung\/","article_modified_time":"2024-10-01T10:30:26+00:00","og_image":[{"url":"https:\/\/www.moritz-gebaeudereinigung.de\/wp-content\/uploads\/leistungen400-1.jpg","type":"","width":"","height":""}],"twitter_card":"summary_large_image","twitter_misc":{"Est. reading time":"1 minuta"},"schema":{"@context":"https:\/\/schema.org","@graph":[{"@type":"WebPage","@id":"https:\/\/www.moritz-gebaeudereinigung.de\/sl\/obseg-storitev\/","url":"https:\/\/www.moritz-gebaeudereinigung.de\/sl\/obseg-storitev\/","name":"Na\u0161a ponudba storitev na podro\u010dju \u010disto\u010de in higiene","isPartOf":{"@id":"https:\/\/www.moritz-gebaeudereinigung.de\/sl\/#website"},"primaryImageOfPage":{"@id":"https:\/\/www.moritz-gebaeudereinigung.de\/sl\/obseg-storitev\/#primaryimage"},"image":{"@id":"https:\/\/www.moritz-gebaeudereinigung.de\/sl\/obseg-storitev\/#primaryimage"},"thumbnailUrl":"https:\/\/www.moritz-gebaeudereinigung.de\/wp-content\/uploads\/leistungen400-1.jpg","datePublished":"2017-05-04T06:28:53+00:00","dateModified":"2024-10-01T10:30:26+00:00","description":"\u010ci\u0161\u010denje stekla, vzdr\u017eevalno \u010di\u0161\u010denje, \u010di\u0161\u010denje preprog in oblazinjenja, \u010di\u0161\u010denje fasad, \u010di\u0161\u010denje solarnih sistemov, \u010di\u0161\u010denje gradbenih objektov, dezinfekcija ...","breadcrumb":{"@id":"https:\/\/www.moritz-gebaeudereinigung.de\/sl\/obseg-storitev\/#breadcrumb"},"inLanguage":"sl-SI","potentialAction":[{"@type":"ReadAction","target":["https:\/\/www.moritz-gebaeudereinigung.de\/sl\/obseg-storitev\/"]}]},{"@type":"ImageObject","inLanguage":"sl-SI","@id":"https:\/\/www.moritz-gebaeudereinigung.de\/sl\/obseg-storitev\/#primaryimage","url":"https:\/\/www.moritz-gebaeudereinigung.de\/wp-content\/uploads\/leistungen400-1.jpg","contentUrl":"https:\/\/www.moritz-gebaeudereinigung.de\/wp-content\/uploads\/leistungen400-1.jpg"},{"@type":"BreadcrumbList","@id":"https:\/\/www.moritz-gebaeudereinigung.de\/sl\/obseg-storitev\/#breadcrumb","itemListElement":[{"@type":"ListItem","position":1,"name":"Startseite","item":"https:\/\/www.moritz-gebaeudereinigung.de\/sl\/"},{"@type":"ListItem","position":2,"name":"Obseg storitev"}]},{"@type":"WebSite","@id":"https:\/\/www.moritz-gebaeudereinigung.de\/sl\/#website","url":"https:\/\/www.moritz-gebaeudereinigung.de\/sl\/","name":"Moritz Geb\u00e4udereinigung","description":"","publisher":{"@id":"https:\/\/www.moritz-gebaeudereinigung.de\/sl\/#organization"},"potentialAction":[{"@type":"SearchAction","target":{"@type":"EntryPoint","urlTemplate":"https:\/\/www.moritz-gebaeudereinigung.de\/sl\/?s={search_term_string}"},"query-input":{"@type":"PropertyValueSpecification","valueRequired":true,"valueName":"search_term_string"}}],"inLanguage":"sl-SI"},{"@type":"Organization","@id":"https:\/\/www.moritz-gebaeudereinigung.de\/sl\/#organization","name":"Moritz Geb\u00e4udereinigung GmbH","url":"https:\/\/www.moritz-gebaeudereinigung.de\/sl\/","logo":{"@type":"ImageObject","inLanguage":"sl-SI","@id":"https:\/\/www.moritz-gebaeudereinigung.de\/sl\/#\/schema\/logo\/image\/","url":"https:\/\/www.moritz-gebaeudereinigung.de\/wp-content\/uploads\/moritz.png","contentUrl":"https:\/\/www.moritz-gebaeudereinigung.de\/wp-content\/uploads\/moritz.png","width":800,"height":210,"caption":"Moritz Geb\u00e4udereinigung GmbH"},"image":{"@id":"https:\/\/www.moritz-gebaeudereinigung.de\/sl\/#\/schema\/logo\/image\/"},"sameAs":["https:\/\/www.facebook.com\/MoritzGebaeudereinigung\/"]}]}},"_links":{"self":[{"href":"https:\/\/www.moritz-gebaeudereinigung.de\/sl\/wp-json\/wp\/v2\/pages\/42893","targetHints":{"allow":["GET"]}}],"collection":[{"href":"https:\/\/www.moritz-gebaeudereinigung.de\/sl\/wp-json\/wp\/v2\/pages"}],"about":[{"href":"https:\/\/www.moritz-gebaeudereinigung.de\/sl\/wp-json\/wp\/v2\/types\/page"}],"author":[{"embeddable":true,"href":"https:\/\/www.moritz-gebaeudereinigung.de\/sl\/wp-json\/wp\/v2\/users\/1"}],"replies":[{"embeddable":true,"href":"https:\/\/www.moritz-gebaeudereinigung.de\/sl\/wp-json\/wp\/v2\/comments?post=42893"}],"version-history":[{"count":0,"href":"https:\/\/www.moritz-gebaeudereinigung.de\/sl\/wp-json\/wp\/v2\/pages\/42893\/revisions"}],"wp:attachment":[{"href":"https:\/\/www.moritz-gebaeudereinigung.de\/sl\/wp-json\/wp\/v2\/media?parent=42893"}],"curies":[{"name":"wp","href":"https:\/\/api.w.org\/{rel}","templated":true}]}}