{"id":42906,"date":"2017-05-04T08:32:59","date_gmt":"2017-05-04T06:32:59","guid":{"rendered":"https:\/\/www.moritz-gebaeudereinigung.de\/obseg-storitev\/ciscenje-stekla\/"},"modified":"2024-10-02T10:54:52","modified_gmt":"2024-10-02T08:54:52","slug":"ciscenje-stekla","status":"publish","type":"page","link":"https:\/\/www.moritz-gebaeudereinigung.de\/sl\/obseg-storitev\/ciscenje-stekla\/","title":{"rendered":"\u010ci\u0161\u010denje stekla"},"content":{"rendered":"<div class=\"wpb-content-wrapper\"><p>[vc_row][vc_column][vc_column_text]<img loading=\"lazy\" decoding=\"async\" class=\"alignnone wp-image-146 size-full\" src=\"https:\/\/www.moritz-gebaeudereinigung.de\/wp-content\/uploads\/leistungen400-1.jpg\" alt=\"Spomladansko \u010di\u0161\u010denje\" width=\"1200\" height=\"400\" srcset=\"https:\/\/www.moritz-gebaeudereinigung.de\/wp-content\/uploads\/leistungen400-1.jpg 1200w, https:\/\/www.moritz-gebaeudereinigung.de\/wp-content\/uploads\/leistungen400-1-600x200.jpg 600w, https:\/\/www.moritz-gebaeudereinigung.de\/wp-content\/uploads\/leistungen400-1-300x100.jpg 300w, https:\/\/www.moritz-gebaeudereinigung.de\/wp-content\/uploads\/leistungen400-1-768x256.jpg 768w, https:\/\/www.moritz-gebaeudereinigung.de\/wp-content\/uploads\/leistungen400-1-800x267.jpg 800w, https:\/\/www.moritz-gebaeudereinigung.de\/wp-content\/uploads\/leistungen400-1-951x317.jpg 951w\" sizes=\"auto, (max-width: 1200px) 100vw, 1200px\" \/>[\/vc_column_text][\/vc_column][\/vc_row][vc_row][vc_column][vc_empty_space height=&#8221;64px&#8221;][\/vc_column][\/vc_row][vc_row][vc_column width=&#8221;1\/3&#8243;][vc_column_text]<\/p>\n<h2>Storitve<\/h2>\n<p>[\/vc_column_text][vc_wp_custommenu nav_menu=&#8221;3&#8243;][\/vc_column][vc_column width=&#8221;2\/3&#8243;][vc_column_text]<\/p>\n<h1>\u010ci\u0161\u010denje stekla<\/h1>\n<p>[\/vc_column_text][vc_single_image image=&#8221;42859&#8243; img_size=&#8221;full&#8221;][vc_column_text css=&#8221;&#8221;]\u010ci\u0161\u010denje stekla vklju\u010duje \u010di\u0161\u010denje zasteklitve na eni, dveh ali ve\u010d straneh. \u010ci\u0161\u010denje stekla vklju\u010duje \u010di\u0161\u010denje in vzdr\u017eevanje okvirjev in obrob. \u010ci\u0161\u010denje stekla vklju\u010duje \u010di\u0161\u010denje oken z okvirji ali brez njih, \u010di\u0161\u010denje steklenih vrat in pregrad, \u010di\u0161\u010denje steklenih blokov, \u010di\u0161\u010denje industrijskih stekel, zimskih vrtov, \u010di\u0161\u010denje steklenih streh in drugih steklenih konstrukcij ter \u010di\u0161\u010denje izlo\u017eb.<\/p>\n<p>Kot mojstri v stroki \u010di\u0161\u010denja stavb poznamo vsako okensko konstrukcijo. Na\u0161i zaposleni so se svojega poklica nau\u010dili od samega za\u010detka. Vedo, kako strokovno o\u010distiti in vzdr\u017eevati va\u0161e steklene povr\u0161ine.Na nek na\u010din je \u010di\u0161\u010denje stekla tudi vpra\u0161anje varnosti. Strokovnjaki pozorno spremljajo predpise o prepre\u010devanju nezgod, ki jih dolo\u010da zdru\u017eenje za zavarovanje odgovornosti delodajalcev.<\/p>\n<p>To je tudi pomembna to\u010dka za vse stranke pri naro\u010dilu \u010di\u0161\u010denja stekla. Steklene povr\u0161ine je treba redno \u010distiti, zlasti \u010de imajo poleg funkcionalnega tudi reprezentativni pomen. To velja tako za okna kot tudi za vrata, predelne stene, steklene bloke, steklene strope in strehe. Del tega so tudi okviri in okvirji. Glede na material in povr\u0161ino lahko zahtevajo celo posebno \u010di\u0161\u010denje.<\/p>\n<p>Za \u010di\u0161\u010denje zelo velikih steklenih povr\u0161in z vi\u0161ino do 14 metrov \u017ee leta uporabljamo demineralizirano vodo in na\u0161 sistem ogljikovih palic.<\/p>\n<p>To varuje okolje in zagotavlja najbolj\u0161e rezultate v najkraj\u0161em mo\u017enem \u010dasu.[\/vc_column_text][\/vc_column][\/vc_row][vc_row][vc_column][vc_empty_space height=&#8221;64px&#8221;][\/vc_column][\/vc_row]<\/p>\n<\/div>","protected":false},"excerpt":{"rendered":"<p>[vc_row][vc_column][vc_column_text][\/vc_column_text][\/vc_column][\/vc_row][vc_row][vc_column][vc_empty_space height=&#8221;64px&#8221;][\/vc_column][\/vc_row][vc_row][vc_column width=&#8221;1\/3&#8243;][vc_column_text] Storitve [\/vc_column_text][vc_wp_custommenu nav_menu=&#8221;3&#8243;][\/vc_column][vc_column width=&#8221;2\/3&#8243;][vc_column_text] \u010ci\u0161\u010denje stekla [\/vc_column_text][vc_single_image image=&#8221;42859&#8243; img_size=&#8221;full&#8221;][vc_column_text css=&#8221;&#8221;]\u010ci\u0161\u010denje stekla vklju\u010duje \u010di\u0161\u010denje zasteklitve na eni, dveh ali ve\u010d straneh. \u010ci\u0161\u010denje stekla vklju\u010duje \u010di\u0161\u010denje in vzdr\u017eevanje okvirjev in obrob. \u010ci\u0161\u010denje stekla vklju\u010duje \u010di\u0161\u010denje oken z okvirji ali brez njih, \u010di\u0161\u010denje steklenih vrat in pregrad, \u010di\u0161\u010denje steklenih blokov, \u010di\u0161\u010denje industrijskih stekel, zimskih vrtov, [&hellip;]<\/p>\n","protected":false},"author":1,"featured_media":0,"parent":42893,"menu_order":0,"comment_status":"closed","ping_status":"closed","template":"","meta":{"footnotes":""},"class_list":["post-42906","page","type-page","status-publish","hentry"],"yoast_head":"<!-- This site is optimized with the Yoast SEO plugin v27.5 - https:\/\/yoast.com\/product\/yoast-seo-wordpress\/ -->\n<title>\u010ci\u0161\u010denje stekla - za popoln pogled<\/title>\n<meta name=\"description\" content=\"Okna, steklena vrata, steklene pregrade, stekleni bloki, industrijske zasteklitve, zimski vrtovi, steklene strehe in izlo\u017ebe.\" \/>\n<meta name=\"robots\" content=\"index, follow, max-snippet:-1, max-image-preview:large, max-video-preview:-1\" \/>\n<link rel=\"canonical\" href=\"https:\/\/www.moritz-gebaeudereinigung.de\/sl\/obseg-storitev\/ciscenje-stekla\/\" \/>\n<meta property=\"og:locale\" content=\"sl_SI\" \/>\n<meta property=\"og:type\" content=\"article\" \/>\n<meta property=\"og:title\" content=\"\u010ci\u0161\u010denje stekla - za popoln pogled\" \/>\n<meta property=\"og:description\" content=\"Okna, steklena vrata, steklene pregrade, stekleni bloki, industrijske zasteklitve, zimski vrtovi, steklene strehe in izlo\u017ebe.\" \/>\n<meta property=\"og:url\" content=\"https:\/\/www.moritz-gebaeudereinigung.de\/sl\/obseg-storitev\/ciscenje-stekla\/\" \/>\n<meta property=\"og:site_name\" content=\"Moritz Geb\u00e4udereinigung\" \/>\n<meta property=\"article:publisher\" content=\"https:\/\/www.facebook.com\/MoritzGebaeudereinigung\/\" \/>\n<meta property=\"article:modified_time\" content=\"2024-10-02T08:54:52+00:00\" \/>\n<meta property=\"og:image\" content=\"https:\/\/www.moritz-gebaeudereinigung.de\/wp-content\/uploads\/leistungen400-1.jpg\" \/>\n<meta name=\"twitter:card\" content=\"summary_large_image\" \/>\n<meta name=\"twitter:label1\" content=\"Est. reading time\" \/>\n\t<meta name=\"twitter:data1\" content=\"2 minuti\" \/>\n<script type=\"application\/ld+json\" class=\"yoast-schema-graph\">{\"@context\":\"https:\\\/\\\/schema.org\",\"@graph\":[{\"@type\":\"WebPage\",\"@id\":\"https:\\\/\\\/www.moritz-gebaeudereinigung.de\\\/sl\\\/obseg-storitev\\\/ciscenje-stekla\\\/\",\"url\":\"https:\\\/\\\/www.moritz-gebaeudereinigung.de\\\/sl\\\/obseg-storitev\\\/ciscenje-stekla\\\/\",\"name\":\"\u010ci\u0161\u010denje stekla - za popoln pogled\",\"isPartOf\":{\"@id\":\"https:\\\/\\\/www.moritz-gebaeudereinigung.de\\\/sl\\\/#website\"},\"primaryImageOfPage\":{\"@id\":\"https:\\\/\\\/www.moritz-gebaeudereinigung.de\\\/sl\\\/obseg-storitev\\\/ciscenje-stekla\\\/#primaryimage\"},\"image\":{\"@id\":\"https:\\\/\\\/www.moritz-gebaeudereinigung.de\\\/sl\\\/obseg-storitev\\\/ciscenje-stekla\\\/#primaryimage\"},\"thumbnailUrl\":\"https:\\\/\\\/www.moritz-gebaeudereinigung.de\\\/wp-content\\\/uploads\\\/leistungen400-1.jpg\",\"datePublished\":\"2017-05-04T06:32:59+00:00\",\"dateModified\":\"2024-10-02T08:54:52+00:00\",\"description\":\"Okna, steklena vrata, steklene pregrade, stekleni bloki, industrijske zasteklitve, zimski vrtovi, steklene strehe in izlo\u017ebe.\",\"breadcrumb\":{\"@id\":\"https:\\\/\\\/www.moritz-gebaeudereinigung.de\\\/sl\\\/obseg-storitev\\\/ciscenje-stekla\\\/#breadcrumb\"},\"inLanguage\":\"sl-SI\",\"potentialAction\":[{\"@type\":\"ReadAction\",\"target\":[\"https:\\\/\\\/www.moritz-gebaeudereinigung.de\\\/sl\\\/obseg-storitev\\\/ciscenje-stekla\\\/\"]}]},{\"@type\":\"ImageObject\",\"inLanguage\":\"sl-SI\",\"@id\":\"https:\\\/\\\/www.moritz-gebaeudereinigung.de\\\/sl\\\/obseg-storitev\\\/ciscenje-stekla\\\/#primaryimage\",\"url\":\"https:\\\/\\\/www.moritz-gebaeudereinigung.de\\\/wp-content\\\/uploads\\\/leistungen400-1.jpg\",\"contentUrl\":\"https:\\\/\\\/www.moritz-gebaeudereinigung.de\\\/wp-content\\\/uploads\\\/leistungen400-1.jpg\"},{\"@type\":\"BreadcrumbList\",\"@id\":\"https:\\\/\\\/www.moritz-gebaeudereinigung.de\\\/sl\\\/obseg-storitev\\\/ciscenje-stekla\\\/#breadcrumb\",\"itemListElement\":[{\"@type\":\"ListItem\",\"position\":1,\"name\":\"Startseite\",\"item\":\"https:\\\/\\\/www.moritz-gebaeudereinigung.de\\\/sl\\\/\"},{\"@type\":\"ListItem\",\"position\":2,\"name\":\"Obseg storitev\",\"item\":\"https:\\\/\\\/www.moritz-gebaeudereinigung.de\\\/sl\\\/?page_id=42893\"},{\"@type\":\"ListItem\",\"position\":3,\"name\":\"\u010ci\u0161\u010denje stekla\"}]},{\"@type\":\"WebSite\",\"@id\":\"https:\\\/\\\/www.moritz-gebaeudereinigung.de\\\/sl\\\/#website\",\"url\":\"https:\\\/\\\/www.moritz-gebaeudereinigung.de\\\/sl\\\/\",\"name\":\"Moritz Geb\u00e4udereinigung\",\"description\":\"\",\"publisher\":{\"@id\":\"https:\\\/\\\/www.moritz-gebaeudereinigung.de\\\/sl\\\/#organization\"},\"potentialAction\":[{\"@type\":\"SearchAction\",\"target\":{\"@type\":\"EntryPoint\",\"urlTemplate\":\"https:\\\/\\\/www.moritz-gebaeudereinigung.de\\\/sl\\\/?s={search_term_string}\"},\"query-input\":{\"@type\":\"PropertyValueSpecification\",\"valueRequired\":true,\"valueName\":\"search_term_string\"}}],\"inLanguage\":\"sl-SI\"},{\"@type\":\"Organization\",\"@id\":\"https:\\\/\\\/www.moritz-gebaeudereinigung.de\\\/sl\\\/#organization\",\"name\":\"Moritz Geb\u00e4udereinigung GmbH\",\"url\":\"https:\\\/\\\/www.moritz-gebaeudereinigung.de\\\/sl\\\/\",\"logo\":{\"@type\":\"ImageObject\",\"inLanguage\":\"sl-SI\",\"@id\":\"https:\\\/\\\/www.moritz-gebaeudereinigung.de\\\/sl\\\/#\\\/schema\\\/logo\\\/image\\\/\",\"url\":\"https:\\\/\\\/www.moritz-gebaeudereinigung.de\\\/wp-content\\\/uploads\\\/moritz.png\",\"contentUrl\":\"https:\\\/\\\/www.moritz-gebaeudereinigung.de\\\/wp-content\\\/uploads\\\/moritz.png\",\"width\":800,\"height\":210,\"caption\":\"Moritz Geb\u00e4udereinigung GmbH\"},\"image\":{\"@id\":\"https:\\\/\\\/www.moritz-gebaeudereinigung.de\\\/sl\\\/#\\\/schema\\\/logo\\\/image\\\/\"},\"sameAs\":[\"https:\\\/\\\/www.facebook.com\\\/MoritzGebaeudereinigung\\\/\"]}]}<\/script>\n<!-- \/ Yoast SEO plugin. -->","yoast_head_json":{"title":"\u010ci\u0161\u010denje stekla - za popoln pogled","description":"Okna, steklena vrata, steklene pregrade, stekleni bloki, industrijske zasteklitve, zimski vrtovi, steklene strehe in izlo\u017ebe.","robots":{"index":"index","follow":"follow","max-snippet":"max-snippet:-1","max-image-preview":"max-image-preview:large","max-video-preview":"max-video-preview:-1"},"canonical":"https:\/\/www.moritz-gebaeudereinigung.de\/sl\/obseg-storitev\/ciscenje-stekla\/","og_locale":"sl_SI","og_type":"article","og_title":"\u010ci\u0161\u010denje stekla - za popoln pogled","og_description":"Okna, steklena vrata, steklene pregrade, stekleni bloki, industrijske zasteklitve, zimski vrtovi, steklene strehe in izlo\u017ebe.","og_url":"https:\/\/www.moritz-gebaeudereinigung.de\/sl\/obseg-storitev\/ciscenje-stekla\/","og_site_name":"Moritz Geb\u00e4udereinigung","article_publisher":"https:\/\/www.facebook.com\/MoritzGebaeudereinigung\/","article_modified_time":"2024-10-02T08:54:52+00:00","og_image":[{"url":"https:\/\/www.moritz-gebaeudereinigung.de\/wp-content\/uploads\/leistungen400-1.jpg","type":"","width":"","height":""}],"twitter_card":"summary_large_image","twitter_misc":{"Est. reading time":"2 minuti"},"schema":{"@context":"https:\/\/schema.org","@graph":[{"@type":"WebPage","@id":"https:\/\/www.moritz-gebaeudereinigung.de\/sl\/obseg-storitev\/ciscenje-stekla\/","url":"https:\/\/www.moritz-gebaeudereinigung.de\/sl\/obseg-storitev\/ciscenje-stekla\/","name":"\u010ci\u0161\u010denje stekla - za popoln pogled","isPartOf":{"@id":"https:\/\/www.moritz-gebaeudereinigung.de\/sl\/#website"},"primaryImageOfPage":{"@id":"https:\/\/www.moritz-gebaeudereinigung.de\/sl\/obseg-storitev\/ciscenje-stekla\/#primaryimage"},"image":{"@id":"https:\/\/www.moritz-gebaeudereinigung.de\/sl\/obseg-storitev\/ciscenje-stekla\/#primaryimage"},"thumbnailUrl":"https:\/\/www.moritz-gebaeudereinigung.de\/wp-content\/uploads\/leistungen400-1.jpg","datePublished":"2017-05-04T06:32:59+00:00","dateModified":"2024-10-02T08:54:52+00:00","description":"Okna, steklena vrata, steklene pregrade, stekleni bloki, industrijske zasteklitve, zimski vrtovi, steklene strehe in izlo\u017ebe.","breadcrumb":{"@id":"https:\/\/www.moritz-gebaeudereinigung.de\/sl\/obseg-storitev\/ciscenje-stekla\/#breadcrumb"},"inLanguage":"sl-SI","potentialAction":[{"@type":"ReadAction","target":["https:\/\/www.moritz-gebaeudereinigung.de\/sl\/obseg-storitev\/ciscenje-stekla\/"]}]},{"@type":"ImageObject","inLanguage":"sl-SI","@id":"https:\/\/www.moritz-gebaeudereinigung.de\/sl\/obseg-storitev\/ciscenje-stekla\/#primaryimage","url":"https:\/\/www.moritz-gebaeudereinigung.de\/wp-content\/uploads\/leistungen400-1.jpg","contentUrl":"https:\/\/www.moritz-gebaeudereinigung.de\/wp-content\/uploads\/leistungen400-1.jpg"},{"@type":"BreadcrumbList","@id":"https:\/\/www.moritz-gebaeudereinigung.de\/sl\/obseg-storitev\/ciscenje-stekla\/#breadcrumb","itemListElement":[{"@type":"ListItem","position":1,"name":"Startseite","item":"https:\/\/www.moritz-gebaeudereinigung.de\/sl\/"},{"@type":"ListItem","position":2,"name":"Obseg storitev","item":"https:\/\/www.moritz-gebaeudereinigung.de\/sl\/?page_id=42893"},{"@type":"ListItem","position":3,"name":"\u010ci\u0161\u010denje stekla"}]},{"@type":"WebSite","@id":"https:\/\/www.moritz-gebaeudereinigung.de\/sl\/#website","url":"https:\/\/www.moritz-gebaeudereinigung.de\/sl\/","name":"Moritz Geb\u00e4udereinigung","description":"","publisher":{"@id":"https:\/\/www.moritz-gebaeudereinigung.de\/sl\/#organization"},"potentialAction":[{"@type":"SearchAction","target":{"@type":"EntryPoint","urlTemplate":"https:\/\/www.moritz-gebaeudereinigung.de\/sl\/?s={search_term_string}"},"query-input":{"@type":"PropertyValueSpecification","valueRequired":true,"valueName":"search_term_string"}}],"inLanguage":"sl-SI"},{"@type":"Organization","@id":"https:\/\/www.moritz-gebaeudereinigung.de\/sl\/#organization","name":"Moritz Geb\u00e4udereinigung GmbH","url":"https:\/\/www.moritz-gebaeudereinigung.de\/sl\/","logo":{"@type":"ImageObject","inLanguage":"sl-SI","@id":"https:\/\/www.moritz-gebaeudereinigung.de\/sl\/#\/schema\/logo\/image\/","url":"https:\/\/www.moritz-gebaeudereinigung.de\/wp-content\/uploads\/moritz.png","contentUrl":"https:\/\/www.moritz-gebaeudereinigung.de\/wp-content\/uploads\/moritz.png","width":800,"height":210,"caption":"Moritz Geb\u00e4udereinigung GmbH"},"image":{"@id":"https:\/\/www.moritz-gebaeudereinigung.de\/sl\/#\/schema\/logo\/image\/"},"sameAs":["https:\/\/www.facebook.com\/MoritzGebaeudereinigung\/"]}]}},"_links":{"self":[{"href":"https:\/\/www.moritz-gebaeudereinigung.de\/sl\/wp-json\/wp\/v2\/pages\/42906","targetHints":{"allow":["GET"]}}],"collection":[{"href":"https:\/\/www.moritz-gebaeudereinigung.de\/sl\/wp-json\/wp\/v2\/pages"}],"about":[{"href":"https:\/\/www.moritz-gebaeudereinigung.de\/sl\/wp-json\/wp\/v2\/types\/page"}],"author":[{"embeddable":true,"href":"https:\/\/www.moritz-gebaeudereinigung.de\/sl\/wp-json\/wp\/v2\/users\/1"}],"replies":[{"embeddable":true,"href":"https:\/\/www.moritz-gebaeudereinigung.de\/sl\/wp-json\/wp\/v2\/comments?post=42906"}],"version-history":[{"count":0,"href":"https:\/\/www.moritz-gebaeudereinigung.de\/sl\/wp-json\/wp\/v2\/pages\/42906\/revisions"}],"up":[{"embeddable":true,"href":"https:\/\/www.moritz-gebaeudereinigung.de\/sl\/wp-json\/wp\/v2\/pages\/42893"}],"wp:attachment":[{"href":"https:\/\/www.moritz-gebaeudereinigung.de\/sl\/wp-json\/wp\/v2\/media?parent=42906"}],"curies":[{"name":"wp","href":"https:\/\/api.w.org\/{rel}","templated":true}]}}