{"id":42911,"date":"2017-05-02T10:45:09","date_gmt":"2017-05-02T08:45:09","guid":{"rendered":"https:\/\/www.moritz-gebaeudereinigung.de\/moritz-gebaeudereinigung-gmbh\/"},"modified":"2024-10-02T10:44:19","modified_gmt":"2024-10-02T08:44:19","slug":"moritz-gebaeudereinigung-gmbh","status":"publish","type":"page","link":"https:\/\/www.moritz-gebaeudereinigung.de\/sl\/","title":{"rendered":"Moritz Geb\u00e4udereinigung GmbH"},"content":{"rendered":"<div class=\"wpb-content-wrapper\"><p>[vc_row full_width=&#8221;stretch_row_content_no_spaces&#8221; el_id=&#8221;home&#8221;][vc_column][vc_raw_html]PGRpdiBpZD0idmlkZW9pbnRybyI+Cjx2aWRlbyBkZWZhdWx0bXV0ZWQ9IiIgYXV0b3BsYXk9IiIgcGxheXNpbmxpbmU9IiIgbXV0ZWQ9IiIgbG9vcD0iIj4KICAgPHNvdXJjZSBzcmM9Imh0dHBzOi8vd3d3Lm1vcml0ei1nZWJhZXVkZXJlaW5pZ3VuZy5kZS93cC1jb250ZW50L3VwbG9hZHMvbW9yaXR6LWludHJvLm1wNCIgdHlwZT0idmlkZW8vbXA0Ij4KPC9zb3VyY2U+PC92aWRlbz4KPC9kaXY+[\/vc_raw_html][vc_column_text el_class=&#8221;newsticker&#8221;]<div id=\"mtphr-dnt-42916\" class=\"mtphr-dnt mtphr-dnt-42916 mtphr-dnt-mixed mtphr-dnt-scroll mtphr-dnt-scroll-left\"><div class=\"mtphr-dnt-wrapper mtphr-dnt-clearfix\"><div class=\"mtphr-dnt-tick-container\"><div class=\"mtphr-dnt-tick-contents\"><div class=\"mtphr-dnt-tick mtphr-dnt-default-tick mtphr-dnt-clearfix \"><a href=\"https:\/\/www.moritz-gebaeudereinigung.de\/karriere\/\" target=\"_self\">\u010cistilec stavb (m\/\u017e\/d) takoj za polni in kraj\u0161i delovni \u010das za Remscheid in okolico<\/a><\/div><div class=\"mtphr-dnt-tick mtphr-dnt-default-tick mtphr-dnt-clearfix \"><a href=\"https:\/\/www.moritz-gebaeudereinigung.de\/karriere\/\" target=\"_self\">Pripravni\u0161tvo za \u010distilca stavb (m\/\u017e\/d) s takoj\u0161njim u\u010dinkom v Remscheidu<\/a><\/div><div class=\"mtphr-dnt-tick mtphr-dnt-default-tick mtphr-dnt-clearfix \"><a href=\"https:\/\/www.moritz-gebaeudereinigung.de\/karriere\/\" target=\"_self\">Nadstandardno pla\u010dilo (glede na kvalifikacije)<\/a><\/div><div class=\"mtphr-dnt-tick mtphr-dnt-default-tick mtphr-dnt-clearfix \"><a href=\"https:\/\/www.moritz-gebaeudereinigung.de\/karriere\/\" target=\"_self\">Z uspe\u0161nostjo povezani, neobdav\u010deni bonusi od 6 mesecev zaposlitve dalje.<\/a><\/div><div class=\"mtphr-dnt-tick mtphr-dnt-default-tick mtphr-dnt-clearfix \"><a href=\"https:\/\/www.moritz-gebaeudereinigung.de\/karriere\/\" target=\"_self\">Sodelovanje pri zaposlitvenem vozovnici<\/a><\/div><\/div><\/div><\/div><\/div>[\/vc_column_text][\/vc_column][\/vc_row][vc_row][vc_column width=&#8221;1\/4&#8243; el_class=&#8221;stoerer&#8221; offset=&#8221;vc_col-lg-3 vc_col-md-3 vc_col-xs-6&#8243;][vc_single_image image=&#8221;42886&#8243; img_size=&#8221;full&#8221; onclick=&#8221;custom_link&#8221; css=&#8221;&#8221; link=&#8221;https:\/\/www.moritz-gebaeudereinigung.de\/sl\/kariera\/&#8221;][\/vc_column][\/vc_row][vc_row disable_element=&#8221;yes&#8221;][vc_column][vc_column_text][rev_slider_vc alias=&#8221;start-1&#8243;][vc_column_text]<div id=\"mtphr-dnt-42916\" class=\"mtphr-dnt mtphr-dnt-42916 mtphr-dnt-mixed mtphr-dnt-scroll mtphr-dnt-scroll-left\"><div class=\"mtphr-dnt-wrapper mtphr-dnt-clearfix\"><div class=\"mtphr-dnt-tick-container\"><div class=\"mtphr-dnt-tick-contents\"><div class=\"mtphr-dnt-tick mtphr-dnt-default-tick mtphr-dnt-clearfix \"><a href=\"https:\/\/www.moritz-gebaeudereinigung.de\/karriere\/\" target=\"_self\">\u010cistilec stavb (m\/\u017e\/d) takoj za polni in kraj\u0161i delovni \u010das za Remscheid in okolico<\/a><\/div><div class=\"mtphr-dnt-tick mtphr-dnt-default-tick mtphr-dnt-clearfix \"><a href=\"https:\/\/www.moritz-gebaeudereinigung.de\/karriere\/\" target=\"_self\">Pripravni\u0161tvo za \u010distilca stavb (m\/\u017e\/d) s takoj\u0161njim u\u010dinkom v Remscheidu<\/a><\/div><div class=\"mtphr-dnt-tick mtphr-dnt-default-tick mtphr-dnt-clearfix \"><a href=\"https:\/\/www.moritz-gebaeudereinigung.de\/karriere\/\" target=\"_self\">Nadstandardno pla\u010dilo (glede na kvalifikacije)<\/a><\/div><div class=\"mtphr-dnt-tick mtphr-dnt-default-tick mtphr-dnt-clearfix \"><a href=\"https:\/\/www.moritz-gebaeudereinigung.de\/karriere\/\" target=\"_self\">Z uspe\u0161nostjo povezani, neobdav\u010deni bonusi od 6 mesecev zaposlitve dalje.<\/a><\/div><div class=\"mtphr-dnt-tick mtphr-dnt-default-tick mtphr-dnt-clearfix \"><a href=\"https:\/\/www.moritz-gebaeudereinigung.de\/karriere\/\" target=\"_self\">Sodelovanje pri zaposlitvenem vozovnici<\/a><\/div><\/div><\/div><\/div><\/div>[\/vc_column_text][\/vc_column][\/vc_row][vc_row][vc_column][vc_empty_space height=&#8221;150px&#8221;][vc_column_text]<\/p>\n<h1 style=\"text-align: center;\">Moritz Geb\u00e4udereinigung GmbH<\/h1>\n<p>[\/vc_column_text][\/vc_column][\/vc_row][vc_row][vc_column width=&#8221;1\/2&#8243;][vc_column_text css=&#8221;&#8221;]Od leta 1954 smo &#8211; zdaj \u017ee v tretji generaciji &#8211; va\u0161 partner za skoraj vse storitve \u010di\u0161\u010denja. Smo inovativno in dinami\u010dno podjetje s potrebno prilagodljivostjo.<\/p>\n<p>Od vzdr\u017eevalnega \u010di\u0161\u010denja do \u010di\u0161\u010denja in dezinfekcije fasad &#8211; ponujamo vse, kar pri\u010dakujete od usposobljenega mojstrskega podjetja.<\/p>\n<p>Z veseljem vam ponudimo privla\u010dne in prilagojene re\u0161itve.<br \/>\nStopite v stik z nami![\/vc_column_text][\/vc_column][vc_column width=&#8221;1\/2&#8243;][vc_column_text]Vedno imamo v mislih trajnostni razvoj.<br \/>\nNa\u0161e pisarne se na primer ogrevajo z geotermalno energijo, pralni stroji za komercialno perilo pa se napajajo z vodo iz solarnega termalnega sistema.[\/vc_column_text][vc_column_text]Imate \u0161e kak\u0161no vpra\u0161anje?<br \/>\nPovejte nam, veselimo se va\u0161ega odgovora![\/vc_column_text][\/vc_column][\/vc_row][vc_row][vc_column][vc_empty_space][vc_separator el_width=&#8221;70&#8243;][vc_empty_space][\/vc_column][\/vc_row][vc_row][vc_column width=&#8221;1\/6&#8243; offset=&#8221;vc_col-xs-4&#8243;][vc_single_image image=&#8221;42854&#8243; img_size=&#8221;full&#8221;][\/vc_column][vc_column width=&#8221;1\/6&#8243; offset=&#8221;vc_col-xs-4&#8243;][vc_single_image image=&#8221;42855&#8243; img_size=&#8221;full&#8221;][\/vc_column][vc_column width=&#8221;1\/6&#8243; offset=&#8221;vc_col-xs-4&#8243;][vc_single_image image=&#8221;42852&#8243; img_size=&#8221;full&#8221;][\/vc_column][vc_column width=&#8221;1\/6&#8243; offset=&#8221;vc_col-xs-4&#8243;][vc_single_image image=&#8221;42856&#8243; img_size=&#8221;full&#8221;][\/vc_column][vc_column width=&#8221;1\/6&#8243; offset=&#8221;vc_col-xs-4&#8243;][vc_single_image image=&#8221;42857&#8243; img_size=&#8221;full&#8221;][\/vc_column][vc_column width=&#8221;1\/6&#8243; offset=&#8221;vc_col-xs-4&#8243;][vc_single_image image=&#8221;42853&#8243; img_size=&#8221;full&#8221;][\/vc_column][\/vc_row][vc_row][vc_column][vc_empty_space][vc_separator el_width=&#8221;70&#8243;][vc_empty_space][\/vc_column][\/vc_row][vc_row][vc_column][vc_single_image image=&#8221;42882&#8243; img_size=&#8221;full&#8221; alignment=&#8221;center&#8221;][vc_column_text]<\/p>\n<h2 style=\"text-align: center;\">Na\u0161a nova in u\u010dinkovita tehnologija \u010di\u0161\u010denja fasad<\/h2>\n<p>[\/vc_column_text][vc_column_text css=&#8221;&#8221;]<\/p>\n<div class=\"wpb_text_column wpb_content_element vc_custom_1576152948867\">\n<div class=\"wpb_wrapper\">\n<p style=\"text-align: center;\">Izkoristite brezpla\u010dno poskusno obmo\u010dje.<br \/>\nPokli\u010dite nas in se dogovorite za sestanek: <a href=\"tel:+49219161999\">+49 2191 61999<\/a><\/p>\n<\/div>\n<\/div>\n<p>[\/vc_column_text][vc_btn title=&#8221;Ve\u010d informacij najdete tukaj&#8221; style=&#8221;flat&#8221; shape=&#8221;square&#8221; align=&#8221;center&#8221; css=&#8221;&#8221; link=&#8221;url:https%3A%2F%2Fwww.moritz-gebaeudereinigung.de%2Fsl%2Fobseg-storitev%2Fciscenje-fasad%2F|title:%C4%8Ci%C5%A1%C4%8Denje%20fasad&#8221;][\/vc_column][\/vc_row][vc_row full_width=&#8221;stretch_row&#8221; content_placement=&#8221;middle&#8221; el_class=&#8221;e-bike&#8221;][vc_column width=&#8221;2\/3&#8243;][vc_column_text]<\/p>\n<h3>Odslej tudi z e-kolesom do stranke.<br \/>\nPodpiramo varstvo podnebja!<\/h3>\n<p>Moritz to po\u010dne bolje.<br \/>\nNova e-kolesa so preprosto zabavna, na poti do stranke pa ne skrbimo le za zdravje in telesno pripravljenost, temve\u010d tudi pomembno prispevamo k varovanju podnebja.<br \/>\nV sodelovanju s podjetjem <a href=\"https:\/\/www.bikeleasing.de\/\" target=\"_blank\" rel=\"noopener\">Bikeleasing-Service GmbH &amp; Co KG<\/a> je to zdaj mogo\u010de.[\/vc_column_text][\/vc_column][vc_column width=&#8221;1\/3&#8243;][vc_single_image image=&#8221;42884&#8243; img_size=&#8221;full&#8221; alignment=&#8221;center&#8221;][\/vc_column][\/vc_row][vc_row][vc_column width=&#8221;1\/3&#8243;][vc_column_text css=&#8221;&#8221;]<\/p>\n<h3>Na\u0161a ljubezen do kakovosti<\/h3>\n<p>Vse storitve \u010di\u0161\u010denja niso enake. Na\u0161o kakovost boste prepoznali v podrobnostih.<\/p>\n<p>Steklene povr\u0161ine in solarne plo\u0161\u010de na primer obi\u010dajno \u010distimo z demineralizirano vodo. Poleg odli\u010dnega rezultata s tem varujemo okolje, saj zmanj\u0161amo uporabo \u010distilnih sredstev.[\/vc_column_text][\/vc_column][vc_column width=&#8221;1\/3&#8243;][vc_column_text css=&#8221;&#8221;]<\/p>\n<h3>Razmi\u0161ljamo vnaprej<\/h3>\n<p>Z veseljem vam bomo podali \u0161e nekaj dodatnih idej za uresni\u010ditev va\u0161ih zamisli in \u017eelja.<\/p>\n<p>Profesionalno \u010di\u0161\u010denje ne pomaga le ohranjati vrednosti va\u0161e nepremi\u010dnine, temve\u010d zagotavlja tudi potrebno higieno. Ustvarili bomo koncept \u010di\u0161\u010denja, ki vam bo ustrezal.[\/vc_column_text][\/vc_column][vc_column width=&#8221;1\/3&#8243;][vc_column_text css=&#8221;&#8221;]<\/p>\n<h3>Vedno posodobljeno<\/h3>\n<p>Z rednim usposabljanjem in usmerjenim dodatnim usposabljanjem skrbimo za strokovno usposobljenost celotne ekipe.<\/p>\n<p>To pomeni, da smo vedno dobro obve\u0161\u010deni in delujemo v skladu z najnovej\u0161imi spoznanji na podro\u010dju okolja in zdravja.[\/vc_column_text][\/vc_column][\/vc_row][vc_row][vc_column][vc_empty_space height=&#8221;64px&#8221;][\/vc_column][\/vc_row]<\/p>\n<\/div>","protected":false},"excerpt":{"rendered":"<p>[vc_row full_width=&#8221;stretch_row_content_no_spaces&#8221; el_id=&#8221;home&#8221;][vc_column][vc_raw_html]PGRpdiBpZD0idmlkZW9pbnRybyI+Cjx2aWRlbyBkZWZhdWx0bXV0ZWQ9IiIgYXV0b3BsYXk9IiIgcGxheXNpbmxpbmU9IiIgbXV0ZWQ9IiIgbG9vcD0iIj4KICAgPHNvdXJjZSBzcmM9Imh0dHBzOi8vd3d3Lm1vcml0ei1nZWJhZXVkZXJlaW5pZ3VuZy5kZS93cC1jb250ZW50L3VwbG9hZHMvbW9yaXR6LWludHJvLm1wNCIgdHlwZT0idmlkZW8vbXA0Ij4KPC9zb3VyY2U+PC92aWRlbz4KPC9kaXY+[\/vc_raw_html][vc_column_text el_class=&#8221;newsticker&#8221;][\/vc_column_text][\/vc_column][\/vc_row][vc_row][vc_column width=&#8221;1\/4&#8243; el_class=&#8221;stoerer&#8221; offset=&#8221;vc_col-lg-3 vc_col-md-3 vc_col-xs-6&#8243;][vc_single_image image=&#8221;42886&#8243; img_size=&#8221;full&#8221; onclick=&#8221;custom_link&#8221; css=&#8221;&#8221; link=&#8221;https:\/\/www.moritz-gebaeudereinigung.de\/sl\/kariera\/&#8221;][\/vc_column][\/vc_row][vc_row disable_element=&#8221;yes&#8221;][vc_column][vc_column_text][rev_slider_vc alias=&#8221;start-1&#8243;][vc_column_text][\/vc_column_text][\/vc_column][\/vc_row][vc_row][vc_column][vc_empty_space height=&#8221;150px&#8221;][vc_column_text] Moritz Geb\u00e4udereinigung GmbH [\/vc_column_text][\/vc_column][\/vc_row][vc_row][vc_column width=&#8221;1\/2&#8243;][vc_column_text css=&#8221;&#8221;]Od leta 1954 smo &#8211; zdaj \u017ee v tretji generaciji &#8211; va\u0161 partner za skoraj vse storitve \u010di\u0161\u010denja. Smo inovativno in dinami\u010dno podjetje s potrebno prilagodljivostjo. Od vzdr\u017eevalnega \u010di\u0161\u010denja do \u010di\u0161\u010denja in dezinfekcije [&hellip;]<\/p>\n","protected":false},"author":1,"featured_media":0,"parent":0,"menu_order":0,"comment_status":"closed","ping_status":"closed","template":"","meta":{"footnotes":""},"class_list":["post-42911","page","type-page","status-publish","hentry"],"yoast_head":"<!-- This site is optimized with the Yoast SEO plugin v27.5 - https:\/\/yoast.com\/product\/yoast-seo-wordpress\/ -->\n<title>\u010ci\u0161\u010denje stavb Moritz - \u010di\u0161\u010denje fasad in vzdr\u017eevanje<\/title>\n<meta name=\"description\" content=\"Va\u0161 zanesljiv partner za \u010di\u0161\u010denje in higieno v Remscheidu in okolici. Z jamstvom zadovoljstva in brez pogodbenih obveznosti!\" \/>\n<meta name=\"robots\" content=\"index, follow, max-snippet:-1, max-image-preview:large, max-video-preview:-1\" \/>\n<link rel=\"canonical\" href=\"https:\/\/www.moritz-gebaeudereinigung.de\/sl\/\" \/>\n<meta property=\"og:locale\" content=\"sl_SI\" \/>\n<meta property=\"og:type\" content=\"article\" \/>\n<meta property=\"og:title\" content=\"\u010ci\u0161\u010denje stavb Moritz - \u010di\u0161\u010denje fasad in vzdr\u017eevanje\" \/>\n<meta property=\"og:description\" content=\"Va\u0161 zanesljiv partner za \u010di\u0161\u010denje in higieno v Remscheidu in okolici. Z jamstvom zadovoljstva in brez pogodbenih obveznosti!\" \/>\n<meta property=\"og:url\" content=\"https:\/\/www.moritz-gebaeudereinigung.de\/sl\/\" \/>\n<meta property=\"og:site_name\" content=\"Moritz Geb\u00e4udereinigung\" \/>\n<meta property=\"article:publisher\" content=\"https:\/\/www.facebook.com\/MoritzGebaeudereinigung\/\" \/>\n<meta property=\"article:modified_time\" content=\"2024-10-02T08:44:19+00:00\" \/>\n<meta name=\"twitter:card\" content=\"summary_large_image\" \/>\n<meta name=\"twitter:label1\" content=\"Est. reading time\" \/>\n\t<meta name=\"twitter:data1\" content=\"4 minute\" \/>\n<script type=\"application\/ld+json\" class=\"yoast-schema-graph\">{\"@context\":\"https:\\\/\\\/schema.org\",\"@graph\":[{\"@type\":\"WebPage\",\"@id\":\"https:\\\/\\\/www.moritz-gebaeudereinigung.de\\\/sl\\\/\",\"url\":\"https:\\\/\\\/www.moritz-gebaeudereinigung.de\\\/sl\\\/\",\"name\":\"\u010ci\u0161\u010denje stavb Moritz - \u010di\u0161\u010denje fasad in vzdr\u017eevanje\",\"isPartOf\":{\"@id\":\"https:\\\/\\\/www.moritz-gebaeudereinigung.de\\\/sl\\\/#website\"},\"datePublished\":\"2017-05-02T08:45:09+00:00\",\"dateModified\":\"2024-10-02T08:44:19+00:00\",\"description\":\"Va\u0161 zanesljiv partner za \u010di\u0161\u010denje in higieno v Remscheidu in okolici. Z jamstvom zadovoljstva in brez pogodbenih obveznosti!\",\"breadcrumb\":{\"@id\":\"https:\\\/\\\/www.moritz-gebaeudereinigung.de\\\/sl\\\/#breadcrumb\"},\"inLanguage\":\"sl-SI\",\"potentialAction\":[{\"@type\":\"ReadAction\",\"target\":[\"https:\\\/\\\/www.moritz-gebaeudereinigung.de\\\/sl\\\/\"]}]},{\"@type\":\"BreadcrumbList\",\"@id\":\"https:\\\/\\\/www.moritz-gebaeudereinigung.de\\\/sl\\\/#breadcrumb\",\"itemListElement\":[{\"@type\":\"ListItem\",\"position\":1,\"name\":\"Startseite\",\"item\":\"https:\\\/\\\/www.moritz-gebaeudereinigung.de\\\/sl\\\/\"},{\"@type\":\"ListItem\",\"position\":2,\"name\":\"Moritz Geb\u00e4udereinigung GmbH\"}]},{\"@type\":\"WebSite\",\"@id\":\"https:\\\/\\\/www.moritz-gebaeudereinigung.de\\\/sl\\\/#website\",\"url\":\"https:\\\/\\\/www.moritz-gebaeudereinigung.de\\\/sl\\\/\",\"name\":\"Moritz Geb\u00e4udereinigung\",\"description\":\"\",\"publisher\":{\"@id\":\"https:\\\/\\\/www.moritz-gebaeudereinigung.de\\\/sl\\\/#organization\"},\"potentialAction\":[{\"@type\":\"SearchAction\",\"target\":{\"@type\":\"EntryPoint\",\"urlTemplate\":\"https:\\\/\\\/www.moritz-gebaeudereinigung.de\\\/sl\\\/?s={search_term_string}\"},\"query-input\":{\"@type\":\"PropertyValueSpecification\",\"valueRequired\":true,\"valueName\":\"search_term_string\"}}],\"inLanguage\":\"sl-SI\"},{\"@type\":\"Organization\",\"@id\":\"https:\\\/\\\/www.moritz-gebaeudereinigung.de\\\/sl\\\/#organization\",\"name\":\"Moritz Geb\u00e4udereinigung GmbH\",\"url\":\"https:\\\/\\\/www.moritz-gebaeudereinigung.de\\\/sl\\\/\",\"logo\":{\"@type\":\"ImageObject\",\"inLanguage\":\"sl-SI\",\"@id\":\"https:\\\/\\\/www.moritz-gebaeudereinigung.de\\\/sl\\\/#\\\/schema\\\/logo\\\/image\\\/\",\"url\":\"https:\\\/\\\/www.moritz-gebaeudereinigung.de\\\/wp-content\\\/uploads\\\/moritz.png\",\"contentUrl\":\"https:\\\/\\\/www.moritz-gebaeudereinigung.de\\\/wp-content\\\/uploads\\\/moritz.png\",\"width\":800,\"height\":210,\"caption\":\"Moritz Geb\u00e4udereinigung GmbH\"},\"image\":{\"@id\":\"https:\\\/\\\/www.moritz-gebaeudereinigung.de\\\/sl\\\/#\\\/schema\\\/logo\\\/image\\\/\"},\"sameAs\":[\"https:\\\/\\\/www.facebook.com\\\/MoritzGebaeudereinigung\\\/\"]}]}<\/script>\n<!-- \/ Yoast SEO plugin. -->","yoast_head_json":{"title":"\u010ci\u0161\u010denje stavb Moritz - \u010di\u0161\u010denje fasad in vzdr\u017eevanje","description":"Va\u0161 zanesljiv partner za \u010di\u0161\u010denje in higieno v Remscheidu in okolici. Z jamstvom zadovoljstva in brez pogodbenih obveznosti!","robots":{"index":"index","follow":"follow","max-snippet":"max-snippet:-1","max-image-preview":"max-image-preview:large","max-video-preview":"max-video-preview:-1"},"canonical":"https:\/\/www.moritz-gebaeudereinigung.de\/sl\/","og_locale":"sl_SI","og_type":"article","og_title":"\u010ci\u0161\u010denje stavb Moritz - \u010di\u0161\u010denje fasad in vzdr\u017eevanje","og_description":"Va\u0161 zanesljiv partner za \u010di\u0161\u010denje in higieno v Remscheidu in okolici. Z jamstvom zadovoljstva in brez pogodbenih obveznosti!","og_url":"https:\/\/www.moritz-gebaeudereinigung.de\/sl\/","og_site_name":"Moritz Geb\u00e4udereinigung","article_publisher":"https:\/\/www.facebook.com\/MoritzGebaeudereinigung\/","article_modified_time":"2024-10-02T08:44:19+00:00","twitter_card":"summary_large_image","twitter_misc":{"Est. reading time":"4 minute"},"schema":{"@context":"https:\/\/schema.org","@graph":[{"@type":"WebPage","@id":"https:\/\/www.moritz-gebaeudereinigung.de\/sl\/","url":"https:\/\/www.moritz-gebaeudereinigung.de\/sl\/","name":"\u010ci\u0161\u010denje stavb Moritz - \u010di\u0161\u010denje fasad in vzdr\u017eevanje","isPartOf":{"@id":"https:\/\/www.moritz-gebaeudereinigung.de\/sl\/#website"},"datePublished":"2017-05-02T08:45:09+00:00","dateModified":"2024-10-02T08:44:19+00:00","description":"Va\u0161 zanesljiv partner za \u010di\u0161\u010denje in higieno v Remscheidu in okolici. Z jamstvom zadovoljstva in brez pogodbenih obveznosti!","breadcrumb":{"@id":"https:\/\/www.moritz-gebaeudereinigung.de\/sl\/#breadcrumb"},"inLanguage":"sl-SI","potentialAction":[{"@type":"ReadAction","target":["https:\/\/www.moritz-gebaeudereinigung.de\/sl\/"]}]},{"@type":"BreadcrumbList","@id":"https:\/\/www.moritz-gebaeudereinigung.de\/sl\/#breadcrumb","itemListElement":[{"@type":"ListItem","position":1,"name":"Startseite","item":"https:\/\/www.moritz-gebaeudereinigung.de\/sl\/"},{"@type":"ListItem","position":2,"name":"Moritz Geb\u00e4udereinigung GmbH"}]},{"@type":"WebSite","@id":"https:\/\/www.moritz-gebaeudereinigung.de\/sl\/#website","url":"https:\/\/www.moritz-gebaeudereinigung.de\/sl\/","name":"Moritz Geb\u00e4udereinigung","description":"","publisher":{"@id":"https:\/\/www.moritz-gebaeudereinigung.de\/sl\/#organization"},"potentialAction":[{"@type":"SearchAction","target":{"@type":"EntryPoint","urlTemplate":"https:\/\/www.moritz-gebaeudereinigung.de\/sl\/?s={search_term_string}"},"query-input":{"@type":"PropertyValueSpecification","valueRequired":true,"valueName":"search_term_string"}}],"inLanguage":"sl-SI"},{"@type":"Organization","@id":"https:\/\/www.moritz-gebaeudereinigung.de\/sl\/#organization","name":"Moritz Geb\u00e4udereinigung GmbH","url":"https:\/\/www.moritz-gebaeudereinigung.de\/sl\/","logo":{"@type":"ImageObject","inLanguage":"sl-SI","@id":"https:\/\/www.moritz-gebaeudereinigung.de\/sl\/#\/schema\/logo\/image\/","url":"https:\/\/www.moritz-gebaeudereinigung.de\/wp-content\/uploads\/moritz.png","contentUrl":"https:\/\/www.moritz-gebaeudereinigung.de\/wp-content\/uploads\/moritz.png","width":800,"height":210,"caption":"Moritz Geb\u00e4udereinigung GmbH"},"image":{"@id":"https:\/\/www.moritz-gebaeudereinigung.de\/sl\/#\/schema\/logo\/image\/"},"sameAs":["https:\/\/www.facebook.com\/MoritzGebaeudereinigung\/"]}]}},"_links":{"self":[{"href":"https:\/\/www.moritz-gebaeudereinigung.de\/sl\/wp-json\/wp\/v2\/pages\/42911","targetHints":{"allow":["GET"]}}],"collection":[{"href":"https:\/\/www.moritz-gebaeudereinigung.de\/sl\/wp-json\/wp\/v2\/pages"}],"about":[{"href":"https:\/\/www.moritz-gebaeudereinigung.de\/sl\/wp-json\/wp\/v2\/types\/page"}],"author":[{"embeddable":true,"href":"https:\/\/www.moritz-gebaeudereinigung.de\/sl\/wp-json\/wp\/v2\/users\/1"}],"replies":[{"embeddable":true,"href":"https:\/\/www.moritz-gebaeudereinigung.de\/sl\/wp-json\/wp\/v2\/comments?post=42911"}],"version-history":[{"count":0,"href":"https:\/\/www.moritz-gebaeudereinigung.de\/sl\/wp-json\/wp\/v2\/pages\/42911\/revisions"}],"wp:attachment":[{"href":"https:\/\/www.moritz-gebaeudereinigung.de\/sl\/wp-json\/wp\/v2\/media?parent=42911"}],"curies":[{"name":"wp","href":"https:\/\/api.w.org\/{rel}","templated":true}]}}