{"id":42946,"date":"2017-05-04T11:02:40","date_gmt":"2017-05-04T09:02:40","guid":{"rendered":"https:\/\/www.moritz-gebaeudereinigung.de\/odtis\/"},"modified":"2024-10-04T17:18:46","modified_gmt":"2024-10-04T15:18:46","slug":"odtis","status":"publish","type":"page","link":"https:\/\/www.moritz-gebaeudereinigung.de\/sl\/odtis\/","title":{"rendered":"Odtis"},"content":{"rendered":"<div class=\"wpb-content-wrapper\"><p>[vc_row][vc_column][vc_empty_space height=&#8221;180px&#8221;][\/vc_column][\/vc_row][vc_row][vc_column][vc_column_text css=&#8221;&#8221;]<\/p>\n<h1>Odtis<\/h1>\n<h2>Informacije v skladu s \u00a7 5 TMG:<\/h2>\n<p>Moritz Geb\u00e4udereinigung GmbH<br \/>\nRobert-Koch-Str.2B<br \/>\n42897 Remscheid<br \/>\nNem\u010dija<\/p>\n<h2>Zastopnik: dr:<\/h2>\n<p>Direktor, poobla\u0161\u010den za zastopanje podjetja: Jens Moritz<\/p>\n<h2>Kontaktna oseba:<\/h2>\n<p>Telefon: <a href=\"tel:0049219161999\">+49 2191 61999<\/a><br \/>\n<a href=\"mailto:info@moritz-gebaeudereinigung.de\">info@moritz-gebaeudereinigung.de<\/a><\/p>\n<h2>Vnos v register:<\/h2>\n<p>Vpis v poslovni register.<br \/>\nRegistrsko sodi\u0161\u010de: Wuppertal Local Court<br \/>\nRegistrska \u0161tevilka: HRB 18853<\/p>\n<h2>Odgovoren za vsebino v skladu s \u00a7 55 Abs. 2 RStV:<\/h2>\n<p>Moritz Geb\u00e4udereinigung GmbH<br \/>\nJens Moritz<br \/>\nRobert-Koch-Str. 2B<br \/>\n42897 Remscheid<br \/>\nNem\u010dija<\/p>\n<h2>Pristojna zbornica:<\/h2>\n<p>Obrtna zbornica D\u00fcsseldorf<br \/>\nGeorg-Schulhoff-Platz 1<br \/>\n40221 D\u00fcsseldorf<br \/>\nNem\u010dija<\/p>\n<h2>Re\u0161evanje sporov<\/h2>\n<p>Nismo pripravljeni ali dol\u017eni sodelovati v postopku re\u0161evanja sporov pred potro\u0161ni\u0161ko arbitra\u017eo.<\/p>\n<h3>Odgovornost za vsebino<\/h3>\n<p>Kot ponudnik storitev smo odgovorni v skladu s \u00a7 7 Abs.1 TMG, smo za svoje vsebine na teh straneh odgovorni v skladu s splo\u0161nimi zakoni. V skladu s \u00a7\u00a7 8 do 10 TMG pa kot ponudnik storitev nismo dol\u017eni spremljati prenesenih ali shranjenih podatkov tretjih oseb ali preiskovati okoli\u0161\u010din, ki ka\u017eejo na nezakonito dejavnost.<\/p>\n<p>Obveznosti za odstranitev ali blokiranje uporabe informacij v skladu s splo\u0161no zakonodajo s tem ostajajo nedotaknjene. Vendar je odgovornost v zvezi s tem mogo\u010da \u0161ele od trenutka, ko smo izvedeli za dolo\u010deno kr\u0161itev. Takoj, ko bomo izvedeli za tak\u0161ne kr\u0161itve, bomo to vsebino nemudoma odstranili.<\/p>\n<h3>Odgovornost za povezave<\/h3>\n<p>Na\u0161e spletno mesto vsebuje povezave do zunanjih spletnih mest tretjih oseb, na katerih vsebino nimamo vpliva. Zato ne moremo prevzeti nobene odgovornosti za to vsebino tretjih oseb. Za vsebino povezanih strani je vedno odgovoren ustrezni ponudnik ali upravljavec strani. Povezane strani so bile v \u010dasu povezovanja preverjene glede morebitnih pravnih kr\u0161itev.<\/p>\n<p>V \u010dasu povezovanja nezakonite vsebine niso bile prepoznane. Vendar pa stalno spremljanje vsebine povezanih strani ni smiselno brez konkretnih dokazov o kr\u0161itvi. \u010ce bomo izvedeli za kakr\u0161ne koli pravne kr\u0161itve, bomo tak\u0161ne povezave nemudoma odstranili.<\/p>\n<h3>Avtorske pravice<\/h3>\n<p>Za vsebino in dela, ki jih na teh straneh ustvarijo upravljavci spletnega mesta, velja nem\u0161ka zakonodaja o avtorskih pravicah. Za razmno\u017eevanje, obdelavo, distribucijo in kakr\u0161no koli uporabo zunaj omejitev avtorskega prava je potrebno pisno soglasje zadevnega avtorja ali ustvarjalca. Prenosi in kopije te strani so dovoljeni le za zasebno, nekomercialno uporabo.<\/p>\n<p>\u010ce vsebine na tem spletnem mestu ni ustvaril upravljavec, se spo\u0161tujejo avtorske pravice tretjih oseb. Zlasti vsebine tretjih oseb so ozna\u010dene kot take.<br \/>\n\u010ce kljub temu opazite kr\u0161itev avtorskih pravic, nas o tem ustrezno obvestite. \u010ce bomo izvedeli za kakr\u0161no koli kr\u0161itev, bomo tak\u0161no vsebino nemudoma odstranili.<\/p>\n<h2>Oblikovanje in izvedba<\/h2>\n<p><a href=\"https:\/\/www.punktuell-werbeagentur.de\/\" target=\"_blank\" rel=\"noopener\">PUNKTUELL. DAS DESIGNBUERO <\/a><\/p>\n<h2>Viri uporabljenih slik, grafik in videoposnetkov<\/h2>\n<p>\u00a9 sharpnose \/ Fotolia \/ Ikone<br \/>\n\u00a9 Crashoran \/ Fotolia \/ Kariera<br \/>\n\u00a9 Alexander Potapov \/ Fotolia \/ Ponudba storitev<br \/>\n\u00a9 Picture-Factory \/ Fotolia \/ \u010ci\u0161\u010denje stekla<br \/>\n\u00a9 KB3 \/ Fotolia \/ Vzdr\u017eevalno \u010di\u0161\u010denje<br \/>\n\u00a9 zhu difeng \/ Fotolia \/ \u010ci\u0161\u010denje pisarn in stopni\u0161\u010d<br \/>\n\u00a9 Andrey Popov \/ Fotolia \/ \u010ci\u0161\u010denje preprog in oblazinjenega pohi\u0161tva in oblazinjenega pohi\u0161tva<br \/>\nJens Moritz \/ \u010ci\u0161\u010denje fasad<br \/>\n\u00a9 Franz \/ Fotolia \/ Solarni termalni in fotovoltai\u010dni sistemi<br \/>\n\u00a9 arsdigital \/ Fotolia \/ \u010ci\u0161\u010denje stavb<br \/>\n\u00a9 Davizro Photography \/ Fotolia \/ Dezinfekcija<br \/>\n\u00a9 flairimages \/ Fotolia \/ \u010cistilne preproge<br \/>\n<a href=\"https:\/\/www.punktuell-werbeagentur.de\/\" target=\"_blank\" rel=\"noopener\">Martijn van Dijk<\/a> \/ Doma\u010da stran in kontakt[\/vc_column_text][\/vc_column][\/vc_row][vc_row][vc_column][vc_empty_space height=&#8221;64px&#8221;][\/vc_column][\/vc_row]<\/p>\n<\/div>","protected":false},"excerpt":{"rendered":"<p>[vc_row][vc_column][vc_empty_space height=&#8221;180px&#8221;][\/vc_column][\/vc_row][vc_row][vc_column][vc_column_text css=&#8221;&#8221;] Odtis Informacije v skladu s \u00a7 5 TMG: Moritz Geb\u00e4udereinigung GmbH Robert-Koch-Str.2B 42897 Remscheid Nem\u010dija Zastopnik: dr: Direktor, poobla\u0161\u010den za zastopanje podjetja: Jens Moritz Kontaktna oseba: Telefon: +49 2191 61999 info@moritz-gebaeudereinigung.de Vnos v register: Vpis v poslovni register. Registrsko sodi\u0161\u010de: Wuppertal Local Court Registrska \u0161tevilka: HRB 18853 Odgovoren za vsebino v skladu [&hellip;]<\/p>\n","protected":false},"author":1,"featured_media":0,"parent":0,"menu_order":0,"comment_status":"closed","ping_status":"closed","template":"","meta":{"footnotes":""},"class_list":["post-42946","page","type-page","status-publish","hentry"],"yoast_head":"<!-- This site is optimized with the Yoast SEO plugin v27.5 - https:\/\/yoast.com\/product\/yoast-seo-wordpress\/ -->\n<title>Odtis podjetja Moritz Geb\u00e4udereinigung GmbH<\/title>\n<meta name=\"description\" content=\"Robert-Koch-Str. 2B, 42897 Remscheid, tel.: + 49 (0) 2191 61999, info@moritz-gebaeudereinigung.de, www.moritz-gebaeudereinigung.de\" \/>\n<meta name=\"robots\" content=\"index, follow, max-snippet:-1, max-image-preview:large, max-video-preview:-1\" \/>\n<link rel=\"canonical\" href=\"https:\/\/www.moritz-gebaeudereinigung.de\/sl\/odtis\/\" \/>\n<meta property=\"og:locale\" content=\"sl_SI\" \/>\n<meta property=\"og:type\" content=\"article\" \/>\n<meta property=\"og:title\" content=\"Odtis podjetja Moritz Geb\u00e4udereinigung GmbH\" \/>\n<meta property=\"og:description\" content=\"Robert-Koch-Str. 2B, 42897 Remscheid, tel.: + 49 (0) 2191 61999, info@moritz-gebaeudereinigung.de, www.moritz-gebaeudereinigung.de\" \/>\n<meta property=\"og:url\" content=\"https:\/\/www.moritz-gebaeudereinigung.de\/sl\/odtis\/\" \/>\n<meta property=\"og:site_name\" content=\"Moritz Geb\u00e4udereinigung\" \/>\n<meta property=\"article:publisher\" content=\"https:\/\/www.facebook.com\/MoritzGebaeudereinigung\/\" \/>\n<meta property=\"article:modified_time\" content=\"2024-10-04T15:18:46+00:00\" \/>\n<meta name=\"twitter:card\" content=\"summary_large_image\" \/>\n<meta name=\"twitter:label1\" content=\"Est. reading time\" \/>\n\t<meta name=\"twitter:data1\" content=\"3 minute\" \/>\n<script type=\"application\/ld+json\" class=\"yoast-schema-graph\">{\"@context\":\"https:\\\/\\\/schema.org\",\"@graph\":[{\"@type\":\"WebPage\",\"@id\":\"https:\\\/\\\/www.moritz-gebaeudereinigung.de\\\/sl\\\/odtis\\\/\",\"url\":\"https:\\\/\\\/www.moritz-gebaeudereinigung.de\\\/sl\\\/odtis\\\/\",\"name\":\"Odtis podjetja Moritz Geb\u00e4udereinigung GmbH\",\"isPartOf\":{\"@id\":\"https:\\\/\\\/www.moritz-gebaeudereinigung.de\\\/sl\\\/#website\"},\"datePublished\":\"2017-05-04T09:02:40+00:00\",\"dateModified\":\"2024-10-04T15:18:46+00:00\",\"description\":\"Robert-Koch-Str. 2B, 42897 Remscheid, tel.: + 49 (0) 2191 61999, info@moritz-gebaeudereinigung.de, www.moritz-gebaeudereinigung.de\",\"breadcrumb\":{\"@id\":\"https:\\\/\\\/www.moritz-gebaeudereinigung.de\\\/sl\\\/odtis\\\/#breadcrumb\"},\"inLanguage\":\"sl-SI\",\"potentialAction\":[{\"@type\":\"ReadAction\",\"target\":[\"https:\\\/\\\/www.moritz-gebaeudereinigung.de\\\/sl\\\/odtis\\\/\"]}]},{\"@type\":\"BreadcrumbList\",\"@id\":\"https:\\\/\\\/www.moritz-gebaeudereinigung.de\\\/sl\\\/odtis\\\/#breadcrumb\",\"itemListElement\":[{\"@type\":\"ListItem\",\"position\":1,\"name\":\"Startseite\",\"item\":\"https:\\\/\\\/www.moritz-gebaeudereinigung.de\\\/sl\\\/\"},{\"@type\":\"ListItem\",\"position\":2,\"name\":\"Odtis\"}]},{\"@type\":\"WebSite\",\"@id\":\"https:\\\/\\\/www.moritz-gebaeudereinigung.de\\\/sl\\\/#website\",\"url\":\"https:\\\/\\\/www.moritz-gebaeudereinigung.de\\\/sl\\\/\",\"name\":\"Moritz Geb\u00e4udereinigung\",\"description\":\"\",\"publisher\":{\"@id\":\"https:\\\/\\\/www.moritz-gebaeudereinigung.de\\\/sl\\\/#organization\"},\"potentialAction\":[{\"@type\":\"SearchAction\",\"target\":{\"@type\":\"EntryPoint\",\"urlTemplate\":\"https:\\\/\\\/www.moritz-gebaeudereinigung.de\\\/sl\\\/?s={search_term_string}\"},\"query-input\":{\"@type\":\"PropertyValueSpecification\",\"valueRequired\":true,\"valueName\":\"search_term_string\"}}],\"inLanguage\":\"sl-SI\"},{\"@type\":\"Organization\",\"@id\":\"https:\\\/\\\/www.moritz-gebaeudereinigung.de\\\/sl\\\/#organization\",\"name\":\"Moritz Geb\u00e4udereinigung GmbH\",\"url\":\"https:\\\/\\\/www.moritz-gebaeudereinigung.de\\\/sl\\\/\",\"logo\":{\"@type\":\"ImageObject\",\"inLanguage\":\"sl-SI\",\"@id\":\"https:\\\/\\\/www.moritz-gebaeudereinigung.de\\\/sl\\\/#\\\/schema\\\/logo\\\/image\\\/\",\"url\":\"https:\\\/\\\/www.moritz-gebaeudereinigung.de\\\/wp-content\\\/uploads\\\/moritz.png\",\"contentUrl\":\"https:\\\/\\\/www.moritz-gebaeudereinigung.de\\\/wp-content\\\/uploads\\\/moritz.png\",\"width\":800,\"height\":210,\"caption\":\"Moritz Geb\u00e4udereinigung GmbH\"},\"image\":{\"@id\":\"https:\\\/\\\/www.moritz-gebaeudereinigung.de\\\/sl\\\/#\\\/schema\\\/logo\\\/image\\\/\"},\"sameAs\":[\"https:\\\/\\\/www.facebook.com\\\/MoritzGebaeudereinigung\\\/\"]}]}<\/script>\n<!-- \/ Yoast SEO plugin. -->","yoast_head_json":{"title":"Odtis podjetja Moritz Geb\u00e4udereinigung GmbH","description":"Robert-Koch-Str. 2B, 42897 Remscheid, tel.: + 49 (0) 2191 61999, info@moritz-gebaeudereinigung.de, www.moritz-gebaeudereinigung.de","robots":{"index":"index","follow":"follow","max-snippet":"max-snippet:-1","max-image-preview":"max-image-preview:large","max-video-preview":"max-video-preview:-1"},"canonical":"https:\/\/www.moritz-gebaeudereinigung.de\/sl\/odtis\/","og_locale":"sl_SI","og_type":"article","og_title":"Odtis podjetja Moritz Geb\u00e4udereinigung GmbH","og_description":"Robert-Koch-Str. 2B, 42897 Remscheid, tel.: + 49 (0) 2191 61999, info@moritz-gebaeudereinigung.de, www.moritz-gebaeudereinigung.de","og_url":"https:\/\/www.moritz-gebaeudereinigung.de\/sl\/odtis\/","og_site_name":"Moritz Geb\u00e4udereinigung","article_publisher":"https:\/\/www.facebook.com\/MoritzGebaeudereinigung\/","article_modified_time":"2024-10-04T15:18:46+00:00","twitter_card":"summary_large_image","twitter_misc":{"Est. reading time":"3 minute"},"schema":{"@context":"https:\/\/schema.org","@graph":[{"@type":"WebPage","@id":"https:\/\/www.moritz-gebaeudereinigung.de\/sl\/odtis\/","url":"https:\/\/www.moritz-gebaeudereinigung.de\/sl\/odtis\/","name":"Odtis podjetja Moritz Geb\u00e4udereinigung GmbH","isPartOf":{"@id":"https:\/\/www.moritz-gebaeudereinigung.de\/sl\/#website"},"datePublished":"2017-05-04T09:02:40+00:00","dateModified":"2024-10-04T15:18:46+00:00","description":"Robert-Koch-Str. 2B, 42897 Remscheid, tel.: + 49 (0) 2191 61999, info@moritz-gebaeudereinigung.de, www.moritz-gebaeudereinigung.de","breadcrumb":{"@id":"https:\/\/www.moritz-gebaeudereinigung.de\/sl\/odtis\/#breadcrumb"},"inLanguage":"sl-SI","potentialAction":[{"@type":"ReadAction","target":["https:\/\/www.moritz-gebaeudereinigung.de\/sl\/odtis\/"]}]},{"@type":"BreadcrumbList","@id":"https:\/\/www.moritz-gebaeudereinigung.de\/sl\/odtis\/#breadcrumb","itemListElement":[{"@type":"ListItem","position":1,"name":"Startseite","item":"https:\/\/www.moritz-gebaeudereinigung.de\/sl\/"},{"@type":"ListItem","position":2,"name":"Odtis"}]},{"@type":"WebSite","@id":"https:\/\/www.moritz-gebaeudereinigung.de\/sl\/#website","url":"https:\/\/www.moritz-gebaeudereinigung.de\/sl\/","name":"Moritz Geb\u00e4udereinigung","description":"","publisher":{"@id":"https:\/\/www.moritz-gebaeudereinigung.de\/sl\/#organization"},"potentialAction":[{"@type":"SearchAction","target":{"@type":"EntryPoint","urlTemplate":"https:\/\/www.moritz-gebaeudereinigung.de\/sl\/?s={search_term_string}"},"query-input":{"@type":"PropertyValueSpecification","valueRequired":true,"valueName":"search_term_string"}}],"inLanguage":"sl-SI"},{"@type":"Organization","@id":"https:\/\/www.moritz-gebaeudereinigung.de\/sl\/#organization","name":"Moritz Geb\u00e4udereinigung GmbH","url":"https:\/\/www.moritz-gebaeudereinigung.de\/sl\/","logo":{"@type":"ImageObject","inLanguage":"sl-SI","@id":"https:\/\/www.moritz-gebaeudereinigung.de\/sl\/#\/schema\/logo\/image\/","url":"https:\/\/www.moritz-gebaeudereinigung.de\/wp-content\/uploads\/moritz.png","contentUrl":"https:\/\/www.moritz-gebaeudereinigung.de\/wp-content\/uploads\/moritz.png","width":800,"height":210,"caption":"Moritz Geb\u00e4udereinigung GmbH"},"image":{"@id":"https:\/\/www.moritz-gebaeudereinigung.de\/sl\/#\/schema\/logo\/image\/"},"sameAs":["https:\/\/www.facebook.com\/MoritzGebaeudereinigung\/"]}]}},"_links":{"self":[{"href":"https:\/\/www.moritz-gebaeudereinigung.de\/sl\/wp-json\/wp\/v2\/pages\/42946","targetHints":{"allow":["GET"]}}],"collection":[{"href":"https:\/\/www.moritz-gebaeudereinigung.de\/sl\/wp-json\/wp\/v2\/pages"}],"about":[{"href":"https:\/\/www.moritz-gebaeudereinigung.de\/sl\/wp-json\/wp\/v2\/types\/page"}],"author":[{"embeddable":true,"href":"https:\/\/www.moritz-gebaeudereinigung.de\/sl\/wp-json\/wp\/v2\/users\/1"}],"replies":[{"embeddable":true,"href":"https:\/\/www.moritz-gebaeudereinigung.de\/sl\/wp-json\/wp\/v2\/comments?post=42946"}],"version-history":[{"count":0,"href":"https:\/\/www.moritz-gebaeudereinigung.de\/sl\/wp-json\/wp\/v2\/pages\/42946\/revisions"}],"wp:attachment":[{"href":"https:\/\/www.moritz-gebaeudereinigung.de\/sl\/wp-json\/wp\/v2\/media?parent=42946"}],"curies":[{"name":"wp","href":"https:\/\/api.w.org\/{rel}","templated":true}]}}