{"id":42947,"date":"2017-06-02T12:18:11","date_gmt":"2017-06-02T10:18:11","guid":{"rendered":"https:\/\/www.moritz-gebaeudereinigung.de\/obseg-storitev\/fotonapetostni-in-soncni-toplotni-sistemi\/"},"modified":"2024-10-02T11:03:33","modified_gmt":"2024-10-02T09:03:33","slug":"fotonapetostni-in-soncni-toplotni-sistemi","status":"publish","type":"page","link":"https:\/\/www.moritz-gebaeudereinigung.de\/sl\/obseg-storitev\/fotonapetostni-in-soncni-toplotni-sistemi\/","title":{"rendered":"Fotonapetostni in son\u010dni toplotni sistemi"},"content":{"rendered":"<div class=\"wpb-content-wrapper\"><p>[vc_row][vc_column][vc_column_text]<img loading=\"lazy\" decoding=\"async\" class=\"alignnone wp-image-146 size-full\" src=\"https:\/\/www.moritz-gebaeudereinigung.de\/wp-content\/uploads\/leistungen400-1.jpg\" alt=\"Spomladansko \u010di\u0161\u010denje\" width=\"1200\" height=\"400\" srcset=\"https:\/\/www.moritz-gebaeudereinigung.de\/wp-content\/uploads\/leistungen400-1.jpg 1200w, https:\/\/www.moritz-gebaeudereinigung.de\/wp-content\/uploads\/leistungen400-1-600x200.jpg 600w, https:\/\/www.moritz-gebaeudereinigung.de\/wp-content\/uploads\/leistungen400-1-300x100.jpg 300w, https:\/\/www.moritz-gebaeudereinigung.de\/wp-content\/uploads\/leistungen400-1-768x256.jpg 768w, https:\/\/www.moritz-gebaeudereinigung.de\/wp-content\/uploads\/leistungen400-1-800x267.jpg 800w, https:\/\/www.moritz-gebaeudereinigung.de\/wp-content\/uploads\/leistungen400-1-951x317.jpg 951w\" sizes=\"auto, (max-width: 1200px) 100vw, 1200px\" \/>[\/vc_column_text][\/vc_column][\/vc_row][vc_row][vc_column][vc_empty_space height=&#8221;64px&#8221;][\/vc_column][\/vc_row][vc_row][vc_column width=&#8221;1\/3&#8243;][vc_column_text]<\/p>\n<h2>Storitve<\/h2>\n<p>[\/vc_column_text][vc_wp_custommenu nav_menu=&#8221;3&#8243;][\/vc_column][vc_column width=&#8221;2\/3&#8243;][vc_column_text]<\/p>\n<h1>Son\u010dni toplotni in fotonapetostni sistemi<\/h1>\n<p>[\/vc_column_text][vc_single_image image=&#8221;42870&#8243; img_size=&#8221;full&#8221;][vc_column_text css=&#8221;&#8221;]Strokovno \u010di\u0161\u010denje va\u0161ega fotovoltai\u010dnega sistema ne pove\u010da le energetske u\u010dinkovitosti, temve\u010d prispeva tudi k dalj\u0161i \u017eivljenjski dobi fotonapetostnih modulov.<\/p>\n<p>Umazanija, kot so prah, mah, pti\u010dji iztrebki in umazanija od \u017eu\u017eelk, zmanj\u0161uje prepustnost svetlobe do 25 %.<\/p>\n<p>De\u017e in sneg ne zadostujeta za \u010di\u0161\u010denje fotonapetostnih modulov.<\/p>\n<p>Zato priporo\u010damo redno in strokovno \u010di\u0161\u010denje z demineralizirano vodo brez uporabe kemi\u010dnih \u010distil.<\/p>\n<p>\u010cistimo z na\u0161im inovativnim sistemom krta\u010d (valj\u010dkov).[\/vc_column_text][\/vc_column][\/vc_row][vc_row][vc_column][vc_empty_space height=&#8221;64px&#8221;][\/vc_column][\/vc_row]<\/p>\n<\/div>","protected":false},"excerpt":{"rendered":"<p>[vc_row][vc_column][vc_column_text][\/vc_column_text][\/vc_column][\/vc_row][vc_row][vc_column][vc_empty_space height=&#8221;64px&#8221;][\/vc_column][\/vc_row][vc_row][vc_column width=&#8221;1\/3&#8243;][vc_column_text] Storitve [\/vc_column_text][vc_wp_custommenu nav_menu=&#8221;3&#8243;][\/vc_column][vc_column width=&#8221;2\/3&#8243;][vc_column_text] Son\u010dni toplotni in fotonapetostni sistemi [\/vc_column_text][vc_single_image image=&#8221;42870&#8243; img_size=&#8221;full&#8221;][vc_column_text css=&#8221;&#8221;]Strokovno \u010di\u0161\u010denje va\u0161ega fotovoltai\u010dnega sistema ne pove\u010da le energetske u\u010dinkovitosti, temve\u010d prispeva tudi k dalj\u0161i \u017eivljenjski dobi fotonapetostnih modulov. Umazanija, kot so prah, mah, pti\u010dji iztrebki in umazanija od \u017eu\u017eelk, zmanj\u0161uje prepustnost svetlobe do 25 %. De\u017e in sneg ne [&hellip;]<\/p>\n","protected":false},"author":1,"featured_media":0,"parent":42893,"menu_order":0,"comment_status":"closed","ping_status":"closed","template":"","meta":{"footnotes":""},"class_list":["post-42947","page","type-page","status-publish","hentry"],"yoast_head":"<!-- This site is optimized with the Yoast SEO plugin v27.5 - https:\/\/yoast.com\/product\/yoast-seo-wordpress\/ -->\n<title>\u010ci\u0161\u010denje fotonapetostnega in solarnega toplotnega sistema<\/title>\n<meta name=\"description\" content=\"Onesna\u017eenje, kot so prah, mah, pti\u010dji iztrebki in umazanija od \u017eu\u017eelk, zmanj\u0161a u\u010dinkovitost solarnega sistema do 25 %.\" \/>\n<meta name=\"robots\" content=\"index, follow, max-snippet:-1, max-image-preview:large, max-video-preview:-1\" \/>\n<link rel=\"canonical\" href=\"https:\/\/www.moritz-gebaeudereinigung.de\/sl\/obseg-storitev\/fotonapetostni-in-soncni-toplotni-sistemi\/\" \/>\n<meta property=\"og:locale\" content=\"sl_SI\" \/>\n<meta property=\"og:type\" content=\"article\" \/>\n<meta property=\"og:title\" content=\"\u010ci\u0161\u010denje fotonapetostnega in solarnega toplotnega sistema\" \/>\n<meta property=\"og:description\" content=\"Onesna\u017eenje, kot so prah, mah, pti\u010dji iztrebki in umazanija od \u017eu\u017eelk, zmanj\u0161a u\u010dinkovitost solarnega sistema do 25 %.\" \/>\n<meta property=\"og:url\" content=\"https:\/\/www.moritz-gebaeudereinigung.de\/sl\/obseg-storitev\/fotonapetostni-in-soncni-toplotni-sistemi\/\" \/>\n<meta property=\"og:site_name\" content=\"Moritz Geb\u00e4udereinigung\" \/>\n<meta property=\"article:publisher\" content=\"https:\/\/www.facebook.com\/MoritzGebaeudereinigung\/\" \/>\n<meta property=\"article:modified_time\" content=\"2024-10-02T09:03:33+00:00\" \/>\n<meta property=\"og:image\" content=\"https:\/\/www.moritz-gebaeudereinigung.de\/wp-content\/uploads\/leistungen400-1.jpg\" \/>\n<meta name=\"twitter:card\" content=\"summary_large_image\" \/>\n<meta name=\"twitter:label1\" content=\"Est. reading time\" \/>\n\t<meta name=\"twitter:data1\" content=\"1 minuta\" \/>\n<script type=\"application\/ld+json\" class=\"yoast-schema-graph\">{\"@context\":\"https:\\\/\\\/schema.org\",\"@graph\":[{\"@type\":\"WebPage\",\"@id\":\"https:\\\/\\\/www.moritz-gebaeudereinigung.de\\\/sl\\\/obseg-storitev\\\/fotonapetostni-in-soncni-toplotni-sistemi\\\/\",\"url\":\"https:\\\/\\\/www.moritz-gebaeudereinigung.de\\\/sl\\\/obseg-storitev\\\/fotonapetostni-in-soncni-toplotni-sistemi\\\/\",\"name\":\"\u010ci\u0161\u010denje fotonapetostnega in solarnega toplotnega sistema\",\"isPartOf\":{\"@id\":\"https:\\\/\\\/www.moritz-gebaeudereinigung.de\\\/sl\\\/#website\"},\"primaryImageOfPage\":{\"@id\":\"https:\\\/\\\/www.moritz-gebaeudereinigung.de\\\/sl\\\/obseg-storitev\\\/fotonapetostni-in-soncni-toplotni-sistemi\\\/#primaryimage\"},\"image\":{\"@id\":\"https:\\\/\\\/www.moritz-gebaeudereinigung.de\\\/sl\\\/obseg-storitev\\\/fotonapetostni-in-soncni-toplotni-sistemi\\\/#primaryimage\"},\"thumbnailUrl\":\"https:\\\/\\\/www.moritz-gebaeudereinigung.de\\\/wp-content\\\/uploads\\\/leistungen400-1.jpg\",\"datePublished\":\"2017-06-02T10:18:11+00:00\",\"dateModified\":\"2024-10-02T09:03:33+00:00\",\"description\":\"Onesna\u017eenje, kot so prah, mah, pti\u010dji iztrebki in umazanija od \u017eu\u017eelk, zmanj\u0161a u\u010dinkovitost solarnega sistema do 25 %.\",\"breadcrumb\":{\"@id\":\"https:\\\/\\\/www.moritz-gebaeudereinigung.de\\\/sl\\\/obseg-storitev\\\/fotonapetostni-in-soncni-toplotni-sistemi\\\/#breadcrumb\"},\"inLanguage\":\"sl-SI\",\"potentialAction\":[{\"@type\":\"ReadAction\",\"target\":[\"https:\\\/\\\/www.moritz-gebaeudereinigung.de\\\/sl\\\/obseg-storitev\\\/fotonapetostni-in-soncni-toplotni-sistemi\\\/\"]}]},{\"@type\":\"ImageObject\",\"inLanguage\":\"sl-SI\",\"@id\":\"https:\\\/\\\/www.moritz-gebaeudereinigung.de\\\/sl\\\/obseg-storitev\\\/fotonapetostni-in-soncni-toplotni-sistemi\\\/#primaryimage\",\"url\":\"https:\\\/\\\/www.moritz-gebaeudereinigung.de\\\/wp-content\\\/uploads\\\/leistungen400-1.jpg\",\"contentUrl\":\"https:\\\/\\\/www.moritz-gebaeudereinigung.de\\\/wp-content\\\/uploads\\\/leistungen400-1.jpg\"},{\"@type\":\"BreadcrumbList\",\"@id\":\"https:\\\/\\\/www.moritz-gebaeudereinigung.de\\\/sl\\\/obseg-storitev\\\/fotonapetostni-in-soncni-toplotni-sistemi\\\/#breadcrumb\",\"itemListElement\":[{\"@type\":\"ListItem\",\"position\":1,\"name\":\"Startseite\",\"item\":\"https:\\\/\\\/www.moritz-gebaeudereinigung.de\\\/sl\\\/\"},{\"@type\":\"ListItem\",\"position\":2,\"name\":\"Obseg storitev\",\"item\":\"https:\\\/\\\/www.moritz-gebaeudereinigung.de\\\/sl\\\/?page_id=42893\"},{\"@type\":\"ListItem\",\"position\":3,\"name\":\"Fotonapetostni in son\u010dni toplotni sistemi\"}]},{\"@type\":\"WebSite\",\"@id\":\"https:\\\/\\\/www.moritz-gebaeudereinigung.de\\\/sl\\\/#website\",\"url\":\"https:\\\/\\\/www.moritz-gebaeudereinigung.de\\\/sl\\\/\",\"name\":\"Moritz Geb\u00e4udereinigung\",\"description\":\"\",\"publisher\":{\"@id\":\"https:\\\/\\\/www.moritz-gebaeudereinigung.de\\\/sl\\\/#organization\"},\"potentialAction\":[{\"@type\":\"SearchAction\",\"target\":{\"@type\":\"EntryPoint\",\"urlTemplate\":\"https:\\\/\\\/www.moritz-gebaeudereinigung.de\\\/sl\\\/?s={search_term_string}\"},\"query-input\":{\"@type\":\"PropertyValueSpecification\",\"valueRequired\":true,\"valueName\":\"search_term_string\"}}],\"inLanguage\":\"sl-SI\"},{\"@type\":\"Organization\",\"@id\":\"https:\\\/\\\/www.moritz-gebaeudereinigung.de\\\/sl\\\/#organization\",\"name\":\"Moritz Geb\u00e4udereinigung GmbH\",\"url\":\"https:\\\/\\\/www.moritz-gebaeudereinigung.de\\\/sl\\\/\",\"logo\":{\"@type\":\"ImageObject\",\"inLanguage\":\"sl-SI\",\"@id\":\"https:\\\/\\\/www.moritz-gebaeudereinigung.de\\\/sl\\\/#\\\/schema\\\/logo\\\/image\\\/\",\"url\":\"https:\\\/\\\/www.moritz-gebaeudereinigung.de\\\/wp-content\\\/uploads\\\/moritz.png\",\"contentUrl\":\"https:\\\/\\\/www.moritz-gebaeudereinigung.de\\\/wp-content\\\/uploads\\\/moritz.png\",\"width\":800,\"height\":210,\"caption\":\"Moritz Geb\u00e4udereinigung GmbH\"},\"image\":{\"@id\":\"https:\\\/\\\/www.moritz-gebaeudereinigung.de\\\/sl\\\/#\\\/schema\\\/logo\\\/image\\\/\"},\"sameAs\":[\"https:\\\/\\\/www.facebook.com\\\/MoritzGebaeudereinigung\\\/\"]}]}<\/script>\n<!-- \/ Yoast SEO plugin. -->","yoast_head_json":{"title":"\u010ci\u0161\u010denje fotonapetostnega in solarnega toplotnega sistema","description":"Onesna\u017eenje, kot so prah, mah, pti\u010dji iztrebki in umazanija od \u017eu\u017eelk, zmanj\u0161a u\u010dinkovitost solarnega sistema do 25 %.","robots":{"index":"index","follow":"follow","max-snippet":"max-snippet:-1","max-image-preview":"max-image-preview:large","max-video-preview":"max-video-preview:-1"},"canonical":"https:\/\/www.moritz-gebaeudereinigung.de\/sl\/obseg-storitev\/fotonapetostni-in-soncni-toplotni-sistemi\/","og_locale":"sl_SI","og_type":"article","og_title":"\u010ci\u0161\u010denje fotonapetostnega in solarnega toplotnega sistema","og_description":"Onesna\u017eenje, kot so prah, mah, pti\u010dji iztrebki in umazanija od \u017eu\u017eelk, zmanj\u0161a u\u010dinkovitost solarnega sistema do 25 %.","og_url":"https:\/\/www.moritz-gebaeudereinigung.de\/sl\/obseg-storitev\/fotonapetostni-in-soncni-toplotni-sistemi\/","og_site_name":"Moritz Geb\u00e4udereinigung","article_publisher":"https:\/\/www.facebook.com\/MoritzGebaeudereinigung\/","article_modified_time":"2024-10-02T09:03:33+00:00","og_image":[{"url":"https:\/\/www.moritz-gebaeudereinigung.de\/wp-content\/uploads\/leistungen400-1.jpg","type":"","width":"","height":""}],"twitter_card":"summary_large_image","twitter_misc":{"Est. reading time":"1 minuta"},"schema":{"@context":"https:\/\/schema.org","@graph":[{"@type":"WebPage","@id":"https:\/\/www.moritz-gebaeudereinigung.de\/sl\/obseg-storitev\/fotonapetostni-in-soncni-toplotni-sistemi\/","url":"https:\/\/www.moritz-gebaeudereinigung.de\/sl\/obseg-storitev\/fotonapetostni-in-soncni-toplotni-sistemi\/","name":"\u010ci\u0161\u010denje fotonapetostnega in solarnega toplotnega sistema","isPartOf":{"@id":"https:\/\/www.moritz-gebaeudereinigung.de\/sl\/#website"},"primaryImageOfPage":{"@id":"https:\/\/www.moritz-gebaeudereinigung.de\/sl\/obseg-storitev\/fotonapetostni-in-soncni-toplotni-sistemi\/#primaryimage"},"image":{"@id":"https:\/\/www.moritz-gebaeudereinigung.de\/sl\/obseg-storitev\/fotonapetostni-in-soncni-toplotni-sistemi\/#primaryimage"},"thumbnailUrl":"https:\/\/www.moritz-gebaeudereinigung.de\/wp-content\/uploads\/leistungen400-1.jpg","datePublished":"2017-06-02T10:18:11+00:00","dateModified":"2024-10-02T09:03:33+00:00","description":"Onesna\u017eenje, kot so prah, mah, pti\u010dji iztrebki in umazanija od \u017eu\u017eelk, zmanj\u0161a u\u010dinkovitost solarnega sistema do 25 %.","breadcrumb":{"@id":"https:\/\/www.moritz-gebaeudereinigung.de\/sl\/obseg-storitev\/fotonapetostni-in-soncni-toplotni-sistemi\/#breadcrumb"},"inLanguage":"sl-SI","potentialAction":[{"@type":"ReadAction","target":["https:\/\/www.moritz-gebaeudereinigung.de\/sl\/obseg-storitev\/fotonapetostni-in-soncni-toplotni-sistemi\/"]}]},{"@type":"ImageObject","inLanguage":"sl-SI","@id":"https:\/\/www.moritz-gebaeudereinigung.de\/sl\/obseg-storitev\/fotonapetostni-in-soncni-toplotni-sistemi\/#primaryimage","url":"https:\/\/www.moritz-gebaeudereinigung.de\/wp-content\/uploads\/leistungen400-1.jpg","contentUrl":"https:\/\/www.moritz-gebaeudereinigung.de\/wp-content\/uploads\/leistungen400-1.jpg"},{"@type":"BreadcrumbList","@id":"https:\/\/www.moritz-gebaeudereinigung.de\/sl\/obseg-storitev\/fotonapetostni-in-soncni-toplotni-sistemi\/#breadcrumb","itemListElement":[{"@type":"ListItem","position":1,"name":"Startseite","item":"https:\/\/www.moritz-gebaeudereinigung.de\/sl\/"},{"@type":"ListItem","position":2,"name":"Obseg storitev","item":"https:\/\/www.moritz-gebaeudereinigung.de\/sl\/?page_id=42893"},{"@type":"ListItem","position":3,"name":"Fotonapetostni in son\u010dni toplotni sistemi"}]},{"@type":"WebSite","@id":"https:\/\/www.moritz-gebaeudereinigung.de\/sl\/#website","url":"https:\/\/www.moritz-gebaeudereinigung.de\/sl\/","name":"Moritz Geb\u00e4udereinigung","description":"","publisher":{"@id":"https:\/\/www.moritz-gebaeudereinigung.de\/sl\/#organization"},"potentialAction":[{"@type":"SearchAction","target":{"@type":"EntryPoint","urlTemplate":"https:\/\/www.moritz-gebaeudereinigung.de\/sl\/?s={search_term_string}"},"query-input":{"@type":"PropertyValueSpecification","valueRequired":true,"valueName":"search_term_string"}}],"inLanguage":"sl-SI"},{"@type":"Organization","@id":"https:\/\/www.moritz-gebaeudereinigung.de\/sl\/#organization","name":"Moritz Geb\u00e4udereinigung GmbH","url":"https:\/\/www.moritz-gebaeudereinigung.de\/sl\/","logo":{"@type":"ImageObject","inLanguage":"sl-SI","@id":"https:\/\/www.moritz-gebaeudereinigung.de\/sl\/#\/schema\/logo\/image\/","url":"https:\/\/www.moritz-gebaeudereinigung.de\/wp-content\/uploads\/moritz.png","contentUrl":"https:\/\/www.moritz-gebaeudereinigung.de\/wp-content\/uploads\/moritz.png","width":800,"height":210,"caption":"Moritz Geb\u00e4udereinigung GmbH"},"image":{"@id":"https:\/\/www.moritz-gebaeudereinigung.de\/sl\/#\/schema\/logo\/image\/"},"sameAs":["https:\/\/www.facebook.com\/MoritzGebaeudereinigung\/"]}]}},"_links":{"self":[{"href":"https:\/\/www.moritz-gebaeudereinigung.de\/sl\/wp-json\/wp\/v2\/pages\/42947","targetHints":{"allow":["GET"]}}],"collection":[{"href":"https:\/\/www.moritz-gebaeudereinigung.de\/sl\/wp-json\/wp\/v2\/pages"}],"about":[{"href":"https:\/\/www.moritz-gebaeudereinigung.de\/sl\/wp-json\/wp\/v2\/types\/page"}],"author":[{"embeddable":true,"href":"https:\/\/www.moritz-gebaeudereinigung.de\/sl\/wp-json\/wp\/v2\/users\/1"}],"replies":[{"embeddable":true,"href":"https:\/\/www.moritz-gebaeudereinigung.de\/sl\/wp-json\/wp\/v2\/comments?post=42947"}],"version-history":[{"count":0,"href":"https:\/\/www.moritz-gebaeudereinigung.de\/sl\/wp-json\/wp\/v2\/pages\/42947\/revisions"}],"up":[{"embeddable":true,"href":"https:\/\/www.moritz-gebaeudereinigung.de\/sl\/wp-json\/wp\/v2\/pages\/42893"}],"wp:attachment":[{"href":"https:\/\/www.moritz-gebaeudereinigung.de\/sl\/wp-json\/wp\/v2\/media?parent=42947"}],"curies":[{"name":"wp","href":"https:\/\/api.w.org\/{rel}","templated":true}]}}