{"id":42954,"date":"2017-05-04T08:29:28","date_gmt":"2017-05-04T06:29:28","guid":{"rendered":"https:\/\/www.moritz-gebaeudereinigung.de\/kariera\/"},"modified":"2024-10-28T16:54:49","modified_gmt":"2024-10-28T15:54:49","slug":"kariera","status":"publish","type":"page","link":"https:\/\/www.moritz-gebaeudereinigung.de\/sl\/kariera\/","title":{"rendered":"Kariera"},"content":{"rendered":"<div class=\"wpb-content-wrapper\"><p>[vc_row][vc_column][vc_column_text]<img loading=\"lazy\" decoding=\"async\" class=\"alignnone wp-image-142 size-full\" src=\"https:\/\/www.moritz-gebaeudereinigung.de\/wp-content\/uploads\/karriere400-1.jpg\" alt=\"\u010cista voda\" width=\"1200\" height=\"400\" srcset=\"https:\/\/www.moritz-gebaeudereinigung.de\/wp-content\/uploads\/karriere400-1.jpg 1200w, https:\/\/www.moritz-gebaeudereinigung.de\/wp-content\/uploads\/karriere400-1-600x200.jpg 600w, https:\/\/www.moritz-gebaeudereinigung.de\/wp-content\/uploads\/karriere400-1-300x100.jpg 300w, https:\/\/www.moritz-gebaeudereinigung.de\/wp-content\/uploads\/karriere400-1-768x256.jpg 768w, https:\/\/www.moritz-gebaeudereinigung.de\/wp-content\/uploads\/karriere400-1-800x267.jpg 800w, https:\/\/www.moritz-gebaeudereinigung.de\/wp-content\/uploads\/karriere400-1-951x317.jpg 951w\" sizes=\"auto, (max-width: 1200px) 100vw, 1200px\" \/>[\/vc_column_text][\/vc_column][\/vc_row][vc_row full_width=&#8221;stretch_row_content_no_spaces&#8221; el_id=&#8221;Domov&#8221;][vc_column][vc_column_text el_class=&#8221;newsticker&#8221;]<div id=\"mtphr-dnt-42916\" class=\"mtphr-dnt mtphr-dnt-42916 mtphr-dnt-mixed mtphr-dnt-scroll mtphr-dnt-scroll-left\"><div class=\"mtphr-dnt-wrapper mtphr-dnt-clearfix\"><div class=\"mtphr-dnt-tick-container\"><div class=\"mtphr-dnt-tick-contents\"><div class=\"mtphr-dnt-tick mtphr-dnt-default-tick mtphr-dnt-clearfix \"><a href=\"https:\/\/www.moritz-gebaeudereinigung.de\/karriere\/\" target=\"_self\">\u010cistilec stavb (m\/\u017e\/d) takoj za polni in kraj\u0161i delovni \u010das za Remscheid in okolico<\/a><\/div><div class=\"mtphr-dnt-tick mtphr-dnt-default-tick mtphr-dnt-clearfix \"><a href=\"https:\/\/www.moritz-gebaeudereinigung.de\/karriere\/\" target=\"_self\">Pripravni\u0161tvo za \u010distilca stavb (m\/\u017e\/d) s takoj\u0161njim u\u010dinkom v Remscheidu<\/a><\/div><div class=\"mtphr-dnt-tick mtphr-dnt-default-tick mtphr-dnt-clearfix \"><a href=\"https:\/\/www.moritz-gebaeudereinigung.de\/karriere\/\" target=\"_self\">Nadstandardno pla\u010dilo (glede na kvalifikacije)<\/a><\/div><div class=\"mtphr-dnt-tick mtphr-dnt-default-tick mtphr-dnt-clearfix \"><a href=\"https:\/\/www.moritz-gebaeudereinigung.de\/karriere\/\" target=\"_self\">Z uspe\u0161nostjo povezani, neobdav\u010deni bonusi od 6 mesecev zaposlitve dalje.<\/a><\/div><div class=\"mtphr-dnt-tick mtphr-dnt-default-tick mtphr-dnt-clearfix \"><a href=\"https:\/\/www.moritz-gebaeudereinigung.de\/karriere\/\" target=\"_self\">Sodelovanje pri zaposlitvenem vozovnici<\/a><\/div><\/div><\/div><\/div><\/div>[\/vc_column_text][\/vc_column][\/vc_row][vc_row][vc_column][vc_empty_space height=&#8221;64px&#8221;][\/vc_column][\/vc_row][vc_row][vc_column][vc_column_text]<\/p>\n<h1 style=\"text-align: center;\">Zaposlujemo takoj!<\/h1>\n<p>[\/vc_column_text][\/vc_column][\/vc_row][vc_row][vc_column width=&#8221;1\/2&#8243;]\n<div class=\"wpcf7 no-js\" id=\"wpcf7-f42923-o1\" lang=\"sl-SI\" dir=\"ltr\" data-wpcf7-id=\"42923\">\n<div class=\"screen-reader-response\"><p role=\"status\" aria-live=\"polite\" aria-atomic=\"true\"><\/p> <ul><\/ul><\/div>\n<form action=\"\/sl\/wp-json\/wp\/v2\/pages\/42954#wpcf7-f42923-o1\" method=\"post\" class=\"wpcf7-form init\" aria-label=\"Kontaktni obrazec\" enctype=\"multipart\/form-data\" novalidate=\"novalidate\" data-status=\"init\">\n<fieldset class=\"hidden-fields-container\"><input type=\"hidden\" name=\"_wpcf7\" value=\"42923\" \/><input type=\"hidden\" name=\"_wpcf7_version\" value=\"6.1.5\" \/><input type=\"hidden\" name=\"_wpcf7_locale\" value=\"sl_SI\" \/><input type=\"hidden\" name=\"_wpcf7_unit_tag\" value=\"wpcf7-f42923-o1\" \/><input type=\"hidden\" name=\"_wpcf7_container_post\" value=\"0\" \/><input type=\"hidden\" name=\"_wpcf7_posted_data_hash\" value=\"\" \/>\n<\/fieldset>\n<p><span class=\"wpcf7-form-control-wrap\" data-name=\"your-name\"><input size=\"40\" maxlength=\"400\" class=\"wpcf7-form-control wpcf7-text wpcf7-validates-as-required\" aria-required=\"true\" aria-invalid=\"false\" placeholder=\"Va\u0161e ime\" value=\"\" type=\"text\" name=\"your-name\" \/><\/span>\n<\/p>\n<p><span class=\"wpcf7-form-control-wrap\" data-name=\"your-email\"><input size=\"40\" maxlength=\"400\" class=\"wpcf7-form-control wpcf7-email wpcf7-validates-as-required wpcf7-text wpcf7-validates-as-email\" aria-required=\"true\" aria-invalid=\"false\" placeholder=\"E-po\u0161tni naslov\" value=\"\" type=\"email\" name=\"your-email\" \/><\/span>\n<\/p>\n<p><span class=\"wpcf7-form-control-wrap\" data-name=\"your-tel\"><input size=\"40\" maxlength=\"400\" class=\"wpcf7-form-control wpcf7-text\" aria-invalid=\"false\" value=\"Telefonska \u0161tevilka\" type=\"text\" name=\"your-tel\" \/><\/span>\n<\/p>\n<p><span class=\"wpcf7-form-control-wrap\" data-name=\"your-message\"><textarea cols=\"25\" rows=\"3\" maxlength=\"2000\" class=\"wpcf7-form-control wpcf7-textarea wpcf7-validates-as-required\" aria-required=\"true\" aria-invalid=\"false\" placeholder=\"Va\u0161e sporo\u010dilo\" name=\"your-message\"><\/textarea><\/span>\n<\/p>\n<p>Dokumenti za prijavo (najve\u010d 20 MB v formatu PDF ali ZIP)<br \/>\n<span class=\"wpcf7-form-control-wrap\" data-name=\"your-file\"><input size=\"40\" class=\"wpcf7-form-control wpcf7-file\" accept=\".zip,.pdf\" aria-invalid=\"false\" type=\"file\" name=\"your-file\" \/><\/span>\n<\/p>\n<p><span class=\"wpcf7-form-control-wrap\" data-name=\"datenschutz\"><span class=\"wpcf7-form-control wpcf7-acceptance\"><span class=\"wpcf7-list-item\"><input type=\"checkbox\" name=\"datenschutz\" value=\"1\" aria-invalid=\"false\" \/><\/span><\/span><\/span> Potrjujem, da sem prebral in razumel <a href=\"https:\/\/www.moritz-gebaeudereinigung.de\/sl\/varstvo-podatkov\/\" target=\"_self\" class=\"fancybox-iframe\">politiko zasebnosti<\/a> ter jo sprejemam.\n<\/p>\n<p><span id=\"wpcf7-69f463a4daf7e-wrapper\" class=\"wpcf7-form-control-wrap namex-wrap\" style=\"display:none !important; visibility:hidden !important;\"><label for=\"wpcf7-69f463a4daf7e-field\" class=\"hp-message\">Please leave this field empty.<\/label><input id=\"wpcf7-69f463a4daf7e-field\"  class=\"wpcf7-form-control wpcf7-text\" type=\"text\" name=\"namex\" value=\"\" size=\"40\" tabindex=\"-1\" autocomplete=\"new-password\" \/><\/span>\n<\/p>\n<p><input class=\"wpcf7-form-control wpcf7-submit has-spinner btn\" type=\"submit\" value=\"Po\u0161lji\" \/>\n<\/p><div class=\"wpcf7-response-output\" aria-hidden=\"true\"><\/div>\n<\/form>\n<\/div>\n[\/vc_column][vc_column width=&#8221;1\/2&#8243;][vc_column_text]<strong>Na\u0161i poudarki:<\/strong><\/p>\n<ul>\n<li>Zaposlenim, ki so v podjetju zaposleni vsaj \u0161est mesecev, izpla\u010dujemo neobdav\u010dene nagrade, ki so odvisne od uspe\u0161nosti!<\/li>\n<li>Sodelujemo pri Jobticket!<\/li>\n<li>Ponujamo nadstandardno pla\u010dilo glede na kvalifikacije!<\/li>\n<li>Najemite svoje sanjsko kolo prek spletne strani www.bikeleasing.de, vklju\u010dno z zavarovanjem na ra\u010dunu.<br \/>\nzavarovanje na va\u0161em ra\u010dunu!<\/li>\n<li>Vse poizvedbe obravnavamo popolnoma zaupno!<br \/>\nNikoli ne stopimo v stik z va\u0161im trenutnim delodajalcem.<br \/>\nOBLJUBLJENO!<\/li>\n<li>Pomagali vam bomo najti primerno stanovanje, \u010de k nam potujete iz oddaljenih krajev!<\/li>\n<\/ul>\n<p>[\/vc_column_text][\/vc_column][\/vc_row][vc_row][vc_column][vc_separator el_width=&#8221;70&#8243;][\/vc_column][\/vc_row][vc_row][vc_column][vc_column_text]<\/p>\n<h1 style=\"text-align: center;\">Portal za prosilce<\/h1>\n<p style=\"text-align: center;\">Spodaj najdete na\u0161a prosta delovna mesta.<br \/>\nVeselimo se va\u0161e podrobne prijave!<\/p>\n<p>[\/vc_column_text][\/vc_column][\/vc_row][vc_row][vc_column][vc_separator el_width=&#8221;70&#8243;][\/vc_column][\/vc_row][vc_row disable_element=&#8221;yes&#8221;][vc_column width=&#8221;1\/4&#8243;][vc_column_text]<a href=\"https:\/\/www.moritz-gebaeudereinigung.de\/wp-content\/uploads\/Stellenanzeige-Gebaeudereiniger-Remscheid.jpg\"><img loading=\"lazy\" decoding=\"async\" class=\"fancybox-auto alignnone size-full wp-image-426\" src=\"https:\/\/www.moritz-gebaeudereinigung.de\/wp-content\/uploads\/Stellenanzeige-Gebaeudereiniger-Remscheid.jpg\" alt=\"Oglas za delo \u010distilec stavb\" width=\"750\" height=\"1000\" \/><\/a>[\/vc_column_text][\/vc_column][vc_column width=&#8221;3\/4&#8243;][vc_column_text css=&#8221;&#8221;]<\/p>\n<h3>\u010cistilec stavb (m\/\u017e\/d) takoj za polni in kraj\u0161i delovni \u010das za Remscheid in okolico<\/h3>\n<p><strong>Ponujamo:<\/strong> Dolgoro\u010dno delo s po\u0161tenim pla\u010dilom v prijazni ekipi.<\/p>\n<p><strong>Pri\u010dakujemo:<\/strong> Kon\u010dano poklicno izobra\u017eevanje (\u010distilec stavb), vozni\u0161ki izpit razreda B, dobro znanje nem\u0161kega jezika, zavzetost, za\u017eelene so delovne izku\u0161nje.<\/p>\n<p><strong>Pokli\u010dite nas na:<\/strong> <a href=\"tel:+49219161999\">02191 61 999<\/a> ali nam po\u0161ljite e-po\u0161to: <a href=\"mailto:bewerbung@moritz-gebaeudereinigung.de\">bewerbung@moritz-gebaeudereinigung.de<\/a>[\/vc_column_text][\/vc_column][\/vc_row][vc_row][vc_column][vc_empty_space height=&#8221;64px&#8221;][\/vc_column][\/vc_row]<\/p>\n<\/div>","protected":false},"excerpt":{"rendered":"<p>[vc_row][vc_column][vc_column_text][\/vc_column_text][\/vc_column][\/vc_row][vc_row full_width=&#8221;stretch_row_content_no_spaces&#8221; el_id=&#8221;Domov&#8221;][vc_column][vc_column_text el_class=&#8221;newsticker&#8221;][\/vc_column_text][\/vc_column][\/vc_row][vc_row][vc_column][vc_empty_space height=&#8221;64px&#8221;][\/vc_column][\/vc_row][vc_row][vc_column][vc_column_text] Zaposlujemo takoj! [\/vc_column_text][\/vc_column][\/vc_row][vc_row][vc_column width=&#8221;1\/2&#8243;][\/vc_column][vc_column width=&#8221;1\/2&#8243;][vc_column_text]Na\u0161i poudarki: Zaposlenim, ki so v podjetju zaposleni vsaj \u0161est mesecev, izpla\u010dujemo neobdav\u010dene nagrade, ki so odvisne od uspe\u0161nosti! Sodelujemo pri Jobticket! Ponujamo nadstandardno pla\u010dilo glede na kvalifikacije! Najemite svoje sanjsko kolo prek spletne strani www.bikeleasing.de, vklju\u010dno z zavarovanjem na ra\u010dunu. zavarovanje na va\u0161em ra\u010dunu! Vse [&hellip;]<\/p>\n","protected":false},"author":1,"featured_media":0,"parent":0,"menu_order":0,"comment_status":"closed","ping_status":"closed","template":"","meta":{"footnotes":""},"class_list":["post-42954","page","type-page","status-publish","hentry"],"yoast_head":"<!-- This site is optimized with the Yoast SEO plugin v27.5 - https:\/\/yoast.com\/product\/yoast-seo-wordpress\/ -->\n<title>Prijavite se zdaj - ponujamo dolgoro\u010dna delovna razmerja<\/title>\n<meta name=\"description\" content=\"Naredite kariero kot \u010distilec stavb (m\/\u017e) ali \u010distilka (m\/\u017e) v Remscheidu ali okolici. Veselimo se va\u0161e podrobne prijave!\" \/>\n<meta name=\"robots\" content=\"index, follow, max-snippet:-1, max-image-preview:large, max-video-preview:-1\" \/>\n<link rel=\"canonical\" href=\"https:\/\/www.moritz-gebaeudereinigung.de\/sl\/kariera\/\" \/>\n<meta property=\"og:locale\" content=\"sl_SI\" \/>\n<meta property=\"og:type\" content=\"article\" \/>\n<meta property=\"og:title\" content=\"Prijavite se zdaj - ponujamo dolgoro\u010dna delovna razmerja\" \/>\n<meta property=\"og:description\" content=\"Naredite kariero kot \u010distilec stavb (m\/\u017e) ali \u010distilka (m\/\u017e) v Remscheidu ali okolici. Veselimo se va\u0161e podrobne prijave!\" \/>\n<meta property=\"og:url\" content=\"https:\/\/www.moritz-gebaeudereinigung.de\/sl\/kariera\/\" \/>\n<meta property=\"og:site_name\" content=\"Moritz Geb\u00e4udereinigung\" \/>\n<meta property=\"article:publisher\" content=\"https:\/\/www.facebook.com\/MoritzGebaeudereinigung\/\" \/>\n<meta property=\"article:modified_time\" content=\"2024-10-28T15:54:49+00:00\" \/>\n<meta property=\"og:image\" content=\"https:\/\/www.moritz-gebaeudereinigung.de\/wp-content\/uploads\/karriere400-1.jpg\" \/>\n\t<meta property=\"og:image:width\" content=\"1200\" \/>\n\t<meta property=\"og:image:height\" content=\"400\" \/>\n\t<meta property=\"og:image:type\" content=\"image\/jpeg\" \/>\n<meta name=\"twitter:card\" content=\"summary_large_image\" \/>\n<meta name=\"twitter:label1\" content=\"Est. reading time\" \/>\n\t<meta name=\"twitter:data1\" content=\"2 minuti\" \/>\n<script type=\"application\/ld+json\" class=\"yoast-schema-graph\">{\"@context\":\"https:\\\/\\\/schema.org\",\"@graph\":[{\"@type\":\"WebPage\",\"@id\":\"https:\\\/\\\/www.moritz-gebaeudereinigung.de\\\/sl\\\/kariera\\\/\",\"url\":\"https:\\\/\\\/www.moritz-gebaeudereinigung.de\\\/sl\\\/kariera\\\/\",\"name\":\"Prijavite se zdaj - ponujamo dolgoro\u010dna delovna razmerja\",\"isPartOf\":{\"@id\":\"https:\\\/\\\/www.moritz-gebaeudereinigung.de\\\/sl\\\/#website\"},\"primaryImageOfPage\":{\"@id\":\"https:\\\/\\\/www.moritz-gebaeudereinigung.de\\\/sl\\\/kariera\\\/#primaryimage\"},\"image\":{\"@id\":\"https:\\\/\\\/www.moritz-gebaeudereinigung.de\\\/sl\\\/kariera\\\/#primaryimage\"},\"thumbnailUrl\":\"https:\\\/\\\/www.moritz-gebaeudereinigung.de\\\/wp-content\\\/uploads\\\/karriere400-1.jpg\",\"datePublished\":\"2017-05-04T06:29:28+00:00\",\"dateModified\":\"2024-10-28T15:54:49+00:00\",\"description\":\"Naredite kariero kot \u010distilec stavb (m\\\/\u017e) ali \u010distilka (m\\\/\u017e) v Remscheidu ali okolici. Veselimo se va\u0161e podrobne prijave!\",\"breadcrumb\":{\"@id\":\"https:\\\/\\\/www.moritz-gebaeudereinigung.de\\\/sl\\\/kariera\\\/#breadcrumb\"},\"inLanguage\":\"sl-SI\",\"potentialAction\":[{\"@type\":\"ReadAction\",\"target\":[\"https:\\\/\\\/www.moritz-gebaeudereinigung.de\\\/sl\\\/kariera\\\/\"]}]},{\"@type\":\"ImageObject\",\"inLanguage\":\"sl-SI\",\"@id\":\"https:\\\/\\\/www.moritz-gebaeudereinigung.de\\\/sl\\\/kariera\\\/#primaryimage\",\"url\":\"https:\\\/\\\/www.moritz-gebaeudereinigung.de\\\/wp-content\\\/uploads\\\/karriere400-1.jpg\",\"contentUrl\":\"https:\\\/\\\/www.moritz-gebaeudereinigung.de\\\/wp-content\\\/uploads\\\/karriere400-1.jpg\"},{\"@type\":\"BreadcrumbList\",\"@id\":\"https:\\\/\\\/www.moritz-gebaeudereinigung.de\\\/sl\\\/kariera\\\/#breadcrumb\",\"itemListElement\":[{\"@type\":\"ListItem\",\"position\":1,\"name\":\"Startseite\",\"item\":\"https:\\\/\\\/www.moritz-gebaeudereinigung.de\\\/sl\\\/\"},{\"@type\":\"ListItem\",\"position\":2,\"name\":\"Kariera\"}]},{\"@type\":\"WebSite\",\"@id\":\"https:\\\/\\\/www.moritz-gebaeudereinigung.de\\\/sl\\\/#website\",\"url\":\"https:\\\/\\\/www.moritz-gebaeudereinigung.de\\\/sl\\\/\",\"name\":\"Moritz Geb\u00e4udereinigung\",\"description\":\"\",\"publisher\":{\"@id\":\"https:\\\/\\\/www.moritz-gebaeudereinigung.de\\\/sl\\\/#organization\"},\"potentialAction\":[{\"@type\":\"SearchAction\",\"target\":{\"@type\":\"EntryPoint\",\"urlTemplate\":\"https:\\\/\\\/www.moritz-gebaeudereinigung.de\\\/sl\\\/?s={search_term_string}\"},\"query-input\":{\"@type\":\"PropertyValueSpecification\",\"valueRequired\":true,\"valueName\":\"search_term_string\"}}],\"inLanguage\":\"sl-SI\"},{\"@type\":\"Organization\",\"@id\":\"https:\\\/\\\/www.moritz-gebaeudereinigung.de\\\/sl\\\/#organization\",\"name\":\"Moritz Geb\u00e4udereinigung GmbH\",\"url\":\"https:\\\/\\\/www.moritz-gebaeudereinigung.de\\\/sl\\\/\",\"logo\":{\"@type\":\"ImageObject\",\"inLanguage\":\"sl-SI\",\"@id\":\"https:\\\/\\\/www.moritz-gebaeudereinigung.de\\\/sl\\\/#\\\/schema\\\/logo\\\/image\\\/\",\"url\":\"https:\\\/\\\/www.moritz-gebaeudereinigung.de\\\/wp-content\\\/uploads\\\/moritz.png\",\"contentUrl\":\"https:\\\/\\\/www.moritz-gebaeudereinigung.de\\\/wp-content\\\/uploads\\\/moritz.png\",\"width\":800,\"height\":210,\"caption\":\"Moritz Geb\u00e4udereinigung GmbH\"},\"image\":{\"@id\":\"https:\\\/\\\/www.moritz-gebaeudereinigung.de\\\/sl\\\/#\\\/schema\\\/logo\\\/image\\\/\"},\"sameAs\":[\"https:\\\/\\\/www.facebook.com\\\/MoritzGebaeudereinigung\\\/\"]}]}<\/script>\n<!-- \/ Yoast SEO plugin. -->","yoast_head_json":{"title":"Prijavite se zdaj - ponujamo dolgoro\u010dna delovna razmerja","description":"Naredite kariero kot \u010distilec stavb (m\/\u017e) ali \u010distilka (m\/\u017e) v Remscheidu ali okolici. Veselimo se va\u0161e podrobne prijave!","robots":{"index":"index","follow":"follow","max-snippet":"max-snippet:-1","max-image-preview":"max-image-preview:large","max-video-preview":"max-video-preview:-1"},"canonical":"https:\/\/www.moritz-gebaeudereinigung.de\/sl\/kariera\/","og_locale":"sl_SI","og_type":"article","og_title":"Prijavite se zdaj - ponujamo dolgoro\u010dna delovna razmerja","og_description":"Naredite kariero kot \u010distilec stavb (m\/\u017e) ali \u010distilka (m\/\u017e) v Remscheidu ali okolici. Veselimo se va\u0161e podrobne prijave!","og_url":"https:\/\/www.moritz-gebaeudereinigung.de\/sl\/kariera\/","og_site_name":"Moritz Geb\u00e4udereinigung","article_publisher":"https:\/\/www.facebook.com\/MoritzGebaeudereinigung\/","article_modified_time":"2024-10-28T15:54:49+00:00","og_image":[{"width":1200,"height":400,"url":"https:\/\/www.moritz-gebaeudereinigung.de\/wp-content\/uploads\/karriere400-1.jpg","type":"image\/jpeg"}],"twitter_card":"summary_large_image","twitter_misc":{"Est. reading time":"2 minuti"},"schema":{"@context":"https:\/\/schema.org","@graph":[{"@type":"WebPage","@id":"https:\/\/www.moritz-gebaeudereinigung.de\/sl\/kariera\/","url":"https:\/\/www.moritz-gebaeudereinigung.de\/sl\/kariera\/","name":"Prijavite se zdaj - ponujamo dolgoro\u010dna delovna razmerja","isPartOf":{"@id":"https:\/\/www.moritz-gebaeudereinigung.de\/sl\/#website"},"primaryImageOfPage":{"@id":"https:\/\/www.moritz-gebaeudereinigung.de\/sl\/kariera\/#primaryimage"},"image":{"@id":"https:\/\/www.moritz-gebaeudereinigung.de\/sl\/kariera\/#primaryimage"},"thumbnailUrl":"https:\/\/www.moritz-gebaeudereinigung.de\/wp-content\/uploads\/karriere400-1.jpg","datePublished":"2017-05-04T06:29:28+00:00","dateModified":"2024-10-28T15:54:49+00:00","description":"Naredite kariero kot \u010distilec stavb (m\/\u017e) ali \u010distilka (m\/\u017e) v Remscheidu ali okolici. Veselimo se va\u0161e podrobne prijave!","breadcrumb":{"@id":"https:\/\/www.moritz-gebaeudereinigung.de\/sl\/kariera\/#breadcrumb"},"inLanguage":"sl-SI","potentialAction":[{"@type":"ReadAction","target":["https:\/\/www.moritz-gebaeudereinigung.de\/sl\/kariera\/"]}]},{"@type":"ImageObject","inLanguage":"sl-SI","@id":"https:\/\/www.moritz-gebaeudereinigung.de\/sl\/kariera\/#primaryimage","url":"https:\/\/www.moritz-gebaeudereinigung.de\/wp-content\/uploads\/karriere400-1.jpg","contentUrl":"https:\/\/www.moritz-gebaeudereinigung.de\/wp-content\/uploads\/karriere400-1.jpg"},{"@type":"BreadcrumbList","@id":"https:\/\/www.moritz-gebaeudereinigung.de\/sl\/kariera\/#breadcrumb","itemListElement":[{"@type":"ListItem","position":1,"name":"Startseite","item":"https:\/\/www.moritz-gebaeudereinigung.de\/sl\/"},{"@type":"ListItem","position":2,"name":"Kariera"}]},{"@type":"WebSite","@id":"https:\/\/www.moritz-gebaeudereinigung.de\/sl\/#website","url":"https:\/\/www.moritz-gebaeudereinigung.de\/sl\/","name":"Moritz Geb\u00e4udereinigung","description":"","publisher":{"@id":"https:\/\/www.moritz-gebaeudereinigung.de\/sl\/#organization"},"potentialAction":[{"@type":"SearchAction","target":{"@type":"EntryPoint","urlTemplate":"https:\/\/www.moritz-gebaeudereinigung.de\/sl\/?s={search_term_string}"},"query-input":{"@type":"PropertyValueSpecification","valueRequired":true,"valueName":"search_term_string"}}],"inLanguage":"sl-SI"},{"@type":"Organization","@id":"https:\/\/www.moritz-gebaeudereinigung.de\/sl\/#organization","name":"Moritz Geb\u00e4udereinigung GmbH","url":"https:\/\/www.moritz-gebaeudereinigung.de\/sl\/","logo":{"@type":"ImageObject","inLanguage":"sl-SI","@id":"https:\/\/www.moritz-gebaeudereinigung.de\/sl\/#\/schema\/logo\/image\/","url":"https:\/\/www.moritz-gebaeudereinigung.de\/wp-content\/uploads\/moritz.png","contentUrl":"https:\/\/www.moritz-gebaeudereinigung.de\/wp-content\/uploads\/moritz.png","width":800,"height":210,"caption":"Moritz Geb\u00e4udereinigung GmbH"},"image":{"@id":"https:\/\/www.moritz-gebaeudereinigung.de\/sl\/#\/schema\/logo\/image\/"},"sameAs":["https:\/\/www.facebook.com\/MoritzGebaeudereinigung\/"]}]}},"_links":{"self":[{"href":"https:\/\/www.moritz-gebaeudereinigung.de\/sl\/wp-json\/wp\/v2\/pages\/42954","targetHints":{"allow":["GET"]}}],"collection":[{"href":"https:\/\/www.moritz-gebaeudereinigung.de\/sl\/wp-json\/wp\/v2\/pages"}],"about":[{"href":"https:\/\/www.moritz-gebaeudereinigung.de\/sl\/wp-json\/wp\/v2\/types\/page"}],"author":[{"embeddable":true,"href":"https:\/\/www.moritz-gebaeudereinigung.de\/sl\/wp-json\/wp\/v2\/users\/1"}],"replies":[{"embeddable":true,"href":"https:\/\/www.moritz-gebaeudereinigung.de\/sl\/wp-json\/wp\/v2\/comments?post=42954"}],"version-history":[{"count":0,"href":"https:\/\/www.moritz-gebaeudereinigung.de\/sl\/wp-json\/wp\/v2\/pages\/42954\/revisions"}],"wp:attachment":[{"href":"https:\/\/www.moritz-gebaeudereinigung.de\/sl\/wp-json\/wp\/v2\/media?parent=42954"}],"curies":[{"name":"wp","href":"https:\/\/api.w.org\/{rel}","templated":true}]}}