{"id":42955,"date":"2017-06-02T12:17:34","date_gmt":"2017-06-02T10:17:34","guid":{"rendered":"https:\/\/www.moritz-gebaeudereinigung.de\/obseg-storitev\/ciscenje-fasad\/"},"modified":"2024-10-02T11:00:44","modified_gmt":"2024-10-02T09:00:44","slug":"ciscenje-fasad","status":"publish","type":"page","link":"https:\/\/www.moritz-gebaeudereinigung.de\/sl\/obseg-storitev\/ciscenje-fasad\/","title":{"rendered":"\u010ci\u0161\u010denje fasad"},"content":{"rendered":"<div class=\"wpb-content-wrapper\"><p>[vc_row][vc_column][vc_column_text]<img loading=\"lazy\" decoding=\"async\" class=\"alignnone wp-image-146 size-full\" src=\"https:\/\/www.moritz-gebaeudereinigung.de\/wp-content\/uploads\/leistungen400-1.jpg\" alt=\"Spomladansko \u010di\u0161\u010denje\" width=\"1200\" height=\"400\" srcset=\"https:\/\/www.moritz-gebaeudereinigung.de\/wp-content\/uploads\/leistungen400-1.jpg 1200w, https:\/\/www.moritz-gebaeudereinigung.de\/wp-content\/uploads\/leistungen400-1-600x200.jpg 600w, https:\/\/www.moritz-gebaeudereinigung.de\/wp-content\/uploads\/leistungen400-1-300x100.jpg 300w, https:\/\/www.moritz-gebaeudereinigung.de\/wp-content\/uploads\/leistungen400-1-768x256.jpg 768w, https:\/\/www.moritz-gebaeudereinigung.de\/wp-content\/uploads\/leistungen400-1-800x267.jpg 800w, https:\/\/www.moritz-gebaeudereinigung.de\/wp-content\/uploads\/leistungen400-1-951x317.jpg 951w\" sizes=\"auto, (max-width: 1200px) 100vw, 1200px\" \/>[\/vc_column_text][\/vc_column][\/vc_row][vc_row][vc_column][vc_empty_space height=&#8221;64px&#8221;][\/vc_column][\/vc_row][vc_row][vc_column width=&#8221;1\/3&#8243;][vc_column_text]<\/p>\n<h2>Storitve<\/h2>\n<p>[\/vc_column_text][vc_wp_custommenu nav_menu=&#8221;3&#8243;][\/vc_column][vc_column width=&#8221;2\/3&#8243;][vc_single_image image=&#8221;42881&#8243; img_size=&#8221;full&#8221;][vc_column_text css=&#8221;&#8221;]<\/p>\n<h1>Na\u0161a nova in u\u010dinkovita tehnologija \u010di\u0161\u010denja fasad<\/h1>\n<p><strong>Razpr\u0161ite. Izperite. Za\u0161\u010ditite! <\/strong>[\/vc_column_text][vc_row_inner][vc_column_inner width=&#8221;1\/2&#8243;][vc_column_text]<\/p>\n<ul>\n<li>Odstranjevanje umazanije iz globokih por, tudi z algami, glivicami in plesnijo<\/li>\n<li>Za\u0161\u010dita pred ponovno oku\u017ebo z algami<\/li>\n<li>Do 70 % ceneje kot nov premaz<\/li>\n<li>Hitro in u\u010dinkovito<\/li>\n<\/ul>\n<p>[\/vc_column_text][\/vc_column_inner][vc_column_inner width=&#8221;1\/2&#8243;][vc_column_text]<\/p>\n<ul>\n<li>Trajnostni, okolju prijazni in biorazgradljivi<\/li>\n<li>Ne\u017eno \u010di\u0161\u010denje fasad<\/li>\n<li>Ni potreben odrivanje odrov<\/li>\n<li>Pove\u010da vrednost hi\u0161e<\/li>\n<\/ul>\n<p>[\/vc_column_text][\/vc_column_inner][\/vc_row_inner][vc_single_image image=&#8221;42880&#8243; img_size=&#8221;full&#8221;][vc_row_inner][vc_column_inner width=&#8221;1\/2&#8243;][vc_column_text]<\/p>\n<ul>\n<li>Oblikovane in obarvane fasade z \/ brez ETICS<\/li>\n<li>Kamnite plo\u0161\u010de in plo\u0161\u010de iz skrilavca<\/li>\n<li>Betonske fasade in izpostavljen betonski agregat<\/li>\n<\/ul>\n<p>[\/vc_column_text][\/vc_column_inner][vc_column_inner width=&#8221;1\/2&#8243;][vc_column_text]<\/p>\n<ul>\n<li>Fasade z zavesami<\/li>\n<li>Vlaknocementne plo\u0161\u010de<\/li>\n<li>plo\u010devinaste in aluminijaste fasade (barvane \/ pra\u0161no lakirane)<\/li>\n<\/ul>\n<p>[\/vc_column_text][\/vc_column_inner][\/vc_row_inner][vc_row_inner css=&#8221;.vc_custom_1576161669229{margin-bottom: 25px !important;border-top-width: 2px !important;border-right-width: 2px !important;border-bottom-width: 2px !important;border-left-width: 2px !important;padding-top: 25px !important;padding-right: 25px !important;padding-bottom: 25px !important;padding-left: 25px !important;border-left-color: #1e73be !important;border-left-style: solid !important;border-right-color: #1e73be !important;border-right-style: solid !important;border-top-color: #1e73be !important;border-top-style: solid !important;border-bottom-color: #1e73be !important;border-bottom-style: solid !important;}&#8221;][vc_column_inner][vc_column_text css=&#8221;&#8221;]<\/p>\n<h2 style=\"text-align: center;\">\u017delite to do\u017eiveti tudi sami?<\/h2>\n<p style=\"text-align: center;\">Izkoristite brezpla\u010dno poskusno obmo\u010dje.<br \/>\nPokli\u010dite nas in se dogovorite za termin: <a href=\"tel:+49219161999\">+49 2191 61999<\/a><\/p>\n<p>[\/vc_column_text][vc_btn title=&#8221;se neposredno dogovorite za sestanek&#8221; style=&#8221;flat&#8221; shape=&#8221;square&#8221; align=&#8221;center&#8221; css=&#8221;&#8221; link=&#8221;url:https%3A%2F%2Fwww.moritz-gebaeudereinigung.de%2Fsl%2Fpisite-nam%2F|title:Pi%C5%A1ite%20nam&#8221;][\/vc_column_inner][\/vc_row_inner][vc_column_text css=&#8221;&#8221;]Ko alge, plesni, glive in umazanija na fasadah postanejo te\u017eava, jih je treba hitro odstraniti. Podjetje Moritz Geb\u00e4udereinigung je specializirano za \u010di\u0161\u010denje in odstranjevanje alg s fasad. 90 % vseh umazanij na doma\u010dih fasadah je posledica rasti alg, plesni in glivic.[\/vc_column_text][vc_column_text css=&#8221;&#8221;]<\/p>\n<h3>Tako deluje na\u0161a tehnologija \u010di\u0161\u010denja fasad<\/h3>\n<p>Umazano fasado po\u0161kropimo z na\u0161im posebnim \u010distilom za fasade. Po kratkem \u010dasu je viden u\u010dinek, ki ne po\u0161koduje povr\u0161ine fasade. Po izteku \u010dasa izpostavljenosti lahko raztopljeno umazanijo ne\u017eno sperete.<\/p>\n<p>Da bi fasadi zagotovili potrebno za\u0161\u010dito pred ponovnimi oku\u017ebami, jo obdelamo z za\u0161\u010ditnim sredstvom za fasado. Ta za\u0161\u010dita prodre globoko v pore in zagotavlja dolgotrajno za\u0161\u010dito pred ponovno umazanijo.[\/vc_column_text][vc_single_image image=&#8221;42862&#8243; img_size=&#8221;full&#8221;][\/vc_column][\/vc_row][vc_row][vc_column][vc_empty_space height=&#8221;64px&#8221;][\/vc_column][\/vc_row][vc_row disable_element=&#8221;yes&#8221;][vc_column][vc_column_text]Strokovno \u010di\u0161\u010denje fasad u\u010dinkovito prispeva k ohranjanju vrednosti va\u0161e nepremi\u010dnine.<br \/>\nNa kraju samem vam bomo z veseljem svetovali glede primerne metode \u010di\u0161\u010denja, po naro\u010dilu pa bomo poskrbeli za strokovno odstranjevanje odpadne vode v skladu z vsemi zakonskimi smernicami.[\/vc_column_text][vc_column_text]<\/p>\n<h1>\u010ci\u0161\u010denje fasad<\/h1>\n<p>[\/vc_column_text][\/vc_column][\/vc_row]<\/p>\n<\/div>","protected":false},"excerpt":{"rendered":"<p>[vc_row][vc_column][vc_column_text][\/vc_column_text][\/vc_column][\/vc_row][vc_row][vc_column][vc_empty_space height=&#8221;64px&#8221;][\/vc_column][\/vc_row][vc_row][vc_column width=&#8221;1\/3&#8243;][vc_column_text] Storitve [\/vc_column_text][vc_wp_custommenu nav_menu=&#8221;3&#8243;][\/vc_column][vc_column width=&#8221;2\/3&#8243;][vc_single_image image=&#8221;42881&#8243; img_size=&#8221;full&#8221;][vc_column_text css=&#8221;&#8221;] Na\u0161a nova in u\u010dinkovita tehnologija \u010di\u0161\u010denja fasad Razpr\u0161ite. Izperite. Za\u0161\u010ditite! [\/vc_column_text][vc_row_inner][vc_column_inner width=&#8221;1\/2&#8243;][vc_column_text] Odstranjevanje umazanije iz globokih por, tudi z algami, glivicami in plesnijo Za\u0161\u010dita pred ponovno oku\u017ebo z algami Do 70 % ceneje kot nov premaz Hitro in u\u010dinkovito [\/vc_column_text][\/vc_column_inner][vc_column_inner width=&#8221;1\/2&#8243;][vc_column_text] Trajnostni, okolju prijazni in [&hellip;]<\/p>\n","protected":false},"author":1,"featured_media":0,"parent":42893,"menu_order":0,"comment_status":"closed","ping_status":"closed","template":"","meta":{"footnotes":""},"class_list":["post-42955","page","type-page","status-publish","hentry"],"yoast_head":"<!-- This site is optimized with the Yoast SEO plugin v27.5 - https:\/\/yoast.com\/product\/yoast-seo-wordpress\/ -->\n<title>\u010ci\u0161\u010denje fasade za ohranjanje vrednosti va\u0161e nepremi\u010dnine<\/title>\n<meta name=\"description\" content=\"Imate na fasadi alge, plesni, glivice in umazanijo? \u010cistimo do globine por in \u0161\u010ditimo pred ponovnim napadom alg. Preizkusite nas!\" \/>\n<meta name=\"robots\" content=\"index, follow, max-snippet:-1, max-image-preview:large, max-video-preview:-1\" \/>\n<link rel=\"canonical\" href=\"https:\/\/www.moritz-gebaeudereinigung.de\/sl\/obseg-storitev\/ciscenje-fasad\/\" \/>\n<meta property=\"og:locale\" content=\"sl_SI\" \/>\n<meta property=\"og:type\" content=\"article\" \/>\n<meta property=\"og:title\" content=\"\u010ci\u0161\u010denje fasade za ohranjanje vrednosti va\u0161e nepremi\u010dnine\" \/>\n<meta property=\"og:description\" content=\"Imate na fasadi alge, plesni, glivice in umazanijo? \u010cistimo do globine por in \u0161\u010ditimo pred ponovnim napadom alg. Preizkusite nas!\" \/>\n<meta property=\"og:url\" content=\"https:\/\/www.moritz-gebaeudereinigung.de\/sl\/obseg-storitev\/ciscenje-fasad\/\" \/>\n<meta property=\"og:site_name\" content=\"Moritz Geb\u00e4udereinigung\" \/>\n<meta property=\"article:publisher\" content=\"https:\/\/www.facebook.com\/MoritzGebaeudereinigung\/\" \/>\n<meta property=\"article:modified_time\" content=\"2024-10-02T09:00:44+00:00\" \/>\n<meta property=\"og:image\" content=\"https:\/\/www.moritz-gebaeudereinigung.de\/wp-content\/uploads\/leistungen400-1.jpg\" \/>\n<meta name=\"twitter:card\" content=\"summary_large_image\" \/>\n<meta name=\"twitter:label1\" content=\"Est. reading time\" \/>\n\t<meta name=\"twitter:data1\" content=\"3 minute\" \/>\n<script type=\"application\/ld+json\" class=\"yoast-schema-graph\">{\"@context\":\"https:\\\/\\\/schema.org\",\"@graph\":[{\"@type\":\"WebPage\",\"@id\":\"https:\\\/\\\/www.moritz-gebaeudereinigung.de\\\/sl\\\/obseg-storitev\\\/ciscenje-fasad\\\/\",\"url\":\"https:\\\/\\\/www.moritz-gebaeudereinigung.de\\\/sl\\\/obseg-storitev\\\/ciscenje-fasad\\\/\",\"name\":\"\u010ci\u0161\u010denje fasade za ohranjanje vrednosti va\u0161e nepremi\u010dnine\",\"isPartOf\":{\"@id\":\"https:\\\/\\\/www.moritz-gebaeudereinigung.de\\\/sl\\\/#website\"},\"primaryImageOfPage\":{\"@id\":\"https:\\\/\\\/www.moritz-gebaeudereinigung.de\\\/sl\\\/obseg-storitev\\\/ciscenje-fasad\\\/#primaryimage\"},\"image\":{\"@id\":\"https:\\\/\\\/www.moritz-gebaeudereinigung.de\\\/sl\\\/obseg-storitev\\\/ciscenje-fasad\\\/#primaryimage\"},\"thumbnailUrl\":\"https:\\\/\\\/www.moritz-gebaeudereinigung.de\\\/wp-content\\\/uploads\\\/leistungen400-1.jpg\",\"datePublished\":\"2017-06-02T10:17:34+00:00\",\"dateModified\":\"2024-10-02T09:00:44+00:00\",\"description\":\"Imate na fasadi alge, plesni, glivice in umazanijo? \u010cistimo do globine por in \u0161\u010ditimo pred ponovnim napadom alg. Preizkusite nas!\",\"breadcrumb\":{\"@id\":\"https:\\\/\\\/www.moritz-gebaeudereinigung.de\\\/sl\\\/obseg-storitev\\\/ciscenje-fasad\\\/#breadcrumb\"},\"inLanguage\":\"sl-SI\",\"potentialAction\":[{\"@type\":\"ReadAction\",\"target\":[\"https:\\\/\\\/www.moritz-gebaeudereinigung.de\\\/sl\\\/obseg-storitev\\\/ciscenje-fasad\\\/\"]}]},{\"@type\":\"ImageObject\",\"inLanguage\":\"sl-SI\",\"@id\":\"https:\\\/\\\/www.moritz-gebaeudereinigung.de\\\/sl\\\/obseg-storitev\\\/ciscenje-fasad\\\/#primaryimage\",\"url\":\"https:\\\/\\\/www.moritz-gebaeudereinigung.de\\\/wp-content\\\/uploads\\\/leistungen400-1.jpg\",\"contentUrl\":\"https:\\\/\\\/www.moritz-gebaeudereinigung.de\\\/wp-content\\\/uploads\\\/leistungen400-1.jpg\"},{\"@type\":\"BreadcrumbList\",\"@id\":\"https:\\\/\\\/www.moritz-gebaeudereinigung.de\\\/sl\\\/obseg-storitev\\\/ciscenje-fasad\\\/#breadcrumb\",\"itemListElement\":[{\"@type\":\"ListItem\",\"position\":1,\"name\":\"Startseite\",\"item\":\"https:\\\/\\\/www.moritz-gebaeudereinigung.de\\\/sl\\\/\"},{\"@type\":\"ListItem\",\"position\":2,\"name\":\"Obseg storitev\",\"item\":\"https:\\\/\\\/www.moritz-gebaeudereinigung.de\\\/sl\\\/?page_id=42893\"},{\"@type\":\"ListItem\",\"position\":3,\"name\":\"\u010ci\u0161\u010denje fasad\"}]},{\"@type\":\"WebSite\",\"@id\":\"https:\\\/\\\/www.moritz-gebaeudereinigung.de\\\/sl\\\/#website\",\"url\":\"https:\\\/\\\/www.moritz-gebaeudereinigung.de\\\/sl\\\/\",\"name\":\"Moritz Geb\u00e4udereinigung\",\"description\":\"\",\"publisher\":{\"@id\":\"https:\\\/\\\/www.moritz-gebaeudereinigung.de\\\/sl\\\/#organization\"},\"potentialAction\":[{\"@type\":\"SearchAction\",\"target\":{\"@type\":\"EntryPoint\",\"urlTemplate\":\"https:\\\/\\\/www.moritz-gebaeudereinigung.de\\\/sl\\\/?s={search_term_string}\"},\"query-input\":{\"@type\":\"PropertyValueSpecification\",\"valueRequired\":true,\"valueName\":\"search_term_string\"}}],\"inLanguage\":\"sl-SI\"},{\"@type\":\"Organization\",\"@id\":\"https:\\\/\\\/www.moritz-gebaeudereinigung.de\\\/sl\\\/#organization\",\"name\":\"Moritz Geb\u00e4udereinigung GmbH\",\"url\":\"https:\\\/\\\/www.moritz-gebaeudereinigung.de\\\/sl\\\/\",\"logo\":{\"@type\":\"ImageObject\",\"inLanguage\":\"sl-SI\",\"@id\":\"https:\\\/\\\/www.moritz-gebaeudereinigung.de\\\/sl\\\/#\\\/schema\\\/logo\\\/image\\\/\",\"url\":\"https:\\\/\\\/www.moritz-gebaeudereinigung.de\\\/wp-content\\\/uploads\\\/moritz.png\",\"contentUrl\":\"https:\\\/\\\/www.moritz-gebaeudereinigung.de\\\/wp-content\\\/uploads\\\/moritz.png\",\"width\":800,\"height\":210,\"caption\":\"Moritz Geb\u00e4udereinigung GmbH\"},\"image\":{\"@id\":\"https:\\\/\\\/www.moritz-gebaeudereinigung.de\\\/sl\\\/#\\\/schema\\\/logo\\\/image\\\/\"},\"sameAs\":[\"https:\\\/\\\/www.facebook.com\\\/MoritzGebaeudereinigung\\\/\"]}]}<\/script>\n<!-- \/ Yoast SEO plugin. -->","yoast_head_json":{"title":"\u010ci\u0161\u010denje fasade za ohranjanje vrednosti va\u0161e nepremi\u010dnine","description":"Imate na fasadi alge, plesni, glivice in umazanijo? \u010cistimo do globine por in \u0161\u010ditimo pred ponovnim napadom alg. Preizkusite nas!","robots":{"index":"index","follow":"follow","max-snippet":"max-snippet:-1","max-image-preview":"max-image-preview:large","max-video-preview":"max-video-preview:-1"},"canonical":"https:\/\/www.moritz-gebaeudereinigung.de\/sl\/obseg-storitev\/ciscenje-fasad\/","og_locale":"sl_SI","og_type":"article","og_title":"\u010ci\u0161\u010denje fasade za ohranjanje vrednosti va\u0161e nepremi\u010dnine","og_description":"Imate na fasadi alge, plesni, glivice in umazanijo? \u010cistimo do globine por in \u0161\u010ditimo pred ponovnim napadom alg. Preizkusite nas!","og_url":"https:\/\/www.moritz-gebaeudereinigung.de\/sl\/obseg-storitev\/ciscenje-fasad\/","og_site_name":"Moritz Geb\u00e4udereinigung","article_publisher":"https:\/\/www.facebook.com\/MoritzGebaeudereinigung\/","article_modified_time":"2024-10-02T09:00:44+00:00","og_image":[{"url":"https:\/\/www.moritz-gebaeudereinigung.de\/wp-content\/uploads\/leistungen400-1.jpg","type":"","width":"","height":""}],"twitter_card":"summary_large_image","twitter_misc":{"Est. reading time":"3 minute"},"schema":{"@context":"https:\/\/schema.org","@graph":[{"@type":"WebPage","@id":"https:\/\/www.moritz-gebaeudereinigung.de\/sl\/obseg-storitev\/ciscenje-fasad\/","url":"https:\/\/www.moritz-gebaeudereinigung.de\/sl\/obseg-storitev\/ciscenje-fasad\/","name":"\u010ci\u0161\u010denje fasade za ohranjanje vrednosti va\u0161e nepremi\u010dnine","isPartOf":{"@id":"https:\/\/www.moritz-gebaeudereinigung.de\/sl\/#website"},"primaryImageOfPage":{"@id":"https:\/\/www.moritz-gebaeudereinigung.de\/sl\/obseg-storitev\/ciscenje-fasad\/#primaryimage"},"image":{"@id":"https:\/\/www.moritz-gebaeudereinigung.de\/sl\/obseg-storitev\/ciscenje-fasad\/#primaryimage"},"thumbnailUrl":"https:\/\/www.moritz-gebaeudereinigung.de\/wp-content\/uploads\/leistungen400-1.jpg","datePublished":"2017-06-02T10:17:34+00:00","dateModified":"2024-10-02T09:00:44+00:00","description":"Imate na fasadi alge, plesni, glivice in umazanijo? \u010cistimo do globine por in \u0161\u010ditimo pred ponovnim napadom alg. Preizkusite nas!","breadcrumb":{"@id":"https:\/\/www.moritz-gebaeudereinigung.de\/sl\/obseg-storitev\/ciscenje-fasad\/#breadcrumb"},"inLanguage":"sl-SI","potentialAction":[{"@type":"ReadAction","target":["https:\/\/www.moritz-gebaeudereinigung.de\/sl\/obseg-storitev\/ciscenje-fasad\/"]}]},{"@type":"ImageObject","inLanguage":"sl-SI","@id":"https:\/\/www.moritz-gebaeudereinigung.de\/sl\/obseg-storitev\/ciscenje-fasad\/#primaryimage","url":"https:\/\/www.moritz-gebaeudereinigung.de\/wp-content\/uploads\/leistungen400-1.jpg","contentUrl":"https:\/\/www.moritz-gebaeudereinigung.de\/wp-content\/uploads\/leistungen400-1.jpg"},{"@type":"BreadcrumbList","@id":"https:\/\/www.moritz-gebaeudereinigung.de\/sl\/obseg-storitev\/ciscenje-fasad\/#breadcrumb","itemListElement":[{"@type":"ListItem","position":1,"name":"Startseite","item":"https:\/\/www.moritz-gebaeudereinigung.de\/sl\/"},{"@type":"ListItem","position":2,"name":"Obseg storitev","item":"https:\/\/www.moritz-gebaeudereinigung.de\/sl\/?page_id=42893"},{"@type":"ListItem","position":3,"name":"\u010ci\u0161\u010denje fasad"}]},{"@type":"WebSite","@id":"https:\/\/www.moritz-gebaeudereinigung.de\/sl\/#website","url":"https:\/\/www.moritz-gebaeudereinigung.de\/sl\/","name":"Moritz Geb\u00e4udereinigung","description":"","publisher":{"@id":"https:\/\/www.moritz-gebaeudereinigung.de\/sl\/#organization"},"potentialAction":[{"@type":"SearchAction","target":{"@type":"EntryPoint","urlTemplate":"https:\/\/www.moritz-gebaeudereinigung.de\/sl\/?s={search_term_string}"},"query-input":{"@type":"PropertyValueSpecification","valueRequired":true,"valueName":"search_term_string"}}],"inLanguage":"sl-SI"},{"@type":"Organization","@id":"https:\/\/www.moritz-gebaeudereinigung.de\/sl\/#organization","name":"Moritz Geb\u00e4udereinigung GmbH","url":"https:\/\/www.moritz-gebaeudereinigung.de\/sl\/","logo":{"@type":"ImageObject","inLanguage":"sl-SI","@id":"https:\/\/www.moritz-gebaeudereinigung.de\/sl\/#\/schema\/logo\/image\/","url":"https:\/\/www.moritz-gebaeudereinigung.de\/wp-content\/uploads\/moritz.png","contentUrl":"https:\/\/www.moritz-gebaeudereinigung.de\/wp-content\/uploads\/moritz.png","width":800,"height":210,"caption":"Moritz Geb\u00e4udereinigung GmbH"},"image":{"@id":"https:\/\/www.moritz-gebaeudereinigung.de\/sl\/#\/schema\/logo\/image\/"},"sameAs":["https:\/\/www.facebook.com\/MoritzGebaeudereinigung\/"]}]}},"_links":{"self":[{"href":"https:\/\/www.moritz-gebaeudereinigung.de\/sl\/wp-json\/wp\/v2\/pages\/42955","targetHints":{"allow":["GET"]}}],"collection":[{"href":"https:\/\/www.moritz-gebaeudereinigung.de\/sl\/wp-json\/wp\/v2\/pages"}],"about":[{"href":"https:\/\/www.moritz-gebaeudereinigung.de\/sl\/wp-json\/wp\/v2\/types\/page"}],"author":[{"embeddable":true,"href":"https:\/\/www.moritz-gebaeudereinigung.de\/sl\/wp-json\/wp\/v2\/users\/1"}],"replies":[{"embeddable":true,"href":"https:\/\/www.moritz-gebaeudereinigung.de\/sl\/wp-json\/wp\/v2\/comments?post=42955"}],"version-history":[{"count":0,"href":"https:\/\/www.moritz-gebaeudereinigung.de\/sl\/wp-json\/wp\/v2\/pages\/42955\/revisions"}],"up":[{"embeddable":true,"href":"https:\/\/www.moritz-gebaeudereinigung.de\/sl\/wp-json\/wp\/v2\/pages\/42893"}],"wp:attachment":[{"href":"https:\/\/www.moritz-gebaeudereinigung.de\/sl\/wp-json\/wp\/v2\/media?parent=42955"}],"curies":[{"name":"wp","href":"https:\/\/api.w.org\/{rel}","templated":true}]}}