{"id":42970,"date":"2017-06-02T12:16:55","date_gmt":"2017-06-02T10:16:55","guid":{"rendered":"https:\/\/www.moritz-gebaeudereinigung.de\/obseg-storitev\/ciscenje-stopnisc-in-pisarn\/"},"modified":"2024-10-02T10:57:05","modified_gmt":"2024-10-02T08:57:05","slug":"ciscenje-stopnisc-in-pisarn","status":"publish","type":"page","link":"https:\/\/www.moritz-gebaeudereinigung.de\/sl\/obseg-storitev\/ciscenje-stopnisc-in-pisarn\/","title":{"rendered":"\u010ci\u0161\u010denje stopni\u0161\u010d in pisarn"},"content":{"rendered":"<div class=\"wpb-content-wrapper\"><p>[vc_row][vc_column][vc_column_text]<img loading=\"lazy\" decoding=\"async\" class=\"alignnone wp-image-146 size-full\" src=\"https:\/\/www.moritz-gebaeudereinigung.de\/wp-content\/uploads\/leistungen400-1.jpg\" alt=\"Spomladansko \u010di\u0161\u010denje\" width=\"1200\" height=\"400\" srcset=\"https:\/\/www.moritz-gebaeudereinigung.de\/wp-content\/uploads\/leistungen400-1.jpg 1200w, https:\/\/www.moritz-gebaeudereinigung.de\/wp-content\/uploads\/leistungen400-1-600x200.jpg 600w, https:\/\/www.moritz-gebaeudereinigung.de\/wp-content\/uploads\/leistungen400-1-300x100.jpg 300w, https:\/\/www.moritz-gebaeudereinigung.de\/wp-content\/uploads\/leistungen400-1-768x256.jpg 768w, https:\/\/www.moritz-gebaeudereinigung.de\/wp-content\/uploads\/leistungen400-1-800x267.jpg 800w, https:\/\/www.moritz-gebaeudereinigung.de\/wp-content\/uploads\/leistungen400-1-951x317.jpg 951w\" sizes=\"auto, (max-width: 1200px) 100vw, 1200px\" \/>[\/vc_column_text][\/vc_column][\/vc_row][vc_row][vc_column][vc_empty_space height=&#8221;64px&#8221;][\/vc_column][\/vc_row][vc_row][vc_column width=&#8221;1\/3&#8243;][vc_column_text]<\/p>\n<h2>Storitve<\/h2>\n<p>[\/vc_column_text][vc_wp_custommenu nav_menu=&#8221;3&#8243;][\/vc_column][vc_column width=&#8221;2\/3&#8243;][vc_column_text]<\/p>\n<h1>\u010ci\u0161\u010denje pisarn in stopni\u0161\u010d<\/h1>\n<p>[\/vc_column_text][vc_single_image image=&#8221;42861&#8243; img_size=&#8221;full&#8221;][vc_column_text css=&#8221;&#8221;]Strokovno vzdr\u017eevalno \u010di\u0161\u010denje ne pomaga le ohranjati vrednosti stavb, temve\u010d zagotavlja tudi potrebno higieno. Ustvarimo koncept \u010di\u0161\u010denja, ki vam ustreza.<\/p>\n<p>Brez pogodbenih obveznosti, z na\u0161im jamstvom za zadovoljstvo!<br \/>\nStopite v stik z nami![\/vc_column_text][\/vc_column][\/vc_row][vc_row][vc_column][vc_empty_space height=&#8221;64px&#8221;][\/vc_column][\/vc_row]<\/p>\n<\/div>","protected":false},"excerpt":{"rendered":"<p>[vc_row][vc_column][vc_column_text][\/vc_column_text][\/vc_column][\/vc_row][vc_row][vc_column][vc_empty_space height=&#8221;64px&#8221;][\/vc_column][\/vc_row][vc_row][vc_column width=&#8221;1\/3&#8243;][vc_column_text] Storitve [\/vc_column_text][vc_wp_custommenu nav_menu=&#8221;3&#8243;][\/vc_column][vc_column width=&#8221;2\/3&#8243;][vc_column_text] \u010ci\u0161\u010denje pisarn in stopni\u0161\u010d [\/vc_column_text][vc_single_image image=&#8221;42861&#8243; img_size=&#8221;full&#8221;][vc_column_text css=&#8221;&#8221;]Strokovno vzdr\u017eevalno \u010di\u0161\u010denje ne pomaga le ohranjati vrednosti stavb, temve\u010d zagotavlja tudi potrebno higieno. Ustvarimo koncept \u010di\u0161\u010denja, ki vam ustreza. Brez pogodbenih obveznosti, z na\u0161im jamstvom za zadovoljstvo! Stopite v stik z nami![\/vc_column_text][\/vc_column][\/vc_row][vc_row][vc_column][vc_empty_space height=&#8221;64px&#8221;][\/vc_column][\/vc_row]<\/p>\n","protected":false},"author":1,"featured_media":0,"parent":42893,"menu_order":0,"comment_status":"closed","ping_status":"closed","template":"","meta":{"footnotes":""},"class_list":["post-42970","page","type-page","status-publish","hentry"],"yoast_head":"<!-- This site is optimized with the Yoast SEO plugin v27.5 - https:\/\/yoast.com\/product\/yoast-seo-wordpress\/ -->\n<title>Profesionalno vzdr\u017eevalno \u010di\u0161\u010denje brez pogodbenih obveznosti<\/title>\n<meta name=\"description\" content=\"Strokovno vzdr\u017eevalno \u010di\u0161\u010denje zagotavlja potrebno higieno. Ustvarili bomo koncept \u010di\u0161\u010denja, ki vam bo ustrezal.\" \/>\n<meta name=\"robots\" content=\"index, follow, max-snippet:-1, max-image-preview:large, max-video-preview:-1\" \/>\n<link rel=\"canonical\" href=\"https:\/\/www.moritz-gebaeudereinigung.de\/sl\/obseg-storitev\/ciscenje-stopnisc-in-pisarn\/\" \/>\n<meta property=\"og:locale\" content=\"sl_SI\" \/>\n<meta property=\"og:type\" content=\"article\" \/>\n<meta property=\"og:title\" content=\"Profesionalno vzdr\u017eevalno \u010di\u0161\u010denje brez pogodbenih obveznosti\" \/>\n<meta property=\"og:description\" content=\"Strokovno vzdr\u017eevalno \u010di\u0161\u010denje zagotavlja potrebno higieno. Ustvarili bomo koncept \u010di\u0161\u010denja, ki vam bo ustrezal.\" \/>\n<meta property=\"og:url\" content=\"https:\/\/www.moritz-gebaeudereinigung.de\/sl\/obseg-storitev\/ciscenje-stopnisc-in-pisarn\/\" \/>\n<meta property=\"og:site_name\" content=\"Moritz Geb\u00e4udereinigung\" \/>\n<meta property=\"article:publisher\" content=\"https:\/\/www.facebook.com\/MoritzGebaeudereinigung\/\" \/>\n<meta property=\"article:modified_time\" content=\"2024-10-02T08:57:05+00:00\" \/>\n<meta property=\"og:image\" content=\"https:\/\/www.moritz-gebaeudereinigung.de\/wp-content\/uploads\/leistungen400-1.jpg\" \/>\n<meta name=\"twitter:card\" content=\"summary_large_image\" \/>\n<meta name=\"twitter:label1\" content=\"Est. reading time\" \/>\n\t<meta name=\"twitter:data1\" content=\"1 minuta\" \/>\n<script type=\"application\/ld+json\" class=\"yoast-schema-graph\">{\"@context\":\"https:\\\/\\\/schema.org\",\"@graph\":[{\"@type\":\"WebPage\",\"@id\":\"https:\\\/\\\/www.moritz-gebaeudereinigung.de\\\/sl\\\/obseg-storitev\\\/ciscenje-stopnisc-in-pisarn\\\/\",\"url\":\"https:\\\/\\\/www.moritz-gebaeudereinigung.de\\\/sl\\\/obseg-storitev\\\/ciscenje-stopnisc-in-pisarn\\\/\",\"name\":\"Profesionalno vzdr\u017eevalno \u010di\u0161\u010denje brez pogodbenih obveznosti\",\"isPartOf\":{\"@id\":\"https:\\\/\\\/www.moritz-gebaeudereinigung.de\\\/sl\\\/#website\"},\"primaryImageOfPage\":{\"@id\":\"https:\\\/\\\/www.moritz-gebaeudereinigung.de\\\/sl\\\/obseg-storitev\\\/ciscenje-stopnisc-in-pisarn\\\/#primaryimage\"},\"image\":{\"@id\":\"https:\\\/\\\/www.moritz-gebaeudereinigung.de\\\/sl\\\/obseg-storitev\\\/ciscenje-stopnisc-in-pisarn\\\/#primaryimage\"},\"thumbnailUrl\":\"https:\\\/\\\/www.moritz-gebaeudereinigung.de\\\/wp-content\\\/uploads\\\/leistungen400-1.jpg\",\"datePublished\":\"2017-06-02T10:16:55+00:00\",\"dateModified\":\"2024-10-02T08:57:05+00:00\",\"description\":\"Strokovno vzdr\u017eevalno \u010di\u0161\u010denje zagotavlja potrebno higieno. Ustvarili bomo koncept \u010di\u0161\u010denja, ki vam bo ustrezal.\",\"breadcrumb\":{\"@id\":\"https:\\\/\\\/www.moritz-gebaeudereinigung.de\\\/sl\\\/obseg-storitev\\\/ciscenje-stopnisc-in-pisarn\\\/#breadcrumb\"},\"inLanguage\":\"sl-SI\",\"potentialAction\":[{\"@type\":\"ReadAction\",\"target\":[\"https:\\\/\\\/www.moritz-gebaeudereinigung.de\\\/sl\\\/obseg-storitev\\\/ciscenje-stopnisc-in-pisarn\\\/\"]}]},{\"@type\":\"ImageObject\",\"inLanguage\":\"sl-SI\",\"@id\":\"https:\\\/\\\/www.moritz-gebaeudereinigung.de\\\/sl\\\/obseg-storitev\\\/ciscenje-stopnisc-in-pisarn\\\/#primaryimage\",\"url\":\"https:\\\/\\\/www.moritz-gebaeudereinigung.de\\\/wp-content\\\/uploads\\\/leistungen400-1.jpg\",\"contentUrl\":\"https:\\\/\\\/www.moritz-gebaeudereinigung.de\\\/wp-content\\\/uploads\\\/leistungen400-1.jpg\"},{\"@type\":\"BreadcrumbList\",\"@id\":\"https:\\\/\\\/www.moritz-gebaeudereinigung.de\\\/sl\\\/obseg-storitev\\\/ciscenje-stopnisc-in-pisarn\\\/#breadcrumb\",\"itemListElement\":[{\"@type\":\"ListItem\",\"position\":1,\"name\":\"Startseite\",\"item\":\"https:\\\/\\\/www.moritz-gebaeudereinigung.de\\\/sl\\\/\"},{\"@type\":\"ListItem\",\"position\":2,\"name\":\"Obseg storitev\",\"item\":\"https:\\\/\\\/www.moritz-gebaeudereinigung.de\\\/sl\\\/?page_id=42893\"},{\"@type\":\"ListItem\",\"position\":3,\"name\":\"\u010ci\u0161\u010denje stopni\u0161\u010d in pisarn\"}]},{\"@type\":\"WebSite\",\"@id\":\"https:\\\/\\\/www.moritz-gebaeudereinigung.de\\\/sl\\\/#website\",\"url\":\"https:\\\/\\\/www.moritz-gebaeudereinigung.de\\\/sl\\\/\",\"name\":\"Moritz Geb\u00e4udereinigung\",\"description\":\"\",\"publisher\":{\"@id\":\"https:\\\/\\\/www.moritz-gebaeudereinigung.de\\\/sl\\\/#organization\"},\"potentialAction\":[{\"@type\":\"SearchAction\",\"target\":{\"@type\":\"EntryPoint\",\"urlTemplate\":\"https:\\\/\\\/www.moritz-gebaeudereinigung.de\\\/sl\\\/?s={search_term_string}\"},\"query-input\":{\"@type\":\"PropertyValueSpecification\",\"valueRequired\":true,\"valueName\":\"search_term_string\"}}],\"inLanguage\":\"sl-SI\"},{\"@type\":\"Organization\",\"@id\":\"https:\\\/\\\/www.moritz-gebaeudereinigung.de\\\/sl\\\/#organization\",\"name\":\"Moritz Geb\u00e4udereinigung GmbH\",\"url\":\"https:\\\/\\\/www.moritz-gebaeudereinigung.de\\\/sl\\\/\",\"logo\":{\"@type\":\"ImageObject\",\"inLanguage\":\"sl-SI\",\"@id\":\"https:\\\/\\\/www.moritz-gebaeudereinigung.de\\\/sl\\\/#\\\/schema\\\/logo\\\/image\\\/\",\"url\":\"https:\\\/\\\/www.moritz-gebaeudereinigung.de\\\/wp-content\\\/uploads\\\/moritz.png\",\"contentUrl\":\"https:\\\/\\\/www.moritz-gebaeudereinigung.de\\\/wp-content\\\/uploads\\\/moritz.png\",\"width\":800,\"height\":210,\"caption\":\"Moritz Geb\u00e4udereinigung GmbH\"},\"image\":{\"@id\":\"https:\\\/\\\/www.moritz-gebaeudereinigung.de\\\/sl\\\/#\\\/schema\\\/logo\\\/image\\\/\"},\"sameAs\":[\"https:\\\/\\\/www.facebook.com\\\/MoritzGebaeudereinigung\\\/\"]}]}<\/script>\n<!-- \/ Yoast SEO plugin. -->","yoast_head_json":{"title":"Profesionalno vzdr\u017eevalno \u010di\u0161\u010denje brez pogodbenih obveznosti","description":"Strokovno vzdr\u017eevalno \u010di\u0161\u010denje zagotavlja potrebno higieno. Ustvarili bomo koncept \u010di\u0161\u010denja, ki vam bo ustrezal.","robots":{"index":"index","follow":"follow","max-snippet":"max-snippet:-1","max-image-preview":"max-image-preview:large","max-video-preview":"max-video-preview:-1"},"canonical":"https:\/\/www.moritz-gebaeudereinigung.de\/sl\/obseg-storitev\/ciscenje-stopnisc-in-pisarn\/","og_locale":"sl_SI","og_type":"article","og_title":"Profesionalno vzdr\u017eevalno \u010di\u0161\u010denje brez pogodbenih obveznosti","og_description":"Strokovno vzdr\u017eevalno \u010di\u0161\u010denje zagotavlja potrebno higieno. Ustvarili bomo koncept \u010di\u0161\u010denja, ki vam bo ustrezal.","og_url":"https:\/\/www.moritz-gebaeudereinigung.de\/sl\/obseg-storitev\/ciscenje-stopnisc-in-pisarn\/","og_site_name":"Moritz Geb\u00e4udereinigung","article_publisher":"https:\/\/www.facebook.com\/MoritzGebaeudereinigung\/","article_modified_time":"2024-10-02T08:57:05+00:00","og_image":[{"url":"https:\/\/www.moritz-gebaeudereinigung.de\/wp-content\/uploads\/leistungen400-1.jpg","type":"","width":"","height":""}],"twitter_card":"summary_large_image","twitter_misc":{"Est. reading time":"1 minuta"},"schema":{"@context":"https:\/\/schema.org","@graph":[{"@type":"WebPage","@id":"https:\/\/www.moritz-gebaeudereinigung.de\/sl\/obseg-storitev\/ciscenje-stopnisc-in-pisarn\/","url":"https:\/\/www.moritz-gebaeudereinigung.de\/sl\/obseg-storitev\/ciscenje-stopnisc-in-pisarn\/","name":"Profesionalno vzdr\u017eevalno \u010di\u0161\u010denje brez pogodbenih obveznosti","isPartOf":{"@id":"https:\/\/www.moritz-gebaeudereinigung.de\/sl\/#website"},"primaryImageOfPage":{"@id":"https:\/\/www.moritz-gebaeudereinigung.de\/sl\/obseg-storitev\/ciscenje-stopnisc-in-pisarn\/#primaryimage"},"image":{"@id":"https:\/\/www.moritz-gebaeudereinigung.de\/sl\/obseg-storitev\/ciscenje-stopnisc-in-pisarn\/#primaryimage"},"thumbnailUrl":"https:\/\/www.moritz-gebaeudereinigung.de\/wp-content\/uploads\/leistungen400-1.jpg","datePublished":"2017-06-02T10:16:55+00:00","dateModified":"2024-10-02T08:57:05+00:00","description":"Strokovno vzdr\u017eevalno \u010di\u0161\u010denje zagotavlja potrebno higieno. Ustvarili bomo koncept \u010di\u0161\u010denja, ki vam bo ustrezal.","breadcrumb":{"@id":"https:\/\/www.moritz-gebaeudereinigung.de\/sl\/obseg-storitev\/ciscenje-stopnisc-in-pisarn\/#breadcrumb"},"inLanguage":"sl-SI","potentialAction":[{"@type":"ReadAction","target":["https:\/\/www.moritz-gebaeudereinigung.de\/sl\/obseg-storitev\/ciscenje-stopnisc-in-pisarn\/"]}]},{"@type":"ImageObject","inLanguage":"sl-SI","@id":"https:\/\/www.moritz-gebaeudereinigung.de\/sl\/obseg-storitev\/ciscenje-stopnisc-in-pisarn\/#primaryimage","url":"https:\/\/www.moritz-gebaeudereinigung.de\/wp-content\/uploads\/leistungen400-1.jpg","contentUrl":"https:\/\/www.moritz-gebaeudereinigung.de\/wp-content\/uploads\/leistungen400-1.jpg"},{"@type":"BreadcrumbList","@id":"https:\/\/www.moritz-gebaeudereinigung.de\/sl\/obseg-storitev\/ciscenje-stopnisc-in-pisarn\/#breadcrumb","itemListElement":[{"@type":"ListItem","position":1,"name":"Startseite","item":"https:\/\/www.moritz-gebaeudereinigung.de\/sl\/"},{"@type":"ListItem","position":2,"name":"Obseg storitev","item":"https:\/\/www.moritz-gebaeudereinigung.de\/sl\/?page_id=42893"},{"@type":"ListItem","position":3,"name":"\u010ci\u0161\u010denje stopni\u0161\u010d in pisarn"}]},{"@type":"WebSite","@id":"https:\/\/www.moritz-gebaeudereinigung.de\/sl\/#website","url":"https:\/\/www.moritz-gebaeudereinigung.de\/sl\/","name":"Moritz Geb\u00e4udereinigung","description":"","publisher":{"@id":"https:\/\/www.moritz-gebaeudereinigung.de\/sl\/#organization"},"potentialAction":[{"@type":"SearchAction","target":{"@type":"EntryPoint","urlTemplate":"https:\/\/www.moritz-gebaeudereinigung.de\/sl\/?s={search_term_string}"},"query-input":{"@type":"PropertyValueSpecification","valueRequired":true,"valueName":"search_term_string"}}],"inLanguage":"sl-SI"},{"@type":"Organization","@id":"https:\/\/www.moritz-gebaeudereinigung.de\/sl\/#organization","name":"Moritz Geb\u00e4udereinigung GmbH","url":"https:\/\/www.moritz-gebaeudereinigung.de\/sl\/","logo":{"@type":"ImageObject","inLanguage":"sl-SI","@id":"https:\/\/www.moritz-gebaeudereinigung.de\/sl\/#\/schema\/logo\/image\/","url":"https:\/\/www.moritz-gebaeudereinigung.de\/wp-content\/uploads\/moritz.png","contentUrl":"https:\/\/www.moritz-gebaeudereinigung.de\/wp-content\/uploads\/moritz.png","width":800,"height":210,"caption":"Moritz Geb\u00e4udereinigung GmbH"},"image":{"@id":"https:\/\/www.moritz-gebaeudereinigung.de\/sl\/#\/schema\/logo\/image\/"},"sameAs":["https:\/\/www.facebook.com\/MoritzGebaeudereinigung\/"]}]}},"_links":{"self":[{"href":"https:\/\/www.moritz-gebaeudereinigung.de\/sl\/wp-json\/wp\/v2\/pages\/42970","targetHints":{"allow":["GET"]}}],"collection":[{"href":"https:\/\/www.moritz-gebaeudereinigung.de\/sl\/wp-json\/wp\/v2\/pages"}],"about":[{"href":"https:\/\/www.moritz-gebaeudereinigung.de\/sl\/wp-json\/wp\/v2\/types\/page"}],"author":[{"embeddable":true,"href":"https:\/\/www.moritz-gebaeudereinigung.de\/sl\/wp-json\/wp\/v2\/users\/1"}],"replies":[{"embeddable":true,"href":"https:\/\/www.moritz-gebaeudereinigung.de\/sl\/wp-json\/wp\/v2\/comments?post=42970"}],"version-history":[{"count":0,"href":"https:\/\/www.moritz-gebaeudereinigung.de\/sl\/wp-json\/wp\/v2\/pages\/42970\/revisions"}],"up":[{"embeddable":true,"href":"https:\/\/www.moritz-gebaeudereinigung.de\/sl\/wp-json\/wp\/v2\/pages\/42893"}],"wp:attachment":[{"href":"https:\/\/www.moritz-gebaeudereinigung.de\/sl\/wp-json\/wp\/v2\/media?parent=42970"}],"curies":[{"name":"wp","href":"https:\/\/api.w.org\/{rel}","templated":true}]}}