{"id":42975,"date":"2017-06-01T10:47:39","date_gmt":"2017-06-01T08:47:39","guid":{"rendered":"https:\/\/www.moritz-gebaeudereinigung.de\/gtc\/"},"modified":"2024-10-01T12:31:02","modified_gmt":"2024-10-01T10:31:02","slug":"gtc","status":"publish","type":"page","link":"https:\/\/www.moritz-gebaeudereinigung.de\/sl\/gtc\/","title":{"rendered":"GTC"},"content":{"rendered":"<div class=\"wpb-content-wrapper\"><p>[vc_row][vc_column][vc_empty_space height=&#8221;180px&#8221;][\/vc_column][\/vc_row][vc_row][vc_column][vc_column_text]<\/p>\n<h1>Splo\u0161ni pogoji in dolo\u010dila<\/h1>\n<p>  za zagotavljanje storitev \u010di\u0161\u010denja stavb[\/vc_column_text][vc_btn title=&#8221;AGB kot PDF za prenos&#8221; style=&#8221;classic&#8221; link=&#8221;url:https%3A%2F%2Fwww.moritz-gebaeudereinigung.de%2Fwp-content%2Fuploads%2Fmoritz-agb.pdf|target:%20_blank|&#8221;][\/vc_column][\/vc_row][vc_row][vc_column][vc_column_text]<\/p>\n<h3>\u00a7 1 Splo\u0161no &#8211; Podro\u010dje uporabe<\/h3>\n<ol>\n<li>Pogoji veljajo za vse sedanje in prihodnje poslovne odnose s podjetji v smislu 14. \u010dlena nem\u0161kega civilnega zakonika (BGB), pravnimi osebami javnega prava in posebnimi skladi javnega prava.<\/li>\n<li>Odstopajo\u010di ali dopolnilni splo\u0161ni pogoji postanejo del pogodbe, tudi \u010de so znani, le, \u010de se z njihovo veljavnostjo izrecno strinjate.<\/li>\n<\/ol>\n<h3>\u00a7 2 Vrsta in obseg storitve<\/h3>\n<ol>\n<li>Sporazumi med naro\u010dnikom in izvajalcem so zavezujo\u010di, \u010de naro\u010dnik podpi\u0161e ponudbo\/naro\u010dilo, ki vsebuje te pogoje.<br \/>\nEnako velja, \u010de je naro\u010dnik prejel pisno potrditev naro\u010dila pred za\u010detkom dela. <\/li>\n<li>Storitve se izvajajo, kot je dogovorjeno v ponudbi\/naro\u010dilu.<br \/>\nSpremembe ali dopolnitve naro\u010dila so veljavne le, \u010de sta narava in obseg tak\u0161nih sprememb ali dopolnitev opredeljena pisno ali v izjemnih primerih ustno s strani za to poobla\u0161\u010denih oseb. <\/li>\n<\/ol>\n<h3>\u00a7 3 Prevzem in jamstvo<\/h3>\n<ol>\n<li>V primeru ponavljajo\u010dih se storitev se \u0161teje, da so izvajal\u010deve delovne storitve opravljene in sprejete v skladu z naro\u010dilom, \u010de naro\u010dnik takoj &#8211; najpozneje ob oddaji &#8211; pisno ne ugovarja z navedbo razlogov.<br \/>\n\u010cas, kraj, vrsta in obseg napake morajo biti natan\u010dno opisani. <\/li>\n<li>V primeru enkratnih delovnih storitev (npr. kon\u010dno \u010di\u0161\u010denje stavbe) se prevzem opravi &#8211; po potrebi tudi po delih &#8211; najpozneje v treh dneh po pisnem obvestilu izvajalca o zaklju\u010dku.<br \/>\n\u010ce naro\u010dnik ne ugodi zahtevi za prevzem, se \u0161teje, da je delo prevzeto.<br \/>\n\u010ce se izvajalec ne dr\u017ei roka za prevzem, se \u0161teje, da delo ni bilo prevzeto.  <\/li>\n<li>\u010ce se naro\u010dnik upravi\u010deno prito\u017ei zaradi napak v pogodbeno dogovorjeni storitvi, mora izvajalec te napake odpraviti.<br \/>\nZa napake in po\u0161kodbe, ki jih je mogo\u010de pripisati dejstvu, da naro\u010dnik izvajalcu ni posredoval pomembnih podatkov o vrsti in stanju povr\u0161in in predmetov, ki jih je treba o\u010distiti, se ne jam\u010di.<br \/>\nEnako velja, \u010de naro\u010dnik ne sprejme zadostnih previdnostnih ukrepov za zagotovitev dostopnosti ali dosegljivosti povr\u0161in, ki jih je treba o\u010distiti.  <\/li>\n<li>\u010ce napake ni mogo\u010de odpraviti ali \u010de od naro\u010dnika ni mogo\u010de razumno pri\u010dakovati, da bo \u0161e naprej posku\u0161al odpraviti napako, lahko naro\u010dnik namesto odprave napake zahteva zmanj\u0161anje pla\u010dila (abatement) ali prekine pogodbo.<br \/>\nV primeru le manj\u0161e kr\u0161itve pogodbe, zlasti v primeru le manj\u0161ih napak, naro\u010dnik ni upravi\u010den do prekinitve pogodbe. <\/li>\n<li>Od\u0161kodnino za \u0161kodo je mogo\u010de zahtevati le v primeru naklepa in hude malomarnosti.<br \/>\nObveznost pla\u010dila od\u0161kodnine je omejena na predvidljivo \u0161kodo, zna\u010dilno za pogodbo.<br \/>\nV primeru enkratnih storitev je od\u0161kodnina omejena na znesek dogovorjenega pla\u010dila za delo, v primeru ponavljajo\u010dih se storitev pa na dvomese\u010dno pla\u010dilo.  <\/li>\n<li>Garancijski rok je 12 mesecev.<\/li>\n<\/ol>\n<h3>\u00a7 4 Merjenje<\/h3>\n<ol>\n<li>Meritve, na podlagi katerih se izdajajo ra\u010duni, je treba dolo\u010diti v skladu s smernicami za oddajo naro\u010dil in izdajanje ra\u010dunov, ki jih je izdal Zvezni ceh \u010distilcev stavb (Bundesinnungsverband des Geb\u00e4udereinigerhandwerks).<\/li>\n<li>\u010ce stranka takoj ne ugovarja dolo\u010ditvi, se \u0161teje, da so dimenzije priznane.<\/li>\n<li>\u010ce pogodbena stranka ugotovi, da so meritve, ki so bile uporabljene kot podlaga, napa\u010dne, se nove meritve, ki jih skupaj dolo\u010dita naro\u010dnik in izvajalec, uporabljajo samo za prihodnje ra\u010dune.<br \/>\nPovra\u010dila ali dodatni zahtevki za preteklost so izklju\u010deni. <\/li>\n<\/ol>\n<h3>\u00a7 5 Cene<\/h3>\n<ol>\n<li>Cene, navedene v ponudbi, se nana\u0161ajo na kolektivno pogodbo in zakonske dolo\u010dbe, zlasti dolo\u010dbe o socialni varnosti in davkih, ki veljajo v \u010dasu predlo\u017eitve ponudbe.<br \/>\n\u010ce se ti spremenijo, se ustrezno spremenijo tudi cene.<br \/>\nNavedene cene so neto cene in ne vklju\u010dujejo ustreznega zakonsko dolo\u010denega DDV.  <\/li>\n<\/ol>\n<h3>\u00a7 6 Zadr\u017eevanje var\u0161\u010dine<\/h3>\n<ol>\n<li>Naro\u010dnikova pravica do zadr\u017eanja zneskov var\u0161\u010dine za dokon\u010danje pogodbenih storitev ali kakr\u0161nih koli garancijskih zahtevkov je izklju\u010dena.<\/li>\n<\/ol>\n<h3>\u00a7 7 Odgovornost<\/h3>\n<ol>\n<li>Izvajalec je odgovoren za \u0161kodo, ki jo je mogo\u010de dokazano pripisati ukrepom \u010di\u0161\u010denja v okviru zavarovanja odgovornosti, ki ga je sklenil.<br \/>\nNa zahtevo naro\u010dnika mora izvajalec naro\u010dniku predlo\u017eiti posebno dokazilo o zavarovanju.<br \/>\nOdgovornost preneha za \u0161kodo, ki ni takoj prijavljena izvajalcu.  <\/li>\n<li>V primeru po\u0161kodbe \u017eivljenja, telesa ali zdravja se uporabljajo zakonske dolo\u010dbe.<\/li>\n<\/ol>\n<h3>\u00a7 8 Pla\u010dilni pogoji<\/h3>\n<ol>\n<li>Ra\u010duni so pla\u010dljivi neto brez odbitkov v 7 dneh po prejemu.<br \/>\nPopusti se ne priznajo. <\/li>\n<li>Mese\u010dne pav\u0161alne zneske je treba pla\u010dati najpozneje zadnji dan teko\u010dega meseca.<\/li>\n<li>\u010ce je pla\u010dilni rok prekora\u010den, se zara\u010dunajo zamudne obresti v vi\u0161ini 8 % nad veljavno osnovno obrestno mero v skladu s \u010dlenom 247 BGB.<br \/>\nPridr\u017eujemo si pravico do uveljavljanja nadaljnjih od\u0161kodninskih zahtevkov za \u0161kodo, nastalo zaradi zamude. <\/li>\n<\/ol>\n<h3>\u00a7 9 Kraj pristojnosti<\/h3>\n<ol>\n<li>Izklju\u010dna pristojnost je na sede\u017eu izvajalca.<\/li>\n<\/ol>\n<h3>\u00a7 10 Shranjevanje podatkov<\/h3>\n<ol>\n<li>Opozoriti je treba, da se podatki, potrebni za poslovne namene, shranjujejo in upravljajo v ra\u010dunalni\u0161ki obliki v obsegu, ki ga dovoljuje Zvezni zakon o varstvu podatkov (26. \u010dlen BDSG).<\/li>\n<\/ol>\n<h3>\u00a7 11 Delna invalidnost<\/h3>\n<ol>\n<li>\u010ce so posamezni deli neveljavni, to ne vpliva na veljavnost preostalih dolo\u010db.<br \/>\nNeveljavna dolo\u010dba se nadomesti z dolo\u010dbo, ki se v pravnem in ekonomskem smislu \u010dim bolj pribli\u017ea namenu prvotne dolo\u010dbe. <\/li>\n<\/ol>\n<p>[\/vc_column_text][\/vc_column][\/vc_row][vc_row][vc_column][vc_empty_space height=&#8221;64px&#8221;][\/vc_column][\/vc_row]<\/p>\n<\/div>","protected":false},"excerpt":{"rendered":"<p>[vc_row][vc_column][vc_empty_space height=&#8221;180px&#8221;][\/vc_column][\/vc_row][vc_row][vc_column][vc_column_text] Splo\u0161ni pogoji in dolo\u010dila za zagotavljanje storitev \u010di\u0161\u010denja stavb[\/vc_column_text][vc_btn title=&#8221;AGB kot PDF za prenos&#8221; style=&#8221;classic&#8221; link=&#8221;url:https%3A%2F%2Fwww.moritz-gebaeudereinigung.de%2Fwp-content%2Fuploads%2Fmoritz-agb.pdf|target:%20_blank|&#8221;][\/vc_column][\/vc_row][vc_row][vc_column][vc_column_text] \u00a7 1 Splo\u0161no &#8211; Podro\u010dje uporabe Pogoji veljajo za vse sedanje in prihodnje poslovne odnose s podjetji v smislu 14. \u010dlena nem\u0161kega civilnega zakonika (BGB), pravnimi osebami javnega prava in posebnimi skladi javnega prava. Odstopajo\u010di ali dopolnilni [&hellip;]<\/p>\n","protected":false},"author":1,"featured_media":0,"parent":0,"menu_order":0,"comment_status":"closed","ping_status":"closed","template":"","meta":{"footnotes":""},"class_list":["post-42975","page","type-page","status-publish","hentry"],"yoast_head":"<!-- This site is optimized with the Yoast SEO plugin v27.5 - https:\/\/yoast.com\/product\/yoast-seo-wordpress\/ -->\n<title>Splo\u0161ni pogoji poslovanja podjetja Moritz Geb\u00e4udereinigung, Remscheid<\/title>\n<meta name=\"description\" content=\"Splo\u0161ni pogoji za opravljanje storitev \u010di\u0161\u010denja stavb. Na voljo tudi za prenos v obliki PDF.\" \/>\n<meta name=\"robots\" content=\"index, follow, max-snippet:-1, max-image-preview:large, max-video-preview:-1\" \/>\n<link rel=\"canonical\" href=\"https:\/\/www.moritz-gebaeudereinigung.de\/sl\/gtc\/\" \/>\n<meta property=\"og:locale\" content=\"sl_SI\" \/>\n<meta property=\"og:type\" content=\"article\" \/>\n<meta property=\"og:title\" content=\"Splo\u0161ni pogoji poslovanja podjetja Moritz Geb\u00e4udereinigung, Remscheid\" \/>\n<meta property=\"og:description\" content=\"Splo\u0161ni pogoji za opravljanje storitev \u010di\u0161\u010denja stavb. Na voljo tudi za prenos v obliki PDF.\" \/>\n<meta property=\"og:url\" content=\"https:\/\/www.moritz-gebaeudereinigung.de\/sl\/gtc\/\" \/>\n<meta property=\"og:site_name\" content=\"Moritz Geb\u00e4udereinigung\" \/>\n<meta property=\"article:publisher\" content=\"https:\/\/www.facebook.com\/MoritzGebaeudereinigung\/\" \/>\n<meta property=\"article:modified_time\" content=\"2024-10-01T10:31:02+00:00\" \/>\n<meta name=\"twitter:card\" content=\"summary_large_image\" \/>\n<meta name=\"twitter:label1\" content=\"Est. reading time\" \/>\n\t<meta name=\"twitter:data1\" content=\"5 minut\" \/>\n<script type=\"application\/ld+json\" class=\"yoast-schema-graph\">{\"@context\":\"https:\\\/\\\/schema.org\",\"@graph\":[{\"@type\":\"WebPage\",\"@id\":\"https:\\\/\\\/www.moritz-gebaeudereinigung.de\\\/sl\\\/gtc\\\/\",\"url\":\"https:\\\/\\\/www.moritz-gebaeudereinigung.de\\\/sl\\\/gtc\\\/\",\"name\":\"Splo\u0161ni pogoji poslovanja podjetja Moritz Geb\u00e4udereinigung, Remscheid\",\"isPartOf\":{\"@id\":\"https:\\\/\\\/www.moritz-gebaeudereinigung.de\\\/sl\\\/#website\"},\"datePublished\":\"2017-06-01T08:47:39+00:00\",\"dateModified\":\"2024-10-01T10:31:02+00:00\",\"description\":\"Splo\u0161ni pogoji za opravljanje storitev \u010di\u0161\u010denja stavb. Na voljo tudi za prenos v obliki PDF.\",\"breadcrumb\":{\"@id\":\"https:\\\/\\\/www.moritz-gebaeudereinigung.de\\\/sl\\\/gtc\\\/#breadcrumb\"},\"inLanguage\":\"sl-SI\",\"potentialAction\":[{\"@type\":\"ReadAction\",\"target\":[\"https:\\\/\\\/www.moritz-gebaeudereinigung.de\\\/sl\\\/gtc\\\/\"]}]},{\"@type\":\"BreadcrumbList\",\"@id\":\"https:\\\/\\\/www.moritz-gebaeudereinigung.de\\\/sl\\\/gtc\\\/#breadcrumb\",\"itemListElement\":[{\"@type\":\"ListItem\",\"position\":1,\"name\":\"Startseite\",\"item\":\"https:\\\/\\\/www.moritz-gebaeudereinigung.de\\\/sl\\\/\"},{\"@type\":\"ListItem\",\"position\":2,\"name\":\"GTC\"}]},{\"@type\":\"WebSite\",\"@id\":\"https:\\\/\\\/www.moritz-gebaeudereinigung.de\\\/sl\\\/#website\",\"url\":\"https:\\\/\\\/www.moritz-gebaeudereinigung.de\\\/sl\\\/\",\"name\":\"Moritz Geb\u00e4udereinigung\",\"description\":\"\",\"publisher\":{\"@id\":\"https:\\\/\\\/www.moritz-gebaeudereinigung.de\\\/sl\\\/#organization\"},\"potentialAction\":[{\"@type\":\"SearchAction\",\"target\":{\"@type\":\"EntryPoint\",\"urlTemplate\":\"https:\\\/\\\/www.moritz-gebaeudereinigung.de\\\/sl\\\/?s={search_term_string}\"},\"query-input\":{\"@type\":\"PropertyValueSpecification\",\"valueRequired\":true,\"valueName\":\"search_term_string\"}}],\"inLanguage\":\"sl-SI\"},{\"@type\":\"Organization\",\"@id\":\"https:\\\/\\\/www.moritz-gebaeudereinigung.de\\\/sl\\\/#organization\",\"name\":\"Moritz Geb\u00e4udereinigung GmbH\",\"url\":\"https:\\\/\\\/www.moritz-gebaeudereinigung.de\\\/sl\\\/\",\"logo\":{\"@type\":\"ImageObject\",\"inLanguage\":\"sl-SI\",\"@id\":\"https:\\\/\\\/www.moritz-gebaeudereinigung.de\\\/sl\\\/#\\\/schema\\\/logo\\\/image\\\/\",\"url\":\"https:\\\/\\\/www.moritz-gebaeudereinigung.de\\\/wp-content\\\/uploads\\\/moritz.png\",\"contentUrl\":\"https:\\\/\\\/www.moritz-gebaeudereinigung.de\\\/wp-content\\\/uploads\\\/moritz.png\",\"width\":800,\"height\":210,\"caption\":\"Moritz Geb\u00e4udereinigung GmbH\"},\"image\":{\"@id\":\"https:\\\/\\\/www.moritz-gebaeudereinigung.de\\\/sl\\\/#\\\/schema\\\/logo\\\/image\\\/\"},\"sameAs\":[\"https:\\\/\\\/www.facebook.com\\\/MoritzGebaeudereinigung\\\/\"]}]}<\/script>\n<!-- \/ Yoast SEO plugin. -->","yoast_head_json":{"title":"Splo\u0161ni pogoji poslovanja podjetja Moritz Geb\u00e4udereinigung, Remscheid","description":"Splo\u0161ni pogoji za opravljanje storitev \u010di\u0161\u010denja stavb. Na voljo tudi za prenos v obliki PDF.","robots":{"index":"index","follow":"follow","max-snippet":"max-snippet:-1","max-image-preview":"max-image-preview:large","max-video-preview":"max-video-preview:-1"},"canonical":"https:\/\/www.moritz-gebaeudereinigung.de\/sl\/gtc\/","og_locale":"sl_SI","og_type":"article","og_title":"Splo\u0161ni pogoji poslovanja podjetja Moritz Geb\u00e4udereinigung, Remscheid","og_description":"Splo\u0161ni pogoji za opravljanje storitev \u010di\u0161\u010denja stavb. Na voljo tudi za prenos v obliki PDF.","og_url":"https:\/\/www.moritz-gebaeudereinigung.de\/sl\/gtc\/","og_site_name":"Moritz Geb\u00e4udereinigung","article_publisher":"https:\/\/www.facebook.com\/MoritzGebaeudereinigung\/","article_modified_time":"2024-10-01T10:31:02+00:00","twitter_card":"summary_large_image","twitter_misc":{"Est. reading time":"5 minut"},"schema":{"@context":"https:\/\/schema.org","@graph":[{"@type":"WebPage","@id":"https:\/\/www.moritz-gebaeudereinigung.de\/sl\/gtc\/","url":"https:\/\/www.moritz-gebaeudereinigung.de\/sl\/gtc\/","name":"Splo\u0161ni pogoji poslovanja podjetja Moritz Geb\u00e4udereinigung, Remscheid","isPartOf":{"@id":"https:\/\/www.moritz-gebaeudereinigung.de\/sl\/#website"},"datePublished":"2017-06-01T08:47:39+00:00","dateModified":"2024-10-01T10:31:02+00:00","description":"Splo\u0161ni pogoji za opravljanje storitev \u010di\u0161\u010denja stavb. Na voljo tudi za prenos v obliki PDF.","breadcrumb":{"@id":"https:\/\/www.moritz-gebaeudereinigung.de\/sl\/gtc\/#breadcrumb"},"inLanguage":"sl-SI","potentialAction":[{"@type":"ReadAction","target":["https:\/\/www.moritz-gebaeudereinigung.de\/sl\/gtc\/"]}]},{"@type":"BreadcrumbList","@id":"https:\/\/www.moritz-gebaeudereinigung.de\/sl\/gtc\/#breadcrumb","itemListElement":[{"@type":"ListItem","position":1,"name":"Startseite","item":"https:\/\/www.moritz-gebaeudereinigung.de\/sl\/"},{"@type":"ListItem","position":2,"name":"GTC"}]},{"@type":"WebSite","@id":"https:\/\/www.moritz-gebaeudereinigung.de\/sl\/#website","url":"https:\/\/www.moritz-gebaeudereinigung.de\/sl\/","name":"Moritz Geb\u00e4udereinigung","description":"","publisher":{"@id":"https:\/\/www.moritz-gebaeudereinigung.de\/sl\/#organization"},"potentialAction":[{"@type":"SearchAction","target":{"@type":"EntryPoint","urlTemplate":"https:\/\/www.moritz-gebaeudereinigung.de\/sl\/?s={search_term_string}"},"query-input":{"@type":"PropertyValueSpecification","valueRequired":true,"valueName":"search_term_string"}}],"inLanguage":"sl-SI"},{"@type":"Organization","@id":"https:\/\/www.moritz-gebaeudereinigung.de\/sl\/#organization","name":"Moritz Geb\u00e4udereinigung GmbH","url":"https:\/\/www.moritz-gebaeudereinigung.de\/sl\/","logo":{"@type":"ImageObject","inLanguage":"sl-SI","@id":"https:\/\/www.moritz-gebaeudereinigung.de\/sl\/#\/schema\/logo\/image\/","url":"https:\/\/www.moritz-gebaeudereinigung.de\/wp-content\/uploads\/moritz.png","contentUrl":"https:\/\/www.moritz-gebaeudereinigung.de\/wp-content\/uploads\/moritz.png","width":800,"height":210,"caption":"Moritz Geb\u00e4udereinigung GmbH"},"image":{"@id":"https:\/\/www.moritz-gebaeudereinigung.de\/sl\/#\/schema\/logo\/image\/"},"sameAs":["https:\/\/www.facebook.com\/MoritzGebaeudereinigung\/"]}]}},"_links":{"self":[{"href":"https:\/\/www.moritz-gebaeudereinigung.de\/sl\/wp-json\/wp\/v2\/pages\/42975","targetHints":{"allow":["GET"]}}],"collection":[{"href":"https:\/\/www.moritz-gebaeudereinigung.de\/sl\/wp-json\/wp\/v2\/pages"}],"about":[{"href":"https:\/\/www.moritz-gebaeudereinigung.de\/sl\/wp-json\/wp\/v2\/types\/page"}],"author":[{"embeddable":true,"href":"https:\/\/www.moritz-gebaeudereinigung.de\/sl\/wp-json\/wp\/v2\/users\/1"}],"replies":[{"embeddable":true,"href":"https:\/\/www.moritz-gebaeudereinigung.de\/sl\/wp-json\/wp\/v2\/comments?post=42975"}],"version-history":[{"count":0,"href":"https:\/\/www.moritz-gebaeudereinigung.de\/sl\/wp-json\/wp\/v2\/pages\/42975\/revisions"}],"wp:attachment":[{"href":"https:\/\/www.moritz-gebaeudereinigung.de\/sl\/wp-json\/wp\/v2\/media?parent=42975"}],"curies":[{"name":"wp","href":"https:\/\/api.w.org\/{rel}","templated":true}]}}